{"id":988,"date":"2022-04-29T18:47:05","date_gmt":"2022-04-29T16:47:05","guid":{"rendered":"https:\/\/carrx-distribution.com\/?post_type=product&#038;p=988"},"modified":"2025-01-01T00:10:06","modified_gmt":"2024-12-31T23:10:06","slug":"nettoyant-cuir-auto-moto-bateau","status":"publish","type":"product","link":"https:\/\/carrx-distribution.com\/fr\/produit\/nettoyant-cuir-auto-moto-bateau\/","title":{"rendered":"Nettoyant liquide pour le cuir"},"content":{"rendered":"<div class=\"wpb-content-wrapper\"><p>[vc_row][vc_column][vc_column_text]Le <strong>nettoyant cuir de voiture<\/strong> <strong>est le produit d\u2019entretien parfait<\/strong>. La long\u00e9vit\u00e9 du cuir d\u00e9pend essentiellement de l\u2019attention que vous lui portez au travers de son entretien. Entretien qui se doit d\u2019\u00eatre r\u00e9gulier, car en effet, si vous le d\u00e9laissez, il se verra soumis aux divers effets agressifs et r\u00e9currents tels que les frottements, les tensions ultraviolettes, et \u00e0 terme perdra de son \u00e9clat, se patinera et deviendra de fait plus fragile. Un\u00a0<a href=\"https:\/\/carrx-distribution.com\/categorie-produit\/nettoyage-cuir\/\">nettoyage du cuir<\/a>\u00a0permet de palier \u00e0 ses inconv\u00e9nients, pour certains irr\u00e9versibles, et ce, dans le cadre d\u2019un\u00a0<strong>process d\u2019entretien r\u00e9gulier\u00a0<\/strong>et pr\u00e9ventif de tous vos supports en cuir.\u00a0<strong>Le nettoyant cuir de voiture ou savon liquide 250 mL &#8211; 1 L<\/strong>\u00a0de la gamme\u00a0<strong>Carr<span style=\"color: #c40e1a\">X<\/span>\u00a0<\/strong>a ainsi \u00e9t\u00e9 con\u00e7u pour mettre \u00e0 votre disposition une efficacit\u00e9 redoutable d\u00e9di\u00e9e au nettoyage du cuir, et ce, sans ajout de solution solvant\u00e9e, au caract\u00e8re souvent abrasif pour ce type de mati\u00e8re.<\/p>\n<p>Tous les cuirs sont concern\u00e9s par nos recommandations. En effet, quelle que soit leur couleur (noir, beige, blanc ou marron), les cuirs se salissent naturellement. Etant une mati\u00e8re vivante, le cuir va s\u2019impr\u00e9gner et absorber tous les agents avec lesquels il peut entrer en contact. C\u2019est pourquoi une application du nettoyant de cuir de voiture r\u00e9current est si primordial.<\/p>\n<h3>Conseil d\u2019utilisation<\/h3>\n<p>Voici nos conseils pour utiliser notre\u00a0nettoyant cuir de voiture <strong>Carr<span style=\"color: #c40e1a\">X <\/span><\/strong>:<\/p>\n<ul>\n<li>Appliquer en plusieurs pulv\u00e9risations sur la zone \u00e0 nettoyer \u00e0 l\u2019aide du spray Carr<span style=\"color: #c40e1a\">X<\/span> le nettoyant pour cuir de voiture,<\/li>\n<li><strong>Nettoyer \u00e0 l\u2019aide d\u2019une brosse \u00e0 poils durs<\/strong> en veillant \u00e0 ce qu\u2019il y ait toujours du savon liquide entre celle-ci et la mati\u00e8re, effectuer des gestes doux et de pr\u00e9f\u00e9rence circulaires pour nettoyer chaque recoin et plissure de votre objet,<\/li>\n<li><strong>Essuyer le r\u00e9sidu<\/strong> de l\u2019op\u00e9ration avec un chiffon blanc en coton pour \u00e9viter qu\u2019une partie de l\u2019eau savonneuse sale ne s\u00e8che sur votre mati\u00e8re,<\/li>\n<li><strong>Recommencer jusqu\u2019\u00e0 nettoyage complet<\/strong> de la zone trait\u00e9e,<\/li>\n<\/ul>\n<p>Appliquer \u00e9ventuellement une couche de <a href=\"https:\/\/carrx-distribution.com\/produit\/creme-cuir-voiture-250ml\/\">cr\u00e8me nourrissante<\/a> apr\u00e8s nettoyage pour obtenir un cuir souple et r\u00e9sistant.<\/p>\n<p>Disponible seul ou en lot de 6 en format 1 litre et 250 millilitres.[\/vc_column_text][\/vc_column][\/vc_row]<\/p>\n<\/div>","protected":false},"excerpt":{"rendered":"<div id=\"featurebullets_feature_div\" class=\"celwidget\" data-feature-name=\"featurebullets\" data-csa-c-type=\"widget\" data-csa-c-content-id=\"featurebullets\" data-csa-c-slot-id=\"featurebullets_feature_div\" data-csa-c-asin=\"B08WPDFSVM\" data-csa-c-is-in-initial-active-row=\"false\" data-csa-c-id=\"qjxlwo-8as458-qk3w77-7vhvwc\" data-cel-widget=\"featurebullets_feature_div\">\n<div id=\"feature-bullets\" class=\"a-section a-spacing-medium a-spacing-top-small\"><\/div>\n<\/div>\n<div id=\"provenanceCertifications_feature_div\" class=\"celwidget\" data-feature-name=\"provenanceCertifications\" data-csa-c-type=\"widget\" data-csa-c-content-id=\"provenanceCertifications\" data-csa-c-slot-id=\"provenanceCertifications_feature_div\" data-csa-c-asin=\"B08WPDFSVM\" data-csa-c-is-in-initial-active-row=\"false\" data-csa-c-id=\"odotuv-4dg2o8-7vgdca-5x4ohf\" data-cel-widget=\"provenanceCertifications_feature_div\">\n<div id=\"featurebullets_feature_div\" class=\"celwidget\" data-feature-name=\"featurebullets\" data-csa-c-type=\"widget\" data-csa-c-content-id=\"featurebullets\" data-csa-c-slot-id=\"featurebullets_feature_div\" data-csa-c-asin=\"B08WPDFSVM\" data-csa-c-is-in-initial-active-row=\"false\" data-csa-c-id=\"qjxlwo-8as458-qk3w77-7vhvwc\" data-cel-widget=\"featurebullets_feature_div\">\n<div id=\"feature-bullets\" class=\"a-section a-spacing-medium a-spacing-top-small\">\n<ul class=\"a-unordered-list a-vertical a-spacing-mini\">\n<li class=\"a-spacing-mini\"><span class=\"a-list-item\">Nettoie le cuir sans le d\u00e9caper<\/span><\/li>\n<li class=\"a-spacing-mini\"><span class=\"a-list-item\">Facile d&rsquo;utilisation gr\u00e2ce \u00e0 son bec verseur refermable<\/span><\/li>\n<li class=\"a-spacing-mini\"><span class=\"a-list-item\">Formule issue des m\u00e9tiers de la tannerie<\/span><\/li>\n<li class=\"a-spacing-mini\"><span class=\"a-list-item\">Garantit un nettoyage optimal de vos cuirs auto moto et bateau<\/span><\/li>\n<li class=\"a-spacing-mini\"><span class=\"a-list-item\">100% Naturel sans ajout de solution solvant\u00e9e<\/span><\/li>\n<li class=\"a-spacing-mini\"><span class=\"a-list-item\">la qualit\u00e9 professionnelle au service de vos cuirs<\/span><\/li>\n<\/ul>\n<\/div>\n<\/div>\n<div id=\"buyingOptionNostosBadge_feature_div\" class=\"celwidget\" data-feature-name=\"buyingOptionNostosBadge\" data-csa-c-type=\"widget\" data-csa-c-content-id=\"buyingOptionNostosBadge\" data-csa-c-slot-id=\"buyingOptionNostosBadge_feature_div\" data-csa-c-asin=\"B08WPDFSVM\" data-csa-c-is-in-initial-active-row=\"false\" data-csa-c-id=\"lksdt3-kzkpck-6vjuf8-6u4m7e\" data-cel-widget=\"buyingOptionNostosBadge_feature_div\"><\/div>\n<\/div>\n<div id=\"handmadeArtisanCard_feature_div\" class=\"celwidget\" data-feature-name=\"handmadeArtisanCard\" data-csa-c-type=\"widget\" data-csa-c-content-id=\"handmadeArtisanCard\" data-csa-c-slot-id=\"handmadeArtisanCard_feature_div\" data-csa-c-asin=\"B08WPDFSVM\" data-csa-c-is-in-initial-active-row=\"false\" data-csa-c-id=\"tvnkp-y06rx7-thsht0-4m6nsv\" data-cel-widget=\"handmadeArtisanCard_feature_div\"><\/div>\n<div id=\"customerReviewsAttributeNoExceptions_feature_div\" class=\"celwidget\" data-feature-name=\"customerReviewsAttributeNoExceptions\" data-csa-c-type=\"widget\" data-csa-c-content-id=\"customerReviewsAttributeNoExceptions\" data-csa-c-slot-id=\"customerReviewsAttributeNoExceptions_feature_div\" data-csa-c-asin=\"B08WPDFSVM\" data-csa-c-is-in-initial-active-row=\"false\" data-csa-c-id=\"hhl7yl-5y77gs-f9qcsa-mvq68v\" data-cel-widget=\"customerReviewsAttributeNoExceptions_feature_div\"><\/div>\n<div id=\"globalStoreInfoBullets_feature_div\" class=\"celwidget\" data-feature-name=\"globalStoreInfoBullets\" data-csa-c-type=\"widget\" data-csa-c-content-id=\"globalStoreInfoBullets\" data-csa-c-slot-id=\"globalStoreInfoBullets_feature_div\" data-csa-c-asin=\"B08WPDFSVM\" data-csa-c-is-in-initial-active-row=\"false\" data-csa-c-id=\"dri8ix-h9myt7-9m52l7-unf21l\" data-cel-widget=\"globalStoreInfoBullets_feature_div\"><\/div>\n<div id=\"addOnItem_feature_div\" class=\"celwidget\" data-feature-name=\"addOnItem\" data-csa-c-type=\"widget\" data-csa-c-content-id=\"addOnItem\" data-csa-c-slot-id=\"addOnItem_feature_div\" data-csa-c-asin=\"B08WPDFSVM\" data-csa-c-is-in-initial-active-row=\"false\" data-csa-c-id=\"akbw30-wl8kvn-pjhksz-4okb66\" data-cel-widget=\"addOnItem_feature_div\"><\/div>\n<div id=\"andonCord_feature_div\" class=\"celwidget\" data-feature-name=\"andonCord\" data-csa-c-type=\"widget\" data-csa-c-content-id=\"andonCord\" data-csa-c-slot-id=\"andonCord_feature_div\" data-csa-c-asin=\"B08WPDFSVM\" data-csa-c-is-in-initial-active-row=\"false\" data-csa-c-id=\"jimtbg-h4a3md-vwk5q-xi9d3i\" data-cel-widget=\"andonCord_feature_div\"><\/div>\n<div id=\"whiteGloveMessage_feature_div\" class=\"celwidget\" data-feature-name=\"whiteGloveMessage\" data-csa-c-type=\"widget\" data-csa-c-content-id=\"whiteGloveMessage\" data-csa-c-slot-id=\"whiteGloveMessage_feature_div\" data-csa-c-asin=\"B08WPDFSVM\" data-csa-c-is-in-initial-active-row=\"false\" data-csa-c-id=\"ybdhq-c8h26q-59t30o-c8ziug\" data-cel-widget=\"whiteGloveMessage_feature_div\"><\/div>\n<div id=\"HLCXComparisonJumplink_feature_div\"><\/div>\n<div id=\"buyingOptionNostosBadge_feature_div\" class=\"celwidget\" data-feature-name=\"buyingOptionNostosBadge\" data-csa-c-type=\"widget\" data-csa-c-content-id=\"buyingOptionNostosBadge\" data-csa-c-slot-id=\"buyingOptionNostosBadge_feature_div\" data-csa-c-asin=\"B08WPDFSVM\" data-csa-c-is-in-initial-active-row=\"false\" data-csa-c-id=\"lksdt3-kzkpck-6vjuf8-6u4m7e\" data-cel-widget=\"buyingOptionNostosBadge_feature_div\"><\/div>\n<div id=\"tellAmazon_feature_div\" class=\"celwidget\" data-feature-name=\"tellAmazon\" data-csa-c-type=\"widget\" data-csa-c-content-id=\"tellAmazon\" data-csa-c-slot-id=\"tellAmazon_feature_div\" data-csa-c-asin=\"B08WPDFSVM\" data-csa-c-is-in-initial-active-row=\"false\" data-csa-c-id=\"4wtzc3-8ajidx-of8vxk-momh47\" data-cel-widget=\"tellAmazon_feature_div\">\n<div class=\"celwidget c-f\" data-csa-op-log-render=\"\" data-csa-c-content-id=\"DsUnknown\" data-csa-c-slot-id=\"DsUnknown-1\" data-csa-c-type=\"widget\" data-csa-c-painter=\"tell-amazon-desktop-cards\" data-csa-c-id=\"lbn34b-3cvra7-dq9m91-bz1e0e\" data-cel-widget=\"tell-amazon-desktop_DetailPage_0\">\n<div id=\"CardInstanceq-6UJePSNl3vQVoE0rYV1w\" data-card-metrics-id=\"tell-amazon-desktop_DetailPage_0\" data-acp-tracking=\"{}\" data-mix-claimed=\"true\">\n<div class=\"_tell-amazon-desktop_style_tell_amazon_div__1YDZk\" data-asin=\"B08WPDFSVM\" data-marketplace=\"A13V1IB3VIYZZH\"><\/div>\n<\/div>\n<\/div>\n<\/div>\n","protected":false},"featured_media":40605,"comment_status":"open","ping_status":"closed","template":"","meta":[],"product_cat":[469],"product_tag":[509],"class_list":{"0":"post-988","1":"product","2":"type-product","3":"status-publish","4":"has-post-thumbnail","6":"product_cat-nettoyage-cuir","7":"product_tag-nettoyant-liquide-pour-le-cuir-auto-moto-bateau","8":"description-off","10":"first","11":"instock","12":"featured","13":"taxable","14":"shipping-taxable","15":"purchasable","16":"product-type-variable","17":"has-default-attributes"},"yoast_head":"<!-- This site is optimized with the Yoast SEO plugin v24.2 - https:\/\/yoast.com\/wordpress\/plugins\/seo\/ -->\n<title>Nettoyant cuir auto, moto bateau\u2026 \u2013 CarrX<\/title>\n<meta name=\"description\" content=\"Gr\u00e2ce \u00e0 sa formule de qualit\u00e9 professionnelle, offrez \u00e0 vos cuirs une exp\u00e9rience de nettoyage exceptionnelle avec le pouvoir ultime du nettoyant pour cuirs CarrX.\" \/>\n<meta name=\"robots\" content=\"index, follow, max-snippet:-1, max-image-preview:large, max-video-preview:-1\" \/>\n<link rel=\"canonical\" href=\"https:\/\/carrx-distribution.com\/fr\/produit\/nettoyant-cuir-auto-moto-bateau\/\" \/>\n<meta property=\"og:locale\" content=\"fr_FR\" \/>\n<meta property=\"og:type\" content=\"article\" \/>\n<meta property=\"og:title\" content=\"Nettoyant cuir auto, moto bateau\u2026 \u2013 CarrX\" \/>\n<meta property=\"og:description\" content=\"Gr\u00e2ce \u00e0 sa formule de qualit\u00e9 professionnelle, offrez \u00e0 vos cuirs une exp\u00e9rience de nettoyage exceptionnelle avec le pouvoir ultime du nettoyant pour cuirs CarrX.\" \/>\n<meta property=\"og:url\" content=\"https:\/\/carrx-distribution.com\/fr\/produit\/nettoyant-cuir-auto-moto-bateau\/\" \/>\n<meta property=\"og:site_name\" content=\"CarrX\" \/>\n<meta property=\"article:modified_time\" content=\"2024-12-31T23:10:06+00:00\" \/>\n<meta property=\"og:image\" content=\"https:\/\/carrx-distribution.com\/wp-content\/uploads\/2022\/04\/Nettoyant-cuir-250ML.jpg\" \/>\n\t<meta property=\"og:image:width\" content=\"1000\" \/>\n\t<meta property=\"og:image:height\" content=\"1000\" \/>\n\t<meta property=\"og:image:type\" content=\"image\/jpeg\" \/>\n<meta name=\"twitter:card\" content=\"summary_large_image\" \/>\n<meta name=\"twitter:label1\" content=\"Dur\u00e9e de lecture estim\u00e9e\" \/>\n\t<meta name=\"twitter:data1\" content=\"2 minutes\" \/>\n<script type=\"application\/ld+json\" class=\"yoast-schema-graph\">{\"@context\":\"https:\/\/schema.org\",\"@graph\":[{\"@type\":\"WebPage\",\"@id\":\"https:\/\/carrx-distribution.com\/fr\/produit\/nettoyant-cuir-auto-moto-bateau\/\",\"url\":\"https:\/\/carrx-distribution.com\/fr\/produit\/nettoyant-cuir-auto-moto-bateau\/\",\"name\":\"Nettoyant cuir auto, moto bateau\u2026 \u2013 CarrX\",\"isPartOf\":{\"@id\":\"https:\/\/carrx-distribution.com\/fr\/#website\"},\"primaryImageOfPage\":{\"@id\":\"https:\/\/carrx-distribution.com\/fr\/produit\/nettoyant-cuir-auto-moto-bateau\/#primaryimage\"},\"image\":{\"@id\":\"https:\/\/carrx-distribution.com\/fr\/produit\/nettoyant-cuir-auto-moto-bateau\/#primaryimage\"},\"thumbnailUrl\":\"https:\/\/carrx-distribution.com\/wp-content\/uploads\/2022\/04\/Nettoyant-cuir-250ML.jpg\",\"datePublished\":\"2022-04-29T16:47:05+00:00\",\"dateModified\":\"2024-12-31T23:10:06+00:00\",\"description\":\"Gr\u00e2ce \u00e0 sa formule de qualit\u00e9 professionnelle, offrez \u00e0 vos cuirs une exp\u00e9rience de nettoyage exceptionnelle avec le pouvoir ultime du nettoyant pour cuirs CarrX.\",\"breadcrumb\":{\"@id\":\"https:\/\/carrx-distribution.com\/fr\/produit\/nettoyant-cuir-auto-moto-bateau\/#breadcrumb\"},\"inLanguage\":\"fr-FR\",\"potentialAction\":[{\"@type\":\"ReadAction\",\"target\":[\"https:\/\/carrx-distribution.com\/fr\/produit\/nettoyant-cuir-auto-moto-bateau\/\"]}]},{\"@type\":\"ImageObject\",\"inLanguage\":\"fr-FR\",\"@id\":\"https:\/\/carrx-distribution.com\/fr\/produit\/nettoyant-cuir-auto-moto-bateau\/#primaryimage\",\"url\":\"https:\/\/carrx-distribution.com\/wp-content\/uploads\/2022\/04\/Nettoyant-cuir-250ML.jpg\",\"contentUrl\":\"https:\/\/carrx-distribution.com\/wp-content\/uploads\/2022\/04\/Nettoyant-cuir-250ML.jpg\",\"width\":1000,\"height\":1000,\"caption\":\"Nettoyant cuir de voiture en 250 mL\"},{\"@type\":\"BreadcrumbList\",\"@id\":\"https:\/\/carrx-distribution.com\/fr\/produit\/nettoyant-cuir-auto-moto-bateau\/#breadcrumb\",\"itemListElement\":[{\"@type\":\"ListItem\",\"position\":1,\"name\":\"Accueil\",\"item\":\"https:\/\/carrx-distribution.com\/fr\/\"},{\"@type\":\"ListItem\",\"position\":2,\"name\":\"Boutique\",\"item\":\"https:\/\/carrx-distribution.com\/fr\/?page_id=9692\"},{\"@type\":\"ListItem\",\"position\":3,\"name\":\"Nettoyant liquide pour le cuir\"}]},{\"@type\":\"WebSite\",\"@id\":\"https:\/\/carrx-distribution.com\/fr\/#website\",\"url\":\"https:\/\/carrx-distribution.com\/fr\/\",\"name\":\"CarrX\",\"description\":\"Sp\u00e9cialiste cuir voiture et bateau\",\"potentialAction\":[{\"@type\":\"SearchAction\",\"target\":{\"@type\":\"EntryPoint\",\"urlTemplate\":\"https:\/\/carrx-distribution.com\/fr\/?s={search_term_string}\"},\"query-input\":{\"@type\":\"PropertyValueSpecification\",\"valueRequired\":true,\"valueName\":\"search_term_string\"}}],\"inLanguage\":\"fr-FR\"}]}<\/script>\n<!-- \/ Yoast SEO plugin. -->","yoast_head_json":{"title":"Nettoyant cuir auto, moto bateau\u2026 \u2013 CarrX","description":"Gr\u00e2ce \u00e0 sa formule de qualit\u00e9 professionnelle, offrez \u00e0 vos cuirs une exp\u00e9rience de nettoyage exceptionnelle avec le pouvoir ultime du nettoyant pour cuirs CarrX.","robots":{"index":"index","follow":"follow","max-snippet":"max-snippet:-1","max-image-preview":"max-image-preview:large","max-video-preview":"max-video-preview:-1"},"canonical":"https:\/\/carrx-distribution.com\/fr\/produit\/nettoyant-cuir-auto-moto-bateau\/","og_locale":"fr_FR","og_type":"article","og_title":"Nettoyant cuir auto, moto bateau\u2026 \u2013 CarrX","og_description":"Gr\u00e2ce \u00e0 sa formule de qualit\u00e9 professionnelle, offrez \u00e0 vos cuirs une exp\u00e9rience de nettoyage exceptionnelle avec le pouvoir ultime du nettoyant pour cuirs CarrX.","og_url":"https:\/\/carrx-distribution.com\/fr\/produit\/nettoyant-cuir-auto-moto-bateau\/","og_site_name":"CarrX","article_modified_time":"2024-12-31T23:10:06+00:00","og_image":[{"width":1000,"height":1000,"url":"https:\/\/carrx-distribution.com\/wp-content\/uploads\/2022\/04\/Nettoyant-cuir-250ML.jpg","type":"image\/jpeg"}],"twitter_card":"summary_large_image","twitter_misc":{"Dur\u00e9e de lecture estim\u00e9e":"2 minutes"},"schema":{"@context":"https:\/\/schema.org","@graph":[{"@type":"WebPage","@id":"https:\/\/carrx-distribution.com\/fr\/produit\/nettoyant-cuir-auto-moto-bateau\/","url":"https:\/\/carrx-distribution.com\/fr\/produit\/nettoyant-cuir-auto-moto-bateau\/","name":"Nettoyant cuir auto, moto bateau\u2026 \u2013 CarrX","isPartOf":{"@id":"https:\/\/carrx-distribution.com\/fr\/#website"},"primaryImageOfPage":{"@id":"https:\/\/carrx-distribution.com\/fr\/produit\/nettoyant-cuir-auto-moto-bateau\/#primaryimage"},"image":{"@id":"https:\/\/carrx-distribution.com\/fr\/produit\/nettoyant-cuir-auto-moto-bateau\/#primaryimage"},"thumbnailUrl":"https:\/\/carrx-distribution.com\/wp-content\/uploads\/2022\/04\/Nettoyant-cuir-250ML.jpg","datePublished":"2022-04-29T16:47:05+00:00","dateModified":"2024-12-31T23:10:06+00:00","description":"Gr\u00e2ce \u00e0 sa formule de qualit\u00e9 professionnelle, offrez \u00e0 vos cuirs une exp\u00e9rience de nettoyage exceptionnelle avec le pouvoir ultime du nettoyant pour cuirs CarrX.","breadcrumb":{"@id":"https:\/\/carrx-distribution.com\/fr\/produit\/nettoyant-cuir-auto-moto-bateau\/#breadcrumb"},"inLanguage":"fr-FR","potentialAction":[{"@type":"ReadAction","target":["https:\/\/carrx-distribution.com\/fr\/produit\/nettoyant-cuir-auto-moto-bateau\/"]}]},{"@type":"ImageObject","inLanguage":"fr-FR","@id":"https:\/\/carrx-distribution.com\/fr\/produit\/nettoyant-cuir-auto-moto-bateau\/#primaryimage","url":"https:\/\/carrx-distribution.com\/wp-content\/uploads\/2022\/04\/Nettoyant-cuir-250ML.jpg","contentUrl":"https:\/\/carrx-distribution.com\/wp-content\/uploads\/2022\/04\/Nettoyant-cuir-250ML.jpg","width":1000,"height":1000,"caption":"Nettoyant cuir de voiture en 250 mL"},{"@type":"BreadcrumbList","@id":"https:\/\/carrx-distribution.com\/fr\/produit\/nettoyant-cuir-auto-moto-bateau\/#breadcrumb","itemListElement":[{"@type":"ListItem","position":1,"name":"Accueil","item":"https:\/\/carrx-distribution.com\/fr\/"},{"@type":"ListItem","position":2,"name":"Boutique","item":"https:\/\/carrx-distribution.com\/fr\/?page_id=9692"},{"@type":"ListItem","position":3,"name":"Nettoyant liquide pour le cuir"}]},{"@type":"WebSite","@id":"https:\/\/carrx-distribution.com\/fr\/#website","url":"https:\/\/carrx-distribution.com\/fr\/","name":"CarrX","description":"Sp\u00e9cialiste cuir voiture et bateau","potentialAction":[{"@type":"SearchAction","target":{"@type":"EntryPoint","urlTemplate":"https:\/\/carrx-distribution.com\/fr\/?s={search_term_string}"},"query-input":{"@type":"PropertyValueSpecification","valueRequired":true,"valueName":"search_term_string"}}],"inLanguage":"fr-FR"}]}},"_links":{"self":[{"href":"https:\/\/carrx-distribution.com\/fr\/wp-json\/wp\/v2\/product\/988","targetHints":{"allow":["GET"]}}],"collection":[{"href":"https:\/\/carrx-distribution.com\/fr\/wp-json\/wp\/v2\/product"}],"about":[{"href":"https:\/\/carrx-distribution.com\/fr\/wp-json\/wp\/v2\/types\/product"}],"replies":[{"embeddable":true,"href":"https:\/\/carrx-distribution.com\/fr\/wp-json\/wp\/v2\/comments?post=988"}],"wp:featuredmedia":[{"embeddable":true,"href":"https:\/\/carrx-distribution.com\/fr\/wp-json\/wp\/v2\/media\/40605"}],"wp:attachment":[{"href":"https:\/\/carrx-distribution.com\/fr\/wp-json\/wp\/v2\/media?parent=988"}],"wp:term":[{"taxonomy":"product_cat","embeddable":true,"href":"https:\/\/carrx-distribution.com\/fr\/wp-json\/wp\/v2\/product_cat?post=988"},{"taxonomy":"product_tag","embeddable":true,"href":"https:\/\/carrx-distribution.com\/fr\/wp-json\/wp\/v2\/product_tag?post=988"}],"curies":[{"name":"wp","href":"https:\/\/api.w.org\/{rel}","templated":true}]}}