{"id":8124,"date":"2020-12-25T16:22:55","date_gmt":"2020-12-25T15:22:55","guid":{"rendered":"https:\/\/carrx-distribution.com\/?post_type=product&#038;p=8124"},"modified":"2025-12-11T10:00:22","modified_gmt":"2025-12-11T09:00:22","slug":"graisse-pour-cuir","status":"publish","type":"product","link":"https:\/\/carrx-distribution.com\/fr\/produit\/graisse-pour-cuir\/","title":{"rendered":"Graisse de Soins pour le cuir"},"content":{"rendered":"<div class=\"wpb-content-wrapper\"><p>[vc_row][vc_column][vc_column_text]Sp\u00e9cialement con\u00e7ue comme un produit de soin pour cuir, la graisse pour cuir vous permettra de prolonger la dur\u00e9e de vie de votre cuir. <strong>Entretenir le cuir est\u00a0primordial<\/strong> si on souhaite lui donner longue vie. Et l\u2019<a href=\"https:\/\/carrx-distribution.com\/categorie-produit\/entretien-cuir\/\">entretien du cuir<\/a> r\u00e9gulier passe souvent par un nettoyage, \u00e0 l\u2019aide de notre <a href=\"https:\/\/carrx-distribution.com\/produit\/nettoyant-cuir-voiture\/\">nettoyant liquide sp\u00e9cial cuir<\/a> Carr<span style=\"color: #c40e1a\">X<\/span> et notre\u00a0<strong>brosse \u00e0 poils durs<\/strong>, qu\u2019un nourrissage viendra compl\u00e9ter. Effectu\u00e9es l\u2019une \u00e0 la suite de l\u2019autre, ces deux op\u00e9rations sont la base de l\u2019entretien pour un cuir sain et \u00e9clatant. Ainsi, d\u2019une simple application \u00e0 l\u2019aide d\u2019un chiffon doux, la\u00a0<strong>graisse de soins <\/strong>pour le cuir va nourrir la mati\u00e8re en la p\u00e9n\u00e9trant en profondeur, rapidement, lui permettant de conserver souplesse et \u00e9clat, tout en laissant une fine pellicule protectrice la prot\u00e9geant des agressions ext\u00e9rieures. Vous pourrez ainsi vous \u00e9viter d\u2019\u00e9ventuels couts de r\u00e9paration en cas de fragilisation de votre cuir. Un trou ou une d\u00e9chirure du cuir peut parfois \u00eatre irr\u00e9m\u00e9diable, alors <strong>ayez le bon geste<\/strong>\u00a0!<\/p>\n<h3>Conseils d\u2019utilisation<\/h3>\n<p>\u00c0 l\u2019aide d\u2019un chiffon doux\u00a0en coton, <strong>appliquez la graisse de soins<\/strong> pour le cuir sur le support \u00e0 nourrir, d\u00e9crivez des mouvements circulaires d\u2019abord rapproch\u00e9s puis de plus en plus amples pour \u00e9taler le produit de mani\u00e8re homog\u00e8ne,<\/p>\n<p>\u201c<strong>Frottez<\/strong>\u201d le support \u00e0 l\u2019aide du chiffon pour que la graisse de soin p\u00e9n\u00e8tre bien, cette \u00e9tape est capitale pour assurer la bonne absorption du produit et son efficacit\u00e9,<\/p>\n<p><strong>Laissez reposer<\/strong> le support quelques minutes avant utilisation afin de ne pas emp\u00eacher la graisse de soins de faire effet,<\/p>\n<p>L\u2019utilisation de la graisse de soins est <strong>pr\u00e9conis\u00e9e pour les supports en cuir dits <\/strong>\u201c<strong>d\u2019ext\u00e9rieur<\/strong>\u201d : chaussures, maroquinerie, selle de moto, vestes, gants, selle d\u2019\u00e9quitation, sellerie bateau, etc\u2026<\/p>\n<p>Disponible en format 250 mL pot seul et en lot de 6 x 250 mL, pour plus de conseils n\u2019h\u00e9sitez pas \u00e0 faire appel \u00e0 notre \u00e9quipe d\u2019experts.[\/vc_column_text][\/vc_column][\/vc_row]<\/p>\n<\/div>","protected":false},"excerpt":{"rendered":"<ul>\n<li>Destin\u00e9e aux supports en cuirs \u00e0 usage ext\u00e9rieur,<\/li>\n<li>Nourrit et prot\u00e8ge le(s) cuir(s) en profondeur,<\/li>\n<li>Totalement incolore,<\/li>\n<li>Application facile \u00e0 l\u2019aide d\u2019un chiffon doux<\/li>\n<li>Disponible en pot de 250 mL seul ou par lot de 6<\/li>\n<\/ul>\n","protected":false},"featured_media":40583,"comment_status":"open","ping_status":"closed","template":"","meta":[],"product_cat":[470],"product_tag":[],"class_list":{"0":"post-8124","1":"product","2":"type-product","3":"status-publish","4":"has-post-thumbnail","6":"product_cat-entretien-cuir","7":"description-off","9":"first","10":"instock","11":"featured","12":"taxable","13":"shipping-taxable","14":"purchasable","15":"product-type-variable"},"yoast_head":"<!-- This site is optimized with the Yoast SEO plugin v24.2 - https:\/\/yoast.com\/wordpress\/plugins\/seo\/ -->\n<title>Graisse pour cuir \u2013 CarrX Distribution<\/title>\n<meta name=\"description\" content=\"Nourrissez et prot\u00e9gez tous vos cuirs avec la graisse pour cuir. Les meilleurs produits d\u2019entretien cuir sont chez CarrX !\" \/>\n<meta name=\"robots\" content=\"index, follow, max-snippet:-1, max-image-preview:large, max-video-preview:-1\" \/>\n<link rel=\"canonical\" href=\"https:\/\/carrx-distribution.com\/fr\/produit\/graisse-pour-cuir\/\" \/>\n<meta property=\"og:locale\" content=\"fr_FR\" \/>\n<meta property=\"og:type\" content=\"article\" \/>\n<meta property=\"og:title\" content=\"Graisse pour cuir \u2013 CarrX Distribution\" \/>\n<meta property=\"og:description\" content=\"Nourrissez et prot\u00e9gez tous vos cuirs avec la graisse pour cuir. Les meilleurs produits d\u2019entretien cuir sont chez CarrX !\" \/>\n<meta property=\"og:url\" content=\"https:\/\/carrx-distribution.com\/fr\/produit\/graisse-pour-cuir\/\" \/>\n<meta property=\"og:site_name\" content=\"CarrX\" \/>\n<meta property=\"article:modified_time\" content=\"2025-12-11T09:00:22+00:00\" \/>\n<meta property=\"og:image\" content=\"https:\/\/carrx-distribution.com\/wp-content\/uploads\/2020\/12\/Graisse-de-soin-cuir.jpg\" \/>\n\t<meta property=\"og:image:width\" content=\"1000\" \/>\n\t<meta property=\"og:image:height\" content=\"1000\" \/>\n\t<meta property=\"og:image:type\" content=\"image\/jpeg\" \/>\n<meta name=\"twitter:card\" content=\"summary_large_image\" \/>\n<meta name=\"twitter:label1\" content=\"Dur\u00e9e de lecture estim\u00e9e\" \/>\n\t<meta name=\"twitter:data1\" content=\"2 minutes\" \/>\n<script type=\"application\/ld+json\" class=\"yoast-schema-graph\">{\"@context\":\"https:\/\/schema.org\",\"@graph\":[{\"@type\":\"WebPage\",\"@id\":\"https:\/\/carrx-distribution.com\/fr\/produit\/graisse-pour-cuir\/\",\"url\":\"https:\/\/carrx-distribution.com\/fr\/produit\/graisse-pour-cuir\/\",\"name\":\"Graisse pour cuir \u2013 CarrX Distribution\",\"isPartOf\":{\"@id\":\"https:\/\/carrx-distribution.com\/fr\/#website\"},\"primaryImageOfPage\":{\"@id\":\"https:\/\/carrx-distribution.com\/fr\/produit\/graisse-pour-cuir\/#primaryimage\"},\"image\":{\"@id\":\"https:\/\/carrx-distribution.com\/fr\/produit\/graisse-pour-cuir\/#primaryimage\"},\"thumbnailUrl\":\"https:\/\/carrx-distribution.com\/wp-content\/uploads\/2020\/12\/Graisse-de-soin-cuir.jpg\",\"datePublished\":\"2020-12-25T15:22:55+00:00\",\"dateModified\":\"2025-12-11T09:00:22+00:00\",\"description\":\"Nourrissez et prot\u00e9gez tous vos cuirs avec la graisse pour cuir. Les meilleurs produits d\u2019entretien cuir sont chez CarrX !\",\"breadcrumb\":{\"@id\":\"https:\/\/carrx-distribution.com\/fr\/produit\/graisse-pour-cuir\/#breadcrumb\"},\"inLanguage\":\"fr-FR\",\"potentialAction\":[{\"@type\":\"ReadAction\",\"target\":[\"https:\/\/carrx-distribution.com\/fr\/produit\/graisse-pour-cuir\/\"]}]},{\"@type\":\"ImageObject\",\"inLanguage\":\"fr-FR\",\"@id\":\"https:\/\/carrx-distribution.com\/fr\/produit\/graisse-pour-cuir\/#primaryimage\",\"url\":\"https:\/\/carrx-distribution.com\/wp-content\/uploads\/2020\/12\/Graisse-de-soin-cuir.jpg\",\"contentUrl\":\"https:\/\/carrx-distribution.com\/wp-content\/uploads\/2020\/12\/Graisse-de-soin-cuir.jpg\",\"width\":1000,\"height\":1000,\"caption\":\"Graisse de soins pour le cuir 250 ML\"},{\"@type\":\"BreadcrumbList\",\"@id\":\"https:\/\/carrx-distribution.com\/fr\/produit\/graisse-pour-cuir\/#breadcrumb\",\"itemListElement\":[{\"@type\":\"ListItem\",\"position\":1,\"name\":\"Accueil\",\"item\":\"https:\/\/carrx-distribution.com\/fr\/\"},{\"@type\":\"ListItem\",\"position\":2,\"name\":\"Boutique\",\"item\":\"https:\/\/carrx-distribution.com\/fr\/?page_id=9692\"},{\"@type\":\"ListItem\",\"position\":3,\"name\":\"Graisse de Soins pour le cuir\"}]},{\"@type\":\"WebSite\",\"@id\":\"https:\/\/carrx-distribution.com\/fr\/#website\",\"url\":\"https:\/\/carrx-distribution.com\/fr\/\",\"name\":\"CarrX\",\"description\":\"Sp\u00e9cialiste cuir voiture et bateau\",\"potentialAction\":[{\"@type\":\"SearchAction\",\"target\":{\"@type\":\"EntryPoint\",\"urlTemplate\":\"https:\/\/carrx-distribution.com\/fr\/?s={search_term_string}\"},\"query-input\":{\"@type\":\"PropertyValueSpecification\",\"valueRequired\":true,\"valueName\":\"search_term_string\"}}],\"inLanguage\":\"fr-FR\"}]}<\/script>\n<!-- \/ Yoast SEO plugin. -->","yoast_head_json":{"title":"Graisse pour cuir \u2013 CarrX Distribution","description":"Nourrissez et prot\u00e9gez tous vos cuirs avec la graisse pour cuir. Les meilleurs produits d\u2019entretien cuir sont chez CarrX !","robots":{"index":"index","follow":"follow","max-snippet":"max-snippet:-1","max-image-preview":"max-image-preview:large","max-video-preview":"max-video-preview:-1"},"canonical":"https:\/\/carrx-distribution.com\/fr\/produit\/graisse-pour-cuir\/","og_locale":"fr_FR","og_type":"article","og_title":"Graisse pour cuir \u2013 CarrX Distribution","og_description":"Nourrissez et prot\u00e9gez tous vos cuirs avec la graisse pour cuir. Les meilleurs produits d\u2019entretien cuir sont chez CarrX !","og_url":"https:\/\/carrx-distribution.com\/fr\/produit\/graisse-pour-cuir\/","og_site_name":"CarrX","article_modified_time":"2025-12-11T09:00:22+00:00","og_image":[{"width":1000,"height":1000,"url":"https:\/\/carrx-distribution.com\/wp-content\/uploads\/2020\/12\/Graisse-de-soin-cuir.jpg","type":"image\/jpeg"}],"twitter_card":"summary_large_image","twitter_misc":{"Dur\u00e9e de lecture estim\u00e9e":"2 minutes"},"schema":{"@context":"https:\/\/schema.org","@graph":[{"@type":"WebPage","@id":"https:\/\/carrx-distribution.com\/fr\/produit\/graisse-pour-cuir\/","url":"https:\/\/carrx-distribution.com\/fr\/produit\/graisse-pour-cuir\/","name":"Graisse pour cuir \u2013 CarrX Distribution","isPartOf":{"@id":"https:\/\/carrx-distribution.com\/fr\/#website"},"primaryImageOfPage":{"@id":"https:\/\/carrx-distribution.com\/fr\/produit\/graisse-pour-cuir\/#primaryimage"},"image":{"@id":"https:\/\/carrx-distribution.com\/fr\/produit\/graisse-pour-cuir\/#primaryimage"},"thumbnailUrl":"https:\/\/carrx-distribution.com\/wp-content\/uploads\/2020\/12\/Graisse-de-soin-cuir.jpg","datePublished":"2020-12-25T15:22:55+00:00","dateModified":"2025-12-11T09:00:22+00:00","description":"Nourrissez et prot\u00e9gez tous vos cuirs avec la graisse pour cuir. Les meilleurs produits d\u2019entretien cuir sont chez CarrX !","breadcrumb":{"@id":"https:\/\/carrx-distribution.com\/fr\/produit\/graisse-pour-cuir\/#breadcrumb"},"inLanguage":"fr-FR","potentialAction":[{"@type":"ReadAction","target":["https:\/\/carrx-distribution.com\/fr\/produit\/graisse-pour-cuir\/"]}]},{"@type":"ImageObject","inLanguage":"fr-FR","@id":"https:\/\/carrx-distribution.com\/fr\/produit\/graisse-pour-cuir\/#primaryimage","url":"https:\/\/carrx-distribution.com\/wp-content\/uploads\/2020\/12\/Graisse-de-soin-cuir.jpg","contentUrl":"https:\/\/carrx-distribution.com\/wp-content\/uploads\/2020\/12\/Graisse-de-soin-cuir.jpg","width":1000,"height":1000,"caption":"Graisse de soins pour le cuir 250 ML"},{"@type":"BreadcrumbList","@id":"https:\/\/carrx-distribution.com\/fr\/produit\/graisse-pour-cuir\/#breadcrumb","itemListElement":[{"@type":"ListItem","position":1,"name":"Accueil","item":"https:\/\/carrx-distribution.com\/fr\/"},{"@type":"ListItem","position":2,"name":"Boutique","item":"https:\/\/carrx-distribution.com\/fr\/?page_id=9692"},{"@type":"ListItem","position":3,"name":"Graisse de Soins pour le cuir"}]},{"@type":"WebSite","@id":"https:\/\/carrx-distribution.com\/fr\/#website","url":"https:\/\/carrx-distribution.com\/fr\/","name":"CarrX","description":"Sp\u00e9cialiste cuir voiture et bateau","potentialAction":[{"@type":"SearchAction","target":{"@type":"EntryPoint","urlTemplate":"https:\/\/carrx-distribution.com\/fr\/?s={search_term_string}"},"query-input":{"@type":"PropertyValueSpecification","valueRequired":true,"valueName":"search_term_string"}}],"inLanguage":"fr-FR"}]}},"_links":{"self":[{"href":"https:\/\/carrx-distribution.com\/fr\/wp-json\/wp\/v2\/product\/8124","targetHints":{"allow":["GET"]}}],"collection":[{"href":"https:\/\/carrx-distribution.com\/fr\/wp-json\/wp\/v2\/product"}],"about":[{"href":"https:\/\/carrx-distribution.com\/fr\/wp-json\/wp\/v2\/types\/product"}],"replies":[{"embeddable":true,"href":"https:\/\/carrx-distribution.com\/fr\/wp-json\/wp\/v2\/comments?post=8124"}],"wp:featuredmedia":[{"embeddable":true,"href":"https:\/\/carrx-distribution.com\/fr\/wp-json\/wp\/v2\/media\/40583"}],"wp:attachment":[{"href":"https:\/\/carrx-distribution.com\/fr\/wp-json\/wp\/v2\/media?parent=8124"}],"wp:term":[{"taxonomy":"product_cat","embeddable":true,"href":"https:\/\/carrx-distribution.com\/fr\/wp-json\/wp\/v2\/product_cat?post=8124"},{"taxonomy":"product_tag","embeddable":true,"href":"https:\/\/carrx-distribution.com\/fr\/wp-json\/wp\/v2\/product_tag?post=8124"}],"curies":[{"name":"wp","href":"https:\/\/api.w.org\/{rel}","templated":true}]}}