{"id":8112,"date":"2020-10-03T17:42:41","date_gmt":"2020-10-03T15:42:41","guid":{"rendered":"https:\/\/carrx-distribution.com\/?post_type=product&#038;p=8112"},"modified":"2025-06-13T17:49:09","modified_gmt":"2025-06-13T15:49:09","slug":"kit-renovation-cuir-siege-auto","status":"publish","type":"product","link":"https:\/\/carrx-distribution.com\/fr\/produit\/kit-renovation-cuir-siege-auto\/","title":{"rendered":"Kit r\u00e9novation cuir flanc de si\u00e8ge auto"},"content":{"rendered":"<p><strong>Carr<span style=\"color: #c40e1a;\">X<\/span><\/strong>\u00a0<strong>Distribution met la qualit\u00e9 professionnelle \u00e0 votre port\u00e9e !<\/strong><\/p>\n<p>Donnez une seconde vie \u00e0 vos flancs de si\u00e8ge en cuir noir avec le\u00a0<strong>kit de r\u00e9novation flanc de si\u00e8ge en cuir<\/strong>\u00a0<strong>Carr<span style=\"color: #c40e1a;\">X<\/span><\/strong>\u00a0en venant \u00e0 bout des \u00e9raflures, frottements et autres signes d\u2019usure et d\u2019utilisation normaux\u00a0et n\u00e9anmoins souvent fr\u00e9quents \u00e0 cet endroit. Vous avez d\u00e9sormais en mains tous les outils indispensables et n\u00e9cessaires pour r\u00e9aliser une r\u00e9novation de niveau professionnel. Avec le\u00a0<strong>kit de r\u00e9novation flanc de si\u00e8ge en cuir,<\/strong>\u00a0profitez d\u2019une s\u00e9lection de produits, choisis pour leur qualit\u00e9 et leur efficacit\u00e9, et d\u2019un process simple pour r\u00e9parer facilement un flanc de si\u00e8ge en cuir noir : un\u00a0fixateur\u00a0servant d\u2019appr\u00eat pour fixer la pigmentation que vous allez appliquer \u00e0 l\u2019aide des deux \u00e9ponges \u00e0 la forme de d\u00e9coupe sp\u00e9cialement \u00e9tudi\u00e9e pour vous permettre une r\u00e9partition homog\u00e8ne et durable.<\/p>\n<p>Avec notre kit vous retrouverez un flanc de si\u00e8ge comme neuf. Celui-ci est sp\u00e9cialement pens\u00e9 pour <strong>r\u00e9nover un flanc de si\u00e8ge complet<\/strong> de mani\u00e8re \u00e0 vous \u00e9viter d\u2019avoir \u00e0 stocker du produit. <strong>Aucun gaspillage<\/strong> avec notre kit r\u00e9novation de flanc en cuir de si\u00e8ge auto, les \u00e9ponges peuvent \u00eatre r\u00e9utilis\u00e9es ult\u00e9rieurement si elles sont gard\u00e9es propres apr\u00e8s chaque utilisation.<\/p>\n<p>Vos\u00a0cuirs\u00a0ne m\u00e9ritent que l\u2019excellence et celle-ci a d\u00e9sormais un nom : Carr<span style=\"color: #c40e1a;\">X<\/span> ! Avec nos <a href=\"https:\/\/carrx-distribution.com\/categorie-produit\/kits-nettoyer-entretenir-renover\/\">kits r\u00e9novation, nettoyage, entretien du cuir<\/a> vous avez enfin une qualit\u00e9 de produits professionnelle \u00e0 votre port\u00e9e.<\/p>\n<p><em><u>NB : Avant toute op\u00e9ration de r\u00e9novation du cuir, un nettoyage de la zone \u00e0 traiter est obligatoire pour assurer la bonne fixation de votre pigment ou pour favoriser l\u2019application d\u2019une cr\u00e8me nourrissante !<\/u><\/em><\/p>\n<p><em>Le Kit R\u00e9novation pour flanc de si\u00e8ge contient : 1 pigmentation noire 10ml, 1 fixateur 10 ml, 2 \u00e9ponges d\u2019application.<\/em><\/p>\n<p>Couleur : noir. Autres coloris disponibles sur demande.<\/p>\n<p style=\"text-align: justify;\">\n","protected":false},"excerpt":{"rendered":"<ul>\n<li>Un kit tout-en-un pour venir \u00e0 bout des signes d\u2019usure du cuir,<\/li>\n<li>La qualit\u00e9 professionnelle \u00e0 votre port\u00e9e,<\/li>\n<li>Donnez une seconde vie \u00e0 vos sellerie en cuir<\/li>\n<li>Kit pour cuir noir, autres coloris sur demande<\/li>\n<\/ul>\n","protected":false},"featured_media":40553,"comment_status":"open","ping_status":"closed","template":"","meta":[],"product_cat":[318],"product_tag":[],"class_list":{"0":"post-8112","1":"product","2":"type-product","3":"status-publish","4":"has-post-thumbnail","6":"product_cat-kits-nettoyer-entretenir-renover","7":"description-off","9":"first","10":"instock","11":"taxable","12":"shipping-taxable","13":"purchasable","14":"product-type-simple"},"yoast_head":"<!-- This site is optimized with the Yoast SEO plugin v24.2 - https:\/\/yoast.com\/wordpress\/plugins\/seo\/ -->\n<title>Kit r\u00e9novation cuir de si\u00e8ge auto \u2013 CarrX Distribution<\/title>\n<meta name=\"description\" content=\"Des produits professionnels complets au service de vos surfaces int\u00e9rieurs avec le kit r\u00e9novation pour cuir de si\u00e8ge auto CarrX.\" \/>\n<meta name=\"robots\" content=\"index, follow, max-snippet:-1, max-image-preview:large, max-video-preview:-1\" \/>\n<link rel=\"canonical\" href=\"https:\/\/carrx-distribution.com\/fr\/produit\/kit-renovation-cuir-siege-auto\/\" \/>\n<meta property=\"og:locale\" content=\"fr_FR\" \/>\n<meta property=\"og:type\" content=\"article\" \/>\n<meta property=\"og:title\" content=\"Kit r\u00e9novation cuir de si\u00e8ge auto \u2013 CarrX Distribution\" \/>\n<meta property=\"og:description\" content=\"Des produits professionnels complets au service de vos surfaces int\u00e9rieurs avec le kit r\u00e9novation pour cuir de si\u00e8ge auto CarrX.\" \/>\n<meta property=\"og:url\" content=\"https:\/\/carrx-distribution.com\/fr\/produit\/kit-renovation-cuir-siege-auto\/\" \/>\n<meta property=\"og:site_name\" content=\"CarrX\" \/>\n<meta property=\"article:modified_time\" content=\"2025-06-13T15:49:09+00:00\" \/>\n<meta property=\"og:image\" content=\"https:\/\/carrx-distribution.com\/wp-content\/uploads\/2020\/10\/kit-renovation-flanc-de-siege.jpg\" \/>\n\t<meta property=\"og:image:width\" content=\"1000\" \/>\n\t<meta property=\"og:image:height\" content=\"1000\" \/>\n\t<meta property=\"og:image:type\" content=\"image\/jpeg\" \/>\n<meta name=\"twitter:card\" content=\"summary_large_image\" \/>\n<meta name=\"twitter:label1\" content=\"Dur\u00e9e de lecture estim\u00e9e\" \/>\n\t<meta name=\"twitter:data1\" content=\"2 minutes\" \/>\n<script type=\"application\/ld+json\" class=\"yoast-schema-graph\">{\"@context\":\"https:\/\/schema.org\",\"@graph\":[{\"@type\":\"WebPage\",\"@id\":\"https:\/\/carrx-distribution.com\/fr\/produit\/kit-renovation-cuir-siege-auto\/\",\"url\":\"https:\/\/carrx-distribution.com\/fr\/produit\/kit-renovation-cuir-siege-auto\/\",\"name\":\"Kit r\u00e9novation cuir de si\u00e8ge auto \u2013 CarrX Distribution\",\"isPartOf\":{\"@id\":\"https:\/\/carrx-distribution.com\/fr\/#website\"},\"primaryImageOfPage\":{\"@id\":\"https:\/\/carrx-distribution.com\/fr\/produit\/kit-renovation-cuir-siege-auto\/#primaryimage\"},\"image\":{\"@id\":\"https:\/\/carrx-distribution.com\/fr\/produit\/kit-renovation-cuir-siege-auto\/#primaryimage\"},\"thumbnailUrl\":\"https:\/\/carrx-distribution.com\/wp-content\/uploads\/2020\/10\/kit-renovation-flanc-de-siege.jpg\",\"datePublished\":\"2020-10-03T15:42:41+00:00\",\"dateModified\":\"2025-06-13T15:49:09+00:00\",\"description\":\"Des produits professionnels complets au service de vos surfaces int\u00e9rieurs avec le kit r\u00e9novation pour cuir de si\u00e8ge auto CarrX.\",\"breadcrumb\":{\"@id\":\"https:\/\/carrx-distribution.com\/fr\/produit\/kit-renovation-cuir-siege-auto\/#breadcrumb\"},\"inLanguage\":\"fr-FR\",\"potentialAction\":[{\"@type\":\"ReadAction\",\"target\":[\"https:\/\/carrx-distribution.com\/fr\/produit\/kit-renovation-cuir-siege-auto\/\"]}]},{\"@type\":\"ImageObject\",\"inLanguage\":\"fr-FR\",\"@id\":\"https:\/\/carrx-distribution.com\/fr\/produit\/kit-renovation-cuir-siege-auto\/#primaryimage\",\"url\":\"https:\/\/carrx-distribution.com\/wp-content\/uploads\/2020\/10\/kit-renovation-flanc-de-siege.jpg\",\"contentUrl\":\"https:\/\/carrx-distribution.com\/wp-content\/uploads\/2020\/10\/kit-renovation-flanc-de-siege.jpg\",\"width\":1000,\"height\":1000,\"caption\":\"Kit r\u00e9novation flanc de si\u00e8ge\"},{\"@type\":\"BreadcrumbList\",\"@id\":\"https:\/\/carrx-distribution.com\/fr\/produit\/kit-renovation-cuir-siege-auto\/#breadcrumb\",\"itemListElement\":[{\"@type\":\"ListItem\",\"position\":1,\"name\":\"Accueil\",\"item\":\"https:\/\/carrx-distribution.com\/fr\/\"},{\"@type\":\"ListItem\",\"position\":2,\"name\":\"Boutique\",\"item\":\"https:\/\/carrx-distribution.com\/fr\/?page_id=9692\"},{\"@type\":\"ListItem\",\"position\":3,\"name\":\"Kit r\u00e9novation cuir flanc de si\u00e8ge auto\"}]},{\"@type\":\"WebSite\",\"@id\":\"https:\/\/carrx-distribution.com\/fr\/#website\",\"url\":\"https:\/\/carrx-distribution.com\/fr\/\",\"name\":\"CarrX\",\"description\":\"Sp\u00e9cialiste cuir voiture et bateau\",\"potentialAction\":[{\"@type\":\"SearchAction\",\"target\":{\"@type\":\"EntryPoint\",\"urlTemplate\":\"https:\/\/carrx-distribution.com\/fr\/?s={search_term_string}\"},\"query-input\":{\"@type\":\"PropertyValueSpecification\",\"valueRequired\":true,\"valueName\":\"search_term_string\"}}],\"inLanguage\":\"fr-FR\"}]}<\/script>\n<!-- \/ Yoast SEO plugin. -->","yoast_head_json":{"title":"Kit r\u00e9novation cuir de si\u00e8ge auto \u2013 CarrX Distribution","description":"Des produits professionnels complets au service de vos surfaces int\u00e9rieurs avec le kit r\u00e9novation pour cuir de si\u00e8ge auto CarrX.","robots":{"index":"index","follow":"follow","max-snippet":"max-snippet:-1","max-image-preview":"max-image-preview:large","max-video-preview":"max-video-preview:-1"},"canonical":"https:\/\/carrx-distribution.com\/fr\/produit\/kit-renovation-cuir-siege-auto\/","og_locale":"fr_FR","og_type":"article","og_title":"Kit r\u00e9novation cuir de si\u00e8ge auto \u2013 CarrX Distribution","og_description":"Des produits professionnels complets au service de vos surfaces int\u00e9rieurs avec le kit r\u00e9novation pour cuir de si\u00e8ge auto CarrX.","og_url":"https:\/\/carrx-distribution.com\/fr\/produit\/kit-renovation-cuir-siege-auto\/","og_site_name":"CarrX","article_modified_time":"2025-06-13T15:49:09+00:00","og_image":[{"width":1000,"height":1000,"url":"https:\/\/carrx-distribution.com\/wp-content\/uploads\/2020\/10\/kit-renovation-flanc-de-siege.jpg","type":"image\/jpeg"}],"twitter_card":"summary_large_image","twitter_misc":{"Dur\u00e9e de lecture estim\u00e9e":"2 minutes"},"schema":{"@context":"https:\/\/schema.org","@graph":[{"@type":"WebPage","@id":"https:\/\/carrx-distribution.com\/fr\/produit\/kit-renovation-cuir-siege-auto\/","url":"https:\/\/carrx-distribution.com\/fr\/produit\/kit-renovation-cuir-siege-auto\/","name":"Kit r\u00e9novation cuir de si\u00e8ge auto \u2013 CarrX Distribution","isPartOf":{"@id":"https:\/\/carrx-distribution.com\/fr\/#website"},"primaryImageOfPage":{"@id":"https:\/\/carrx-distribution.com\/fr\/produit\/kit-renovation-cuir-siege-auto\/#primaryimage"},"image":{"@id":"https:\/\/carrx-distribution.com\/fr\/produit\/kit-renovation-cuir-siege-auto\/#primaryimage"},"thumbnailUrl":"https:\/\/carrx-distribution.com\/wp-content\/uploads\/2020\/10\/kit-renovation-flanc-de-siege.jpg","datePublished":"2020-10-03T15:42:41+00:00","dateModified":"2025-06-13T15:49:09+00:00","description":"Des produits professionnels complets au service de vos surfaces int\u00e9rieurs avec le kit r\u00e9novation pour cuir de si\u00e8ge auto CarrX.","breadcrumb":{"@id":"https:\/\/carrx-distribution.com\/fr\/produit\/kit-renovation-cuir-siege-auto\/#breadcrumb"},"inLanguage":"fr-FR","potentialAction":[{"@type":"ReadAction","target":["https:\/\/carrx-distribution.com\/fr\/produit\/kit-renovation-cuir-siege-auto\/"]}]},{"@type":"ImageObject","inLanguage":"fr-FR","@id":"https:\/\/carrx-distribution.com\/fr\/produit\/kit-renovation-cuir-siege-auto\/#primaryimage","url":"https:\/\/carrx-distribution.com\/wp-content\/uploads\/2020\/10\/kit-renovation-flanc-de-siege.jpg","contentUrl":"https:\/\/carrx-distribution.com\/wp-content\/uploads\/2020\/10\/kit-renovation-flanc-de-siege.jpg","width":1000,"height":1000,"caption":"Kit r\u00e9novation flanc de si\u00e8ge"},{"@type":"BreadcrumbList","@id":"https:\/\/carrx-distribution.com\/fr\/produit\/kit-renovation-cuir-siege-auto\/#breadcrumb","itemListElement":[{"@type":"ListItem","position":1,"name":"Accueil","item":"https:\/\/carrx-distribution.com\/fr\/"},{"@type":"ListItem","position":2,"name":"Boutique","item":"https:\/\/carrx-distribution.com\/fr\/?page_id=9692"},{"@type":"ListItem","position":3,"name":"Kit r\u00e9novation cuir flanc de si\u00e8ge auto"}]},{"@type":"WebSite","@id":"https:\/\/carrx-distribution.com\/fr\/#website","url":"https:\/\/carrx-distribution.com\/fr\/","name":"CarrX","description":"Sp\u00e9cialiste cuir voiture et bateau","potentialAction":[{"@type":"SearchAction","target":{"@type":"EntryPoint","urlTemplate":"https:\/\/carrx-distribution.com\/fr\/?s={search_term_string}"},"query-input":{"@type":"PropertyValueSpecification","valueRequired":true,"valueName":"search_term_string"}}],"inLanguage":"fr-FR"}]}},"_links":{"self":[{"href":"https:\/\/carrx-distribution.com\/fr\/wp-json\/wp\/v2\/product\/8112","targetHints":{"allow":["GET"]}}],"collection":[{"href":"https:\/\/carrx-distribution.com\/fr\/wp-json\/wp\/v2\/product"}],"about":[{"href":"https:\/\/carrx-distribution.com\/fr\/wp-json\/wp\/v2\/types\/product"}],"replies":[{"embeddable":true,"href":"https:\/\/carrx-distribution.com\/fr\/wp-json\/wp\/v2\/comments?post=8112"}],"wp:featuredmedia":[{"embeddable":true,"href":"https:\/\/carrx-distribution.com\/fr\/wp-json\/wp\/v2\/media\/40553"}],"wp:attachment":[{"href":"https:\/\/carrx-distribution.com\/fr\/wp-json\/wp\/v2\/media?parent=8112"}],"wp:term":[{"taxonomy":"product_cat","embeddable":true,"href":"https:\/\/carrx-distribution.com\/fr\/wp-json\/wp\/v2\/product_cat?post=8112"},{"taxonomy":"product_tag","embeddable":true,"href":"https:\/\/carrx-distribution.com\/fr\/wp-json\/wp\/v2\/product_tag?post=8112"}],"curies":[{"name":"wp","href":"https:\/\/api.w.org\/{rel}","templated":true}]}}