{"id":8097,"date":"2020-10-04T14:49:30","date_gmt":"2020-10-04T12:49:30","guid":{"rendered":"https:\/\/carrx-distribution.com\/?post_type=product&#038;p=8097"},"modified":"2025-06-14T19:43:42","modified_gmt":"2025-06-14T17:43:42","slug":"kit-reparation-siege-cuir-automobile","status":"publish","type":"product","link":"https:\/\/carrx-distribution.com\/fr\/produit\/kit-reparation-siege-cuir-automobile\/","title":{"rendered":"Kit r\u00e9paration &amp; r\u00e9novation pour siege en cuir automobile"},"content":{"rendered":"<p>La <strong>qualit\u00e9 professionnelle<\/strong> de nos <a href=\"https:\/\/carrx-distribution.com\/categorie-produit\/kits-nettoyer-entretenir-renover\/\">kits de r\u00e9novation, entretien, nettoyage du cuir<\/a> est maintenant \u00e0 votre port\u00e9e avec le <strong>kit de r\u00e9novation pour si\u00e8ge en cuir<\/strong>\u00a0Carr<span style=\"color: #c40e1a\">X<\/span>\u00a0!<br \/>\nD\u00e9couvrez <strong>comment donner une seconde vie \u00e0 votre sellerie auto<\/strong>, et r\u00e9novez et r\u00e9parez au travers d\u2019un process simplifi\u00e9 et avec de vrais outils de pros !<br \/>\nProfitez d\u2019une s\u00e9lection de produits, choisis pour leur qualit\u00e9 et leur efficacit\u00e9 et venez \u00e0 bout des \u00e9raflures, frottements et autres nombreux signes d\u2019usure du temps, et d\u2019un process simple pour r\u00e9parer, r\u00e9nover et repigmenter un si\u00e8ge en cuir avec le\u00a0<strong>kit de r\u00e9novation pour si\u00e8ge en cuir<\/strong>\u00a0: <strong>un\u00a0fixateur\u00a0servant d\u2019appr\u00eat<\/strong> pour fixer la pigmentation noire que vous allez appliquer \u00e0 l\u2019aide des <strong>deux \u00e9ponges<\/strong> a la forme de d\u00e9coupe sp\u00e9cialement \u00e9tudi\u00e9e pour vous permettre une r\u00e9partition homog\u00e8ne et durable. La r\u00e9partition des diff\u00e9rents produits (<strong>pigments, fixateur, p\u00e2te r\u00e9paratrice<\/strong>) se fait \u00e0 l\u2019aide de l\u2019\u00e9ponge du kit r\u00e9novation pour cuir, effectuez des mouvements circulaires lents et amples afin d\u2019\u00e9taler correctement les diff\u00e9rents agents.<\/p>\n<p>Avec l\u2019ajout en derni\u00e8re instance de la p\u00e2te r\u00e9paratrice noire, vous assurerez \u00e0 votre cuir de rester sain, avec un bel \u00e9clat de mani\u00e8re durable. Le kit r\u00e9novation pour cuir de voiture est un ensemble de produit parfait pour l\u2019entretien r\u00e9current de vos v\u00e9hicules de toutes les gammes : anciens, de collection ou non, <strong>nos produits conviennent pour les cuirs de tous \u00e2ges<\/strong>.<\/p>\n<p>Vos cuirs ne m\u00e9ritent que l\u2019excellence et celle-ci a d\u00e9sormais un nom : le kit r\u00e9novation pour cuir\u00a0Carr<span style=\"color: #c40e1a\">X<\/span>\u00a0!<\/p>\n<p><em><u>NB : Avant toute op\u00e9ration de r\u00e9novation du cuir, un nettoyage de la zone \u00e0 traiter est obligatoire (voir nettoyant liquide cuir Carr<span style=\"color: #c40e1a\">X<\/span>) pour maintenir une bonne fixation de votre pigment noir ou pour faciliter l\u2019application \u00e9ventuelle d\u2019une cr\u00e8me nourrissante !<\/u><\/em><\/p>\n<p><em>Le Kit R\u00e9novation pour si\u00e8ge noir contient : 1 pigmentation noire 50 ml, 1 fixateur 50 ml, 1 pot de p\u00e2te r\u00e9paratrice noire 50 ml, 2 \u00e9ponges d\u2019application, 1 spatule flexible d\u2019application, 1 pinceau.<\/em><\/p>\n<p>Coloris : noir.<br \/>\nAutres coloris disponibles sur simple demande, contactez-nous \u00e0 <a href=\"mailto:contact@carrx-distribution.com\">contact@carrx-distribution.com<\/a><\/p>\n<p style=\"text-align: justify\">\n","protected":false},"excerpt":{"rendered":"<ul>\n<li>Un kit tout-en-un pour r\u00e9parer et r\u00e9nover votre sellerie auto,<\/li>\n<li>La qualit\u00e9 professionnelle \u00e0 votre port\u00e9e,<\/li>\n<li>Des outils \u00e9tudi\u00e9s sp\u00e9cialement pour le travail sur le cuir<\/li>\n<\/ul>\n","protected":false},"featured_media":40561,"comment_status":"open","ping_status":"closed","template":"","meta":[],"product_cat":[318],"product_tag":[],"class_list":{"0":"post-8097","1":"product","2":"type-product","3":"status-publish","4":"has-post-thumbnail","6":"product_cat-kits-nettoyer-entretenir-renover","7":"description-off","9":"first","10":"instock","11":"featured","12":"taxable","13":"shipping-taxable","14":"purchasable","15":"product-type-simple"},"yoast_head":"<!-- This site is optimized with the Yoast SEO plugin v24.2 - https:\/\/yoast.com\/wordpress\/plugins\/seo\/ -->\n<title>Kit r\u00e9novation si\u00e8ge cuir automobile \u2013 CarrX Distribution<\/title>\n<meta name=\"description\" content=\"R\u00e9novez vos cuirs de v\u00e9hicule avec le kit r\u00e9paration pour siege en cuir automobile de CarrX, r\u00e9sultats garantis d\u00e8s la premi\u00e8re utilisation.\" \/>\n<meta name=\"robots\" content=\"index, follow, max-snippet:-1, max-image-preview:large, max-video-preview:-1\" \/>\n<link rel=\"canonical\" href=\"https:\/\/carrx-distribution.com\/fr\/produit\/kit-reparation-siege-cuir-automobile\/\" \/>\n<meta property=\"og:locale\" content=\"fr_FR\" \/>\n<meta property=\"og:type\" content=\"article\" \/>\n<meta property=\"og:title\" content=\"Kit r\u00e9novation si\u00e8ge cuir automobile \u2013 CarrX Distribution\" \/>\n<meta property=\"og:description\" content=\"R\u00e9novez vos cuirs de v\u00e9hicule avec le kit r\u00e9paration pour siege en cuir automobile de CarrX, r\u00e9sultats garantis d\u00e8s la premi\u00e8re utilisation.\" \/>\n<meta property=\"og:url\" content=\"https:\/\/carrx-distribution.com\/fr\/produit\/kit-reparation-siege-cuir-automobile\/\" \/>\n<meta property=\"og:site_name\" content=\"CarrX\" \/>\n<meta property=\"article:modified_time\" content=\"2025-06-14T17:43:42+00:00\" \/>\n<meta property=\"og:image\" content=\"https:\/\/carrx-distribution.com\/wp-content\/uploads\/2020\/10\/Kit-de-renovation-siege.jpg\" \/>\n\t<meta property=\"og:image:width\" content=\"1000\" \/>\n\t<meta property=\"og:image:height\" content=\"1000\" \/>\n\t<meta property=\"og:image:type\" content=\"image\/jpeg\" \/>\n<meta name=\"twitter:card\" content=\"summary_large_image\" \/>\n<meta name=\"twitter:label1\" content=\"Dur\u00e9e de lecture estim\u00e9e\" \/>\n\t<meta name=\"twitter:data1\" content=\"2 minutes\" \/>\n<script type=\"application\/ld+json\" class=\"yoast-schema-graph\">{\"@context\":\"https:\/\/schema.org\",\"@graph\":[{\"@type\":\"WebPage\",\"@id\":\"https:\/\/carrx-distribution.com\/fr\/produit\/kit-reparation-siege-cuir-automobile\/\",\"url\":\"https:\/\/carrx-distribution.com\/fr\/produit\/kit-reparation-siege-cuir-automobile\/\",\"name\":\"Kit r\u00e9novation si\u00e8ge cuir automobile \u2013 CarrX Distribution\",\"isPartOf\":{\"@id\":\"https:\/\/carrx-distribution.com\/fr\/#website\"},\"primaryImageOfPage\":{\"@id\":\"https:\/\/carrx-distribution.com\/fr\/produit\/kit-reparation-siege-cuir-automobile\/#primaryimage\"},\"image\":{\"@id\":\"https:\/\/carrx-distribution.com\/fr\/produit\/kit-reparation-siege-cuir-automobile\/#primaryimage\"},\"thumbnailUrl\":\"https:\/\/carrx-distribution.com\/wp-content\/uploads\/2020\/10\/Kit-de-renovation-siege.jpg\",\"datePublished\":\"2020-10-04T12:49:30+00:00\",\"dateModified\":\"2025-06-14T17:43:42+00:00\",\"description\":\"R\u00e9novez vos cuirs de v\u00e9hicule avec le kit r\u00e9paration pour siege en cuir automobile de CarrX, r\u00e9sultats garantis d\u00e8s la premi\u00e8re utilisation.\",\"breadcrumb\":{\"@id\":\"https:\/\/carrx-distribution.com\/fr\/produit\/kit-reparation-siege-cuir-automobile\/#breadcrumb\"},\"inLanguage\":\"fr-FR\",\"potentialAction\":[{\"@type\":\"ReadAction\",\"target\":[\"https:\/\/carrx-distribution.com\/fr\/produit\/kit-reparation-siege-cuir-automobile\/\"]}]},{\"@type\":\"ImageObject\",\"inLanguage\":\"fr-FR\",\"@id\":\"https:\/\/carrx-distribution.com\/fr\/produit\/kit-reparation-siege-cuir-automobile\/#primaryimage\",\"url\":\"https:\/\/carrx-distribution.com\/wp-content\/uploads\/2020\/10\/Kit-de-renovation-siege.jpg\",\"contentUrl\":\"https:\/\/carrx-distribution.com\/wp-content\/uploads\/2020\/10\/Kit-de-renovation-siege.jpg\",\"width\":1000,\"height\":1000,\"caption\":\"Kit r\u00e9novation pour si\u00e8ge cuir auto\"},{\"@type\":\"BreadcrumbList\",\"@id\":\"https:\/\/carrx-distribution.com\/fr\/produit\/kit-reparation-siege-cuir-automobile\/#breadcrumb\",\"itemListElement\":[{\"@type\":\"ListItem\",\"position\":1,\"name\":\"Accueil\",\"item\":\"https:\/\/carrx-distribution.com\/fr\/\"},{\"@type\":\"ListItem\",\"position\":2,\"name\":\"Boutique\",\"item\":\"https:\/\/carrx-distribution.com\/fr\/?page_id=9692\"},{\"@type\":\"ListItem\",\"position\":3,\"name\":\"Kit r\u00e9paration &amp; r\u00e9novation pour siege en cuir automobile\"}]},{\"@type\":\"WebSite\",\"@id\":\"https:\/\/carrx-distribution.com\/fr\/#website\",\"url\":\"https:\/\/carrx-distribution.com\/fr\/\",\"name\":\"CarrX\",\"description\":\"Sp\u00e9cialiste cuir voiture et bateau\",\"potentialAction\":[{\"@type\":\"SearchAction\",\"target\":{\"@type\":\"EntryPoint\",\"urlTemplate\":\"https:\/\/carrx-distribution.com\/fr\/?s={search_term_string}\"},\"query-input\":{\"@type\":\"PropertyValueSpecification\",\"valueRequired\":true,\"valueName\":\"search_term_string\"}}],\"inLanguage\":\"fr-FR\"}]}<\/script>\n<!-- \/ Yoast SEO plugin. -->","yoast_head_json":{"title":"Kit r\u00e9novation si\u00e8ge cuir automobile \u2013 CarrX Distribution","description":"R\u00e9novez vos cuirs de v\u00e9hicule avec le kit r\u00e9paration pour siege en cuir automobile de CarrX, r\u00e9sultats garantis d\u00e8s la premi\u00e8re utilisation.","robots":{"index":"index","follow":"follow","max-snippet":"max-snippet:-1","max-image-preview":"max-image-preview:large","max-video-preview":"max-video-preview:-1"},"canonical":"https:\/\/carrx-distribution.com\/fr\/produit\/kit-reparation-siege-cuir-automobile\/","og_locale":"fr_FR","og_type":"article","og_title":"Kit r\u00e9novation si\u00e8ge cuir automobile \u2013 CarrX Distribution","og_description":"R\u00e9novez vos cuirs de v\u00e9hicule avec le kit r\u00e9paration pour siege en cuir automobile de CarrX, r\u00e9sultats garantis d\u00e8s la premi\u00e8re utilisation.","og_url":"https:\/\/carrx-distribution.com\/fr\/produit\/kit-reparation-siege-cuir-automobile\/","og_site_name":"CarrX","article_modified_time":"2025-06-14T17:43:42+00:00","og_image":[{"width":1000,"height":1000,"url":"https:\/\/carrx-distribution.com\/wp-content\/uploads\/2020\/10\/Kit-de-renovation-siege.jpg","type":"image\/jpeg"}],"twitter_card":"summary_large_image","twitter_misc":{"Dur\u00e9e de lecture estim\u00e9e":"2 minutes"},"schema":{"@context":"https:\/\/schema.org","@graph":[{"@type":"WebPage","@id":"https:\/\/carrx-distribution.com\/fr\/produit\/kit-reparation-siege-cuir-automobile\/","url":"https:\/\/carrx-distribution.com\/fr\/produit\/kit-reparation-siege-cuir-automobile\/","name":"Kit r\u00e9novation si\u00e8ge cuir automobile \u2013 CarrX Distribution","isPartOf":{"@id":"https:\/\/carrx-distribution.com\/fr\/#website"},"primaryImageOfPage":{"@id":"https:\/\/carrx-distribution.com\/fr\/produit\/kit-reparation-siege-cuir-automobile\/#primaryimage"},"image":{"@id":"https:\/\/carrx-distribution.com\/fr\/produit\/kit-reparation-siege-cuir-automobile\/#primaryimage"},"thumbnailUrl":"https:\/\/carrx-distribution.com\/wp-content\/uploads\/2020\/10\/Kit-de-renovation-siege.jpg","datePublished":"2020-10-04T12:49:30+00:00","dateModified":"2025-06-14T17:43:42+00:00","description":"R\u00e9novez vos cuirs de v\u00e9hicule avec le kit r\u00e9paration pour siege en cuir automobile de CarrX, r\u00e9sultats garantis d\u00e8s la premi\u00e8re utilisation.","breadcrumb":{"@id":"https:\/\/carrx-distribution.com\/fr\/produit\/kit-reparation-siege-cuir-automobile\/#breadcrumb"},"inLanguage":"fr-FR","potentialAction":[{"@type":"ReadAction","target":["https:\/\/carrx-distribution.com\/fr\/produit\/kit-reparation-siege-cuir-automobile\/"]}]},{"@type":"ImageObject","inLanguage":"fr-FR","@id":"https:\/\/carrx-distribution.com\/fr\/produit\/kit-reparation-siege-cuir-automobile\/#primaryimage","url":"https:\/\/carrx-distribution.com\/wp-content\/uploads\/2020\/10\/Kit-de-renovation-siege.jpg","contentUrl":"https:\/\/carrx-distribution.com\/wp-content\/uploads\/2020\/10\/Kit-de-renovation-siege.jpg","width":1000,"height":1000,"caption":"Kit r\u00e9novation pour si\u00e8ge cuir auto"},{"@type":"BreadcrumbList","@id":"https:\/\/carrx-distribution.com\/fr\/produit\/kit-reparation-siege-cuir-automobile\/#breadcrumb","itemListElement":[{"@type":"ListItem","position":1,"name":"Accueil","item":"https:\/\/carrx-distribution.com\/fr\/"},{"@type":"ListItem","position":2,"name":"Boutique","item":"https:\/\/carrx-distribution.com\/fr\/?page_id=9692"},{"@type":"ListItem","position":3,"name":"Kit r\u00e9paration &amp; r\u00e9novation pour siege en cuir automobile"}]},{"@type":"WebSite","@id":"https:\/\/carrx-distribution.com\/fr\/#website","url":"https:\/\/carrx-distribution.com\/fr\/","name":"CarrX","description":"Sp\u00e9cialiste cuir voiture et bateau","potentialAction":[{"@type":"SearchAction","target":{"@type":"EntryPoint","urlTemplate":"https:\/\/carrx-distribution.com\/fr\/?s={search_term_string}"},"query-input":{"@type":"PropertyValueSpecification","valueRequired":true,"valueName":"search_term_string"}}],"inLanguage":"fr-FR"}]}},"_links":{"self":[{"href":"https:\/\/carrx-distribution.com\/fr\/wp-json\/wp\/v2\/product\/8097","targetHints":{"allow":["GET"]}}],"collection":[{"href":"https:\/\/carrx-distribution.com\/fr\/wp-json\/wp\/v2\/product"}],"about":[{"href":"https:\/\/carrx-distribution.com\/fr\/wp-json\/wp\/v2\/types\/product"}],"replies":[{"embeddable":true,"href":"https:\/\/carrx-distribution.com\/fr\/wp-json\/wp\/v2\/comments?post=8097"}],"wp:featuredmedia":[{"embeddable":true,"href":"https:\/\/carrx-distribution.com\/fr\/wp-json\/wp\/v2\/media\/40561"}],"wp:attachment":[{"href":"https:\/\/carrx-distribution.com\/fr\/wp-json\/wp\/v2\/media?parent=8097"}],"wp:term":[{"taxonomy":"product_cat","embeddable":true,"href":"https:\/\/carrx-distribution.com\/fr\/wp-json\/wp\/v2\/product_cat?post=8097"},{"taxonomy":"product_tag","embeddable":true,"href":"https:\/\/carrx-distribution.com\/fr\/wp-json\/wp\/v2\/product_tag?post=8097"}],"curies":[{"name":"wp","href":"https:\/\/api.w.org\/{rel}","templated":true}]}}