{"id":8079,"date":"2020-10-05T12:12:11","date_gmt":"2020-10-05T10:12:11","guid":{"rendered":"https:\/\/carrx-distribution.com\/?post_type=product&#038;p=8079"},"modified":"2025-01-01T00:10:05","modified_gmt":"2024-12-31T23:10:05","slug":"kit-renovation-volant-cuir-noir","status":"publish","type":"product","link":"https:\/\/carrx-distribution.com\/fr\/produit\/kit-renovation-volant-cuir-noir\/","title":{"rendered":"Kit r\u00e9novation volant cuir noir"},"content":{"rendered":"<p>La qualit\u00e9 professionnelle est maintenant \u00e0 votre port\u00e9e avec le\u00a0<strong>kit de r\u00e9novation pour volant cuir\u00a0Carr<span style=\"color: #c40e1a\">X<\/span>\u00a0<\/strong>!<br \/>\nD\u00e9couvrez comment r\u00e9nover votre volant en cuir noir et r\u00e9parez-le au travers d\u2019un process simplifi\u00e9 et avec de vrais outils de professionnels !<br \/>\nAvec le <strong>kit de r\u00e9novation pour volant cuir <\/strong>noir et autres couleurs, profitez d\u2019une s\u00e9lection de produits choisis pour leur qualit\u00e9 et leur efficacit\u00e9, et venez \u00e0 bout des \u00e9raflures, frottements et autres nombreux signes d\u2019usure du temps. Suivez un process simple pour r\u00e9parer, r\u00e9nover votre volant en cuir avec : un\u00a0<strong>pot de p\u00e2te organique noire<\/strong>\u00a0pour uniformiser votre r\u00e9paration, un\u00a0<strong>fixateur<\/strong>\u00a0servant d\u2019appr\u00eat pour fixer le pigment que vous allez appliquer \u00e0 l\u2019aide des <strong>deux<\/strong>\u00a0<strong>\u00e9ponges\u00a0<\/strong>\u00e0 la forme de d\u00e9coupe sp\u00e9cialement \u00e9tudi\u00e9e pour vous permettre une r\u00e9partition homog\u00e8ne et durable et une\u00a0<strong>pigmentation<\/strong>\u00a0pour repigmenter votre cuir \u00e0 sa couleur d\u2019origine.<\/p>\n<p>Avec le kit de r\u00e9novation volant en cuir noir et autres coloris, <strong>vous retrouverez un volant comme neuf<\/strong>. Vous retrouverez \u00e9galement toutes les sensations de conduite d\u2019origine de votre v\u00e9hicule jusque dans la souplesse du cuir de votre volant.<br \/>\nVos cuirs ne m\u00e9ritent que l\u2019excellence et celle-ci a d\u00e9sormais un nom :\u00a0<strong>Carr<span style=\"color: #c40e1a\">X<\/span>\u00a0<\/strong>! Nos <a href=\"https:\/\/carrx-distribution.com\/categorie-produit\/kits-nettoyer-entretenir-renover\/\">kits nettoyage entretien r\u00e9novation du cuir<\/a> s&rsquo;adressent \u00e0 tous les particuliers et professionnels !<\/p>\n<p><em><u>NB : Avant toute op\u00e9ration avec le kit r\u00e9novation du cuir noir de votre volant, un nettoyage de la zone \u00e0 traiter est obligatoire ! (Voir nettoyant liquide Carr<span style=\"color: #c40e1a\">X<\/span>.) Vous pourrez ainsi vous assurer de la bonne absorption de la p\u00e2te organique et de la bonne incrustation des pigments dans votre mat\u00e9riau.<\/u><\/em><\/p>\n<p><em>Le Kit R\u00e9novation pour volant cuir noir contient : 1 fixateur 50 ml, 1 pigmentation noire 50 ml, 1 pot de p\u00e2te organique noire 50 ml, 2 \u00e9ponges d\u2019application, 1 spatule flexible d\u2019application, 1 feuille de papier \u00e0 poncer, 1 pinceau.<\/em><\/p>\n<p>Coloris : Noir. Autres coloris disponibles sur simple demande, contactez-nous : <a href=\"mailto:contact@carrx-distribution.com\">contact@carrx-distribution.com<\/a><\/p>\n<p style=\"text-align: justify\">\n","protected":false},"excerpt":{"rendered":"<ul>\n<li><span style=\"font-family: helvetica;font-size: 10pt\">Un kit tout-en-un pour r\u00e9parer et r\u00e9nover votre volant,<\/span><\/li>\n<li><span style=\"font-family: helvetica;font-size: 10pt\">La qualit\u00e9 professionnelle \u00e0 votre port\u00e9e,<\/span><\/li>\n<li><span style=\"font-size: 10pt;font-family: helvetica\">Un process simplifi\u00e9 pour un r\u00e9sultat optimal<\/span><\/li>\n<li><span style=\"font-size: 10pt;font-family: helvetica\">Autres coloris sur demande<\/span><\/li>\n<\/ul>\n","protected":false},"featured_media":40571,"comment_status":"open","ping_status":"closed","template":"","meta":[],"product_cat":[318],"product_tag":[],"class_list":{"0":"post-8079","1":"product","2":"type-product","3":"status-publish","4":"has-post-thumbnail","6":"product_cat-kits-nettoyer-entretenir-renover","7":"description-off","9":"first","10":"instock","11":"featured","12":"taxable","13":"shipping-taxable","14":"purchasable","15":"product-type-simple"},"yoast_head":"<!-- This site is optimized with the Yoast SEO plugin v24.2 - https:\/\/yoast.com\/wordpress\/plugins\/seo\/ -->\n<title>Kit r\u00e9novation pour volant cuir noir \u2013 CarrX Distribution<\/title>\n<meta name=\"description\" content=\"Retrouvez un vrai confort de conduite avec le kit r\u00e9novation pour volant en cuir noir de CarrX, la qualit\u00e9 professionnelle pour vous.\" \/>\n<meta name=\"robots\" content=\"index, follow, max-snippet:-1, max-image-preview:large, max-video-preview:-1\" \/>\n<link rel=\"canonical\" href=\"https:\/\/carrx-distribution.com\/fr\/produit\/kit-renovation-volant-cuir-noir\/\" \/>\n<meta property=\"og:locale\" content=\"fr_FR\" \/>\n<meta property=\"og:type\" content=\"article\" \/>\n<meta property=\"og:title\" content=\"Kit r\u00e9novation pour volant cuir noir \u2013 CarrX Distribution\" \/>\n<meta property=\"og:description\" content=\"Retrouvez un vrai confort de conduite avec le kit r\u00e9novation pour volant en cuir noir de CarrX, la qualit\u00e9 professionnelle pour vous.\" \/>\n<meta property=\"og:url\" content=\"https:\/\/carrx-distribution.com\/fr\/produit\/kit-renovation-volant-cuir-noir\/\" \/>\n<meta property=\"og:site_name\" content=\"CarrX\" \/>\n<meta property=\"article:modified_time\" content=\"2024-12-31T23:10:05+00:00\" \/>\n<meta property=\"og:image\" content=\"https:\/\/carrx-distribution.com\/wp-content\/uploads\/2020\/10\/Kit-Renovation-Volant.jpg\" \/>\n\t<meta property=\"og:image:width\" content=\"1000\" \/>\n\t<meta property=\"og:image:height\" content=\"1000\" \/>\n\t<meta property=\"og:image:type\" content=\"image\/jpeg\" \/>\n<meta name=\"twitter:card\" content=\"summary_large_image\" \/>\n<meta name=\"twitter:label1\" content=\"Dur\u00e9e de lecture estim\u00e9e\" \/>\n\t<meta name=\"twitter:data1\" content=\"2 minutes\" \/>\n<script type=\"application\/ld+json\" class=\"yoast-schema-graph\">{\"@context\":\"https:\/\/schema.org\",\"@graph\":[{\"@type\":\"WebPage\",\"@id\":\"https:\/\/carrx-distribution.com\/fr\/produit\/kit-renovation-volant-cuir-noir\/\",\"url\":\"https:\/\/carrx-distribution.com\/fr\/produit\/kit-renovation-volant-cuir-noir\/\",\"name\":\"Kit r\u00e9novation pour volant cuir noir \u2013 CarrX Distribution\",\"isPartOf\":{\"@id\":\"https:\/\/carrx-distribution.com\/fr\/#website\"},\"primaryImageOfPage\":{\"@id\":\"https:\/\/carrx-distribution.com\/fr\/produit\/kit-renovation-volant-cuir-noir\/#primaryimage\"},\"image\":{\"@id\":\"https:\/\/carrx-distribution.com\/fr\/produit\/kit-renovation-volant-cuir-noir\/#primaryimage\"},\"thumbnailUrl\":\"https:\/\/carrx-distribution.com\/wp-content\/uploads\/2020\/10\/Kit-Renovation-Volant.jpg\",\"datePublished\":\"2020-10-05T10:12:11+00:00\",\"dateModified\":\"2024-12-31T23:10:05+00:00\",\"description\":\"Retrouvez un vrai confort de conduite avec le kit r\u00e9novation pour volant en cuir noir de CarrX, la qualit\u00e9 professionnelle pour vous.\",\"breadcrumb\":{\"@id\":\"https:\/\/carrx-distribution.com\/fr\/produit\/kit-renovation-volant-cuir-noir\/#breadcrumb\"},\"inLanguage\":\"fr-FR\",\"potentialAction\":[{\"@type\":\"ReadAction\",\"target\":[\"https:\/\/carrx-distribution.com\/fr\/produit\/kit-renovation-volant-cuir-noir\/\"]}]},{\"@type\":\"ImageObject\",\"inLanguage\":\"fr-FR\",\"@id\":\"https:\/\/carrx-distribution.com\/fr\/produit\/kit-renovation-volant-cuir-noir\/#primaryimage\",\"url\":\"https:\/\/carrx-distribution.com\/wp-content\/uploads\/2020\/10\/Kit-Renovation-Volant.jpg\",\"contentUrl\":\"https:\/\/carrx-distribution.com\/wp-content\/uploads\/2020\/10\/Kit-Renovation-Volant.jpg\",\"width\":1000,\"height\":1000,\"caption\":\"Kit de r\u00e9novation volant cuir\"},{\"@type\":\"BreadcrumbList\",\"@id\":\"https:\/\/carrx-distribution.com\/fr\/produit\/kit-renovation-volant-cuir-noir\/#breadcrumb\",\"itemListElement\":[{\"@type\":\"ListItem\",\"position\":1,\"name\":\"Accueil\",\"item\":\"https:\/\/carrx-distribution.com\/fr\/\"},{\"@type\":\"ListItem\",\"position\":2,\"name\":\"Boutique\",\"item\":\"https:\/\/carrx-distribution.com\/fr\/?page_id=9692\"},{\"@type\":\"ListItem\",\"position\":3,\"name\":\"Kit r\u00e9novation volant cuir noir\"}]},{\"@type\":\"WebSite\",\"@id\":\"https:\/\/carrx-distribution.com\/fr\/#website\",\"url\":\"https:\/\/carrx-distribution.com\/fr\/\",\"name\":\"CarrX\",\"description\":\"Sp\u00e9cialiste cuir voiture et bateau\",\"potentialAction\":[{\"@type\":\"SearchAction\",\"target\":{\"@type\":\"EntryPoint\",\"urlTemplate\":\"https:\/\/carrx-distribution.com\/fr\/?s={search_term_string}\"},\"query-input\":{\"@type\":\"PropertyValueSpecification\",\"valueRequired\":true,\"valueName\":\"search_term_string\"}}],\"inLanguage\":\"fr-FR\"}]}<\/script>\n<!-- \/ Yoast SEO plugin. -->","yoast_head_json":{"title":"Kit r\u00e9novation pour volant cuir noir \u2013 CarrX Distribution","description":"Retrouvez un vrai confort de conduite avec le kit r\u00e9novation pour volant en cuir noir de CarrX, la qualit\u00e9 professionnelle pour vous.","robots":{"index":"index","follow":"follow","max-snippet":"max-snippet:-1","max-image-preview":"max-image-preview:large","max-video-preview":"max-video-preview:-1"},"canonical":"https:\/\/carrx-distribution.com\/fr\/produit\/kit-renovation-volant-cuir-noir\/","og_locale":"fr_FR","og_type":"article","og_title":"Kit r\u00e9novation pour volant cuir noir \u2013 CarrX Distribution","og_description":"Retrouvez un vrai confort de conduite avec le kit r\u00e9novation pour volant en cuir noir de CarrX, la qualit\u00e9 professionnelle pour vous.","og_url":"https:\/\/carrx-distribution.com\/fr\/produit\/kit-renovation-volant-cuir-noir\/","og_site_name":"CarrX","article_modified_time":"2024-12-31T23:10:05+00:00","og_image":[{"width":1000,"height":1000,"url":"https:\/\/carrx-distribution.com\/wp-content\/uploads\/2020\/10\/Kit-Renovation-Volant.jpg","type":"image\/jpeg"}],"twitter_card":"summary_large_image","twitter_misc":{"Dur\u00e9e de lecture estim\u00e9e":"2 minutes"},"schema":{"@context":"https:\/\/schema.org","@graph":[{"@type":"WebPage","@id":"https:\/\/carrx-distribution.com\/fr\/produit\/kit-renovation-volant-cuir-noir\/","url":"https:\/\/carrx-distribution.com\/fr\/produit\/kit-renovation-volant-cuir-noir\/","name":"Kit r\u00e9novation pour volant cuir noir \u2013 CarrX Distribution","isPartOf":{"@id":"https:\/\/carrx-distribution.com\/fr\/#website"},"primaryImageOfPage":{"@id":"https:\/\/carrx-distribution.com\/fr\/produit\/kit-renovation-volant-cuir-noir\/#primaryimage"},"image":{"@id":"https:\/\/carrx-distribution.com\/fr\/produit\/kit-renovation-volant-cuir-noir\/#primaryimage"},"thumbnailUrl":"https:\/\/carrx-distribution.com\/wp-content\/uploads\/2020\/10\/Kit-Renovation-Volant.jpg","datePublished":"2020-10-05T10:12:11+00:00","dateModified":"2024-12-31T23:10:05+00:00","description":"Retrouvez un vrai confort de conduite avec le kit r\u00e9novation pour volant en cuir noir de CarrX, la qualit\u00e9 professionnelle pour vous.","breadcrumb":{"@id":"https:\/\/carrx-distribution.com\/fr\/produit\/kit-renovation-volant-cuir-noir\/#breadcrumb"},"inLanguage":"fr-FR","potentialAction":[{"@type":"ReadAction","target":["https:\/\/carrx-distribution.com\/fr\/produit\/kit-renovation-volant-cuir-noir\/"]}]},{"@type":"ImageObject","inLanguage":"fr-FR","@id":"https:\/\/carrx-distribution.com\/fr\/produit\/kit-renovation-volant-cuir-noir\/#primaryimage","url":"https:\/\/carrx-distribution.com\/wp-content\/uploads\/2020\/10\/Kit-Renovation-Volant.jpg","contentUrl":"https:\/\/carrx-distribution.com\/wp-content\/uploads\/2020\/10\/Kit-Renovation-Volant.jpg","width":1000,"height":1000,"caption":"Kit de r\u00e9novation volant cuir"},{"@type":"BreadcrumbList","@id":"https:\/\/carrx-distribution.com\/fr\/produit\/kit-renovation-volant-cuir-noir\/#breadcrumb","itemListElement":[{"@type":"ListItem","position":1,"name":"Accueil","item":"https:\/\/carrx-distribution.com\/fr\/"},{"@type":"ListItem","position":2,"name":"Boutique","item":"https:\/\/carrx-distribution.com\/fr\/?page_id=9692"},{"@type":"ListItem","position":3,"name":"Kit r\u00e9novation volant cuir noir"}]},{"@type":"WebSite","@id":"https:\/\/carrx-distribution.com\/fr\/#website","url":"https:\/\/carrx-distribution.com\/fr\/","name":"CarrX","description":"Sp\u00e9cialiste cuir voiture et bateau","potentialAction":[{"@type":"SearchAction","target":{"@type":"EntryPoint","urlTemplate":"https:\/\/carrx-distribution.com\/fr\/?s={search_term_string}"},"query-input":{"@type":"PropertyValueSpecification","valueRequired":true,"valueName":"search_term_string"}}],"inLanguage":"fr-FR"}]}},"_links":{"self":[{"href":"https:\/\/carrx-distribution.com\/fr\/wp-json\/wp\/v2\/product\/8079","targetHints":{"allow":["GET"]}}],"collection":[{"href":"https:\/\/carrx-distribution.com\/fr\/wp-json\/wp\/v2\/product"}],"about":[{"href":"https:\/\/carrx-distribution.com\/fr\/wp-json\/wp\/v2\/types\/product"}],"replies":[{"embeddable":true,"href":"https:\/\/carrx-distribution.com\/fr\/wp-json\/wp\/v2\/comments?post=8079"}],"wp:featuredmedia":[{"embeddable":true,"href":"https:\/\/carrx-distribution.com\/fr\/wp-json\/wp\/v2\/media\/40571"}],"wp:attachment":[{"href":"https:\/\/carrx-distribution.com\/fr\/wp-json\/wp\/v2\/media?parent=8079"}],"wp:term":[{"taxonomy":"product_cat","embeddable":true,"href":"https:\/\/carrx-distribution.com\/fr\/wp-json\/wp\/v2\/product_cat?post=8079"},{"taxonomy":"product_tag","embeddable":true,"href":"https:\/\/carrx-distribution.com\/fr\/wp-json\/wp\/v2\/product_tag?post=8079"}],"curies":[{"name":"wp","href":"https:\/\/api.w.org\/{rel}","templated":true}]}}