{"id":8061,"date":"2020-10-01T18:06:59","date_gmt":"2020-10-01T16:06:59","guid":{"rendered":"https:\/\/carrx-distribution.com\/?post_type=product&#038;p=8061"},"modified":"2025-01-01T00:10:05","modified_gmt":"2024-12-31T23:10:05","slug":"kit-entretien-cuir","status":"publish","type":"product","link":"https:\/\/carrx-distribution.com\/fr\/produit\/kit-entretien-cuir\/","title":{"rendered":"Kit de Nettoyage pour le cuir auto\/moto\/bateau"},"content":{"rendered":"<p><strong>Carr<span style=\"color: #c40e1a\">X<\/span>\u00a0Distribution met la qualit\u00e9 professionnelle \u00e0 votre port\u00e9e !<\/strong><\/p>\n<p>Avec le <strong>Kit de Nettoyage pour le Cuir Carr<span style=\"color: #c40e1a\">X<\/span><\/strong>, vous avez d\u00e9sormais tous les outils indispensables et n\u00e9cessaires pour r\u00e9aliser un nettoyage de la fa\u00e7on la plus optimale.<\/p>\n<p>Pens\u00e9 pour que vous ayez tout en main pour travailler comme un professionnel, profitez d\u2019une gamme de produits s\u00e9lectionn\u00e9s pour leur qualit\u00e9 et leur efficacit\u00e9 et d\u2019un mode d\u2019emploi des plus simples pour un r\u00e9sultat bluffant.<\/p>\n<p>Avec le N<strong>ettoyant Liquide cuir<\/strong> <strong>Carr<span style=\"color: #c40e1a\">X<\/span>\u00a0<\/strong>et la brosse incluse dans le K<strong>it de Nettoyage pour le Cuir<\/strong>, <strong>d\u00e9barrassez-vous de la crasse incrust\u00e9e <\/strong>et <strong>redonnez un \u00e9clat d\u2019origine \u00e0 vos cuirs<\/strong> en les d\u00e9graissant par la m\u00eame occasion.<\/p>\n<p>Avec la <strong>Cr\u00e8me Nourrissante<\/strong> appliqu\u00e9e \u00e0 l\u2019aide notre \u00e9ponge d\u2019application, effectuez en final un nourrissage complet qui prot\u00e9gera votre cuir. Le nettoyage r\u00e9current de vos cuirs est primordial pour le bon traitement et la bonne sauvegarde de vos pi\u00e8ces de cuir. <strong>La cr\u00e8me nourrissante viendra compl\u00e9ter le nettoyage<\/strong> pour faire perdurer vos cuirs.<\/p>\n<p>Vos cuirs ne m\u00e9ritent que l\u2019excellence et celle-ci a d\u00e9sormais un nom :\u00a0<strong>Carr<span style=\"color: #c40e1a\">X<\/span><\/strong><strong>\u00a0<\/strong>!<\/p>\n<p>Ainsi nous mettons \u00e0 votre disposition des produits d\u2019une qualit\u00e9 professionnelle pour vous permettre de conserver vos cuirs et leur valeur plus longtemps et dans de meilleures conditions.<\/p>\n<h3>Comment bien nettoyer votre cuir\u00a0?<\/h3>\n<p><strong>Appliquez abondamment le nettoyant<\/strong> <strong>liquide cuir<\/strong> directement sur la zone \u00e0 nettoyer. Utilisez ensuite la brosse fournie dans le kit pour <strong>brosser \u00e9nergiquement la surface<\/strong>. Commencez par des gestes circulaires concentriques puis de plus en plus amples. <strong>Essuyez ensuite la surface<\/strong> avec un chiffon propre.<\/p>\n<p>Si la tache persiste, r\u00e9appliquez du nettoyant liquide et laissez agir quelques minutes avant de recommencer l\u2019op\u00e9ration.<\/p>\n<p><strong>Le kit nettoyage et entretien cuir contient<\/strong> : 1 nettoyant liquide 250 ml, 1 cr\u00e8me nourrissante 250 ml, 1 brosse, 1 lot d\u2019\u00e9ponges d\u2019application et 1 stick contre encre.<\/p>\n","protected":false},"excerpt":{"rendered":"<ul>\n<li><span class=\"a-list-item\">Le kit tout-en-un ultime d\u00e9di\u00e9 au nettoyage de vos cuirs<\/span><\/li>\n<li><span class=\"a-list-item\">Une s\u00e9lection de produits de qualit\u00e9 professionnelle<\/span><\/li>\n<li><span class=\"a-list-item\">Process simple pour un r\u00e9sultat visible<\/span><\/li>\n<li><span class=\"a-list-item\">Entretenez vos cuirs comme les maitres tanneurs<\/span><\/li>\n<li><span class=\"a-list-item\">Des produits utilis\u00e9s par les professionnels du detailing<\/span><\/li>\n<\/ul>\n","protected":false},"featured_media":40531,"comment_status":"open","ping_status":"closed","template":"","meta":[],"product_cat":[318],"product_tag":[],"class_list":{"0":"post-8061","1":"product","2":"type-product","3":"status-publish","4":"has-post-thumbnail","6":"product_cat-kits-nettoyer-entretenir-renover","7":"description-off","9":"first","10":"instock","11":"featured","12":"taxable","13":"shipping-taxable","14":"purchasable","15":"product-type-simple"},"yoast_head":"<!-- This site is optimized with the Yoast SEO plugin v24.2 - https:\/\/yoast.com\/wordpress\/plugins\/seo\/ -->\n<title>Kit entretien cuir &amp; nettoyage \u2013 CarrX Distribution<\/title>\n<meta name=\"description\" content=\"Pour le nettoyage de vos cuirs, le kit d\u2019entretien cuir CarrX est le produit id\u00e9al. Retrouvez un cuir d\u2019origine d\u00e8s la premi\u00e8re utilisation !\" \/>\n<meta name=\"robots\" content=\"index, follow, max-snippet:-1, max-image-preview:large, max-video-preview:-1\" \/>\n<link rel=\"canonical\" href=\"https:\/\/carrx-distribution.com\/fr\/produit\/kit-entretien-cuir\/\" \/>\n<meta property=\"og:locale\" content=\"fr_FR\" \/>\n<meta property=\"og:type\" content=\"article\" \/>\n<meta property=\"og:title\" content=\"Kit entretien cuir &amp; nettoyage \u2013 CarrX Distribution\" \/>\n<meta property=\"og:description\" content=\"Pour le nettoyage de vos cuirs, le kit d\u2019entretien cuir CarrX est le produit id\u00e9al. Retrouvez un cuir d\u2019origine d\u00e8s la premi\u00e8re utilisation !\" \/>\n<meta property=\"og:url\" content=\"https:\/\/carrx-distribution.com\/fr\/produit\/kit-entretien-cuir\/\" \/>\n<meta property=\"og:site_name\" content=\"CarrX\" \/>\n<meta property=\"article:modified_time\" content=\"2024-12-31T23:10:05+00:00\" \/>\n<meta property=\"og:image\" content=\"https:\/\/carrx-distribution.com\/wp-content\/uploads\/2020\/10\/Kit-Nettoyage-Cuir.jpg\" \/>\n\t<meta property=\"og:image:width\" content=\"1000\" \/>\n\t<meta property=\"og:image:height\" content=\"1000\" \/>\n\t<meta property=\"og:image:type\" content=\"image\/jpeg\" \/>\n<meta name=\"twitter:card\" content=\"summary_large_image\" \/>\n<meta name=\"twitter:label1\" content=\"Dur\u00e9e de lecture estim\u00e9e\" \/>\n\t<meta name=\"twitter:data1\" content=\"2 minutes\" \/>\n<script type=\"application\/ld+json\" class=\"yoast-schema-graph\">{\"@context\":\"https:\/\/schema.org\",\"@graph\":[{\"@type\":\"WebPage\",\"@id\":\"https:\/\/carrx-distribution.com\/fr\/produit\/kit-entretien-cuir\/\",\"url\":\"https:\/\/carrx-distribution.com\/fr\/produit\/kit-entretien-cuir\/\",\"name\":\"Kit entretien cuir & nettoyage \u2013 CarrX Distribution\",\"isPartOf\":{\"@id\":\"https:\/\/carrx-distribution.com\/fr\/#website\"},\"primaryImageOfPage\":{\"@id\":\"https:\/\/carrx-distribution.com\/fr\/produit\/kit-entretien-cuir\/#primaryimage\"},\"image\":{\"@id\":\"https:\/\/carrx-distribution.com\/fr\/produit\/kit-entretien-cuir\/#primaryimage\"},\"thumbnailUrl\":\"https:\/\/carrx-distribution.com\/wp-content\/uploads\/2020\/10\/Kit-Nettoyage-Cuir.jpg\",\"datePublished\":\"2020-10-01T16:06:59+00:00\",\"dateModified\":\"2024-12-31T23:10:05+00:00\",\"description\":\"Pour le nettoyage de vos cuirs, le kit d\u2019entretien cuir CarrX est le produit id\u00e9al. Retrouvez un cuir d\u2019origine d\u00e8s la premi\u00e8re utilisation !\",\"breadcrumb\":{\"@id\":\"https:\/\/carrx-distribution.com\/fr\/produit\/kit-entretien-cuir\/#breadcrumb\"},\"inLanguage\":\"fr-FR\",\"potentialAction\":[{\"@type\":\"ReadAction\",\"target\":[\"https:\/\/carrx-distribution.com\/fr\/produit\/kit-entretien-cuir\/\"]}]},{\"@type\":\"ImageObject\",\"inLanguage\":\"fr-FR\",\"@id\":\"https:\/\/carrx-distribution.com\/fr\/produit\/kit-entretien-cuir\/#primaryimage\",\"url\":\"https:\/\/carrx-distribution.com\/wp-content\/uploads\/2020\/10\/Kit-Nettoyage-Cuir.jpg\",\"contentUrl\":\"https:\/\/carrx-distribution.com\/wp-content\/uploads\/2020\/10\/Kit-Nettoyage-Cuir.jpg\",\"width\":1000,\"height\":1000,\"caption\":\"Kit de Nettoyage pour le cuir\"},{\"@type\":\"BreadcrumbList\",\"@id\":\"https:\/\/carrx-distribution.com\/fr\/produit\/kit-entretien-cuir\/#breadcrumb\",\"itemListElement\":[{\"@type\":\"ListItem\",\"position\":1,\"name\":\"Accueil\",\"item\":\"https:\/\/carrx-distribution.com\/fr\/\"},{\"@type\":\"ListItem\",\"position\":2,\"name\":\"Boutique\",\"item\":\"https:\/\/carrx-distribution.com\/fr\/?page_id=9692\"},{\"@type\":\"ListItem\",\"position\":3,\"name\":\"Kit de Nettoyage pour le cuir auto\/moto\/bateau\"}]},{\"@type\":\"WebSite\",\"@id\":\"https:\/\/carrx-distribution.com\/fr\/#website\",\"url\":\"https:\/\/carrx-distribution.com\/fr\/\",\"name\":\"CarrX\",\"description\":\"Sp\u00e9cialiste cuir voiture et bateau\",\"potentialAction\":[{\"@type\":\"SearchAction\",\"target\":{\"@type\":\"EntryPoint\",\"urlTemplate\":\"https:\/\/carrx-distribution.com\/fr\/?s={search_term_string}\"},\"query-input\":{\"@type\":\"PropertyValueSpecification\",\"valueRequired\":true,\"valueName\":\"search_term_string\"}}],\"inLanguage\":\"fr-FR\"}]}<\/script>\n<!-- \/ Yoast SEO plugin. -->","yoast_head_json":{"title":"Kit entretien cuir & nettoyage \u2013 CarrX Distribution","description":"Pour le nettoyage de vos cuirs, le kit d\u2019entretien cuir CarrX est le produit id\u00e9al. Retrouvez un cuir d\u2019origine d\u00e8s la premi\u00e8re utilisation !","robots":{"index":"index","follow":"follow","max-snippet":"max-snippet:-1","max-image-preview":"max-image-preview:large","max-video-preview":"max-video-preview:-1"},"canonical":"https:\/\/carrx-distribution.com\/fr\/produit\/kit-entretien-cuir\/","og_locale":"fr_FR","og_type":"article","og_title":"Kit entretien cuir & nettoyage \u2013 CarrX Distribution","og_description":"Pour le nettoyage de vos cuirs, le kit d\u2019entretien cuir CarrX est le produit id\u00e9al. Retrouvez un cuir d\u2019origine d\u00e8s la premi\u00e8re utilisation !","og_url":"https:\/\/carrx-distribution.com\/fr\/produit\/kit-entretien-cuir\/","og_site_name":"CarrX","article_modified_time":"2024-12-31T23:10:05+00:00","og_image":[{"width":1000,"height":1000,"url":"https:\/\/carrx-distribution.com\/wp-content\/uploads\/2020\/10\/Kit-Nettoyage-Cuir.jpg","type":"image\/jpeg"}],"twitter_card":"summary_large_image","twitter_misc":{"Dur\u00e9e de lecture estim\u00e9e":"2 minutes"},"schema":{"@context":"https:\/\/schema.org","@graph":[{"@type":"WebPage","@id":"https:\/\/carrx-distribution.com\/fr\/produit\/kit-entretien-cuir\/","url":"https:\/\/carrx-distribution.com\/fr\/produit\/kit-entretien-cuir\/","name":"Kit entretien cuir & nettoyage \u2013 CarrX Distribution","isPartOf":{"@id":"https:\/\/carrx-distribution.com\/fr\/#website"},"primaryImageOfPage":{"@id":"https:\/\/carrx-distribution.com\/fr\/produit\/kit-entretien-cuir\/#primaryimage"},"image":{"@id":"https:\/\/carrx-distribution.com\/fr\/produit\/kit-entretien-cuir\/#primaryimage"},"thumbnailUrl":"https:\/\/carrx-distribution.com\/wp-content\/uploads\/2020\/10\/Kit-Nettoyage-Cuir.jpg","datePublished":"2020-10-01T16:06:59+00:00","dateModified":"2024-12-31T23:10:05+00:00","description":"Pour le nettoyage de vos cuirs, le kit d\u2019entretien cuir CarrX est le produit id\u00e9al. Retrouvez un cuir d\u2019origine d\u00e8s la premi\u00e8re utilisation !","breadcrumb":{"@id":"https:\/\/carrx-distribution.com\/fr\/produit\/kit-entretien-cuir\/#breadcrumb"},"inLanguage":"fr-FR","potentialAction":[{"@type":"ReadAction","target":["https:\/\/carrx-distribution.com\/fr\/produit\/kit-entretien-cuir\/"]}]},{"@type":"ImageObject","inLanguage":"fr-FR","@id":"https:\/\/carrx-distribution.com\/fr\/produit\/kit-entretien-cuir\/#primaryimage","url":"https:\/\/carrx-distribution.com\/wp-content\/uploads\/2020\/10\/Kit-Nettoyage-Cuir.jpg","contentUrl":"https:\/\/carrx-distribution.com\/wp-content\/uploads\/2020\/10\/Kit-Nettoyage-Cuir.jpg","width":1000,"height":1000,"caption":"Kit de Nettoyage pour le cuir"},{"@type":"BreadcrumbList","@id":"https:\/\/carrx-distribution.com\/fr\/produit\/kit-entretien-cuir\/#breadcrumb","itemListElement":[{"@type":"ListItem","position":1,"name":"Accueil","item":"https:\/\/carrx-distribution.com\/fr\/"},{"@type":"ListItem","position":2,"name":"Boutique","item":"https:\/\/carrx-distribution.com\/fr\/?page_id=9692"},{"@type":"ListItem","position":3,"name":"Kit de Nettoyage pour le cuir auto\/moto\/bateau"}]},{"@type":"WebSite","@id":"https:\/\/carrx-distribution.com\/fr\/#website","url":"https:\/\/carrx-distribution.com\/fr\/","name":"CarrX","description":"Sp\u00e9cialiste cuir voiture et bateau","potentialAction":[{"@type":"SearchAction","target":{"@type":"EntryPoint","urlTemplate":"https:\/\/carrx-distribution.com\/fr\/?s={search_term_string}"},"query-input":{"@type":"PropertyValueSpecification","valueRequired":true,"valueName":"search_term_string"}}],"inLanguage":"fr-FR"}]}},"_links":{"self":[{"href":"https:\/\/carrx-distribution.com\/fr\/wp-json\/wp\/v2\/product\/8061","targetHints":{"allow":["GET"]}}],"collection":[{"href":"https:\/\/carrx-distribution.com\/fr\/wp-json\/wp\/v2\/product"}],"about":[{"href":"https:\/\/carrx-distribution.com\/fr\/wp-json\/wp\/v2\/types\/product"}],"replies":[{"embeddable":true,"href":"https:\/\/carrx-distribution.com\/fr\/wp-json\/wp\/v2\/comments?post=8061"}],"wp:featuredmedia":[{"embeddable":true,"href":"https:\/\/carrx-distribution.com\/fr\/wp-json\/wp\/v2\/media\/40531"}],"wp:attachment":[{"href":"https:\/\/carrx-distribution.com\/fr\/wp-json\/wp\/v2\/media?parent=8061"}],"wp:term":[{"taxonomy":"product_cat","embeddable":true,"href":"https:\/\/carrx-distribution.com\/fr\/wp-json\/wp\/v2\/product_cat?post=8061"},{"taxonomy":"product_tag","embeddable":true,"href":"https:\/\/carrx-distribution.com\/fr\/wp-json\/wp\/v2\/product_tag?post=8061"}],"curies":[{"name":"wp","href":"https:\/\/api.w.org\/{rel}","templated":true}]}}