{"id":37779,"date":"2022-04-14T11:55:51","date_gmt":"2022-04-14T09:55:51","guid":{"rendered":"https:\/\/carrx-distribution.com\/?post_type=product&#038;p=37779"},"modified":"2024-01-04T16:15:37","modified_gmt":"2024-01-04T15:15:37","slug":"spatule-rigide","status":"publish","type":"product","link":"https:\/\/carrx-distribution.com\/fr\/produit\/spatule-rigide\/","title":{"rendered":"SPATULE RIGIDE (lot de 3)"},"content":{"rendered":"<p>Au contraire de notre <a href=\"https:\/\/carrx-distribution.com\/produit\/spatules-flexibles\/\"><u>spatule flexible<\/u><\/a>, la spatule rigide est destin\u00e9e et <strong>adapt\u00e9e \u00e0 l\u2019application de toutes vos pr\u00e9parations<\/strong> pour le cuir sur des <strong>zones planes et \u00e9tendues<\/strong>. Gr\u00e2ce \u00e0 une tr\u00e8s bonne tenue en main et \u00e0 sa rigidit\u00e9, vous pourrez sans mal appuyer sur le cuir pour <strong>faire p\u00e9n\u00e9trer efficacement tous vos produits<\/strong>.<\/p>\n<p>Avec une bonne r\u00e9partition de vos produits, l\u2019un des premiers avantages est leur \u00e9conomie, <strong>vous pourrez faire durer vos stocks plus longtemps<\/strong>. Un autre avantage est l\u2019<strong>absorption de ces produits par le cuir<\/strong>. Etant une mati\u00e8re organique, le cuir s\u2019impr\u00e8gne et absorbe tous les agents chimiques et naturels qu\u2019il rencontre s\u2019il n\u2019est pas imperm\u00e9abilis\u00e9 efficacement.<\/p>\n<p>En utilisant notre spatule rigide, <a href=\"https:\/\/carrx-distribution.com\/categorie-produit\/carrx-accessoires\/\">accessoire pour le cuir<\/a>, pour la r\u00e9novation du cuir, vous vous assurez <strong>une r\u00e9partition homog\u00e8ne<\/strong> \u00e0 la surface de ce dernier. Vous n\u2019aurez pas \u00e0 faire face \u00e0 d\u2019\u00e9ventuels surplus et autres amas de produits d\u2019entretien. Il vous restera simplement \u00e0 laisser s\u00e9cher et reposer la mati\u00e8re avant de r\u00e9utiliser votre objet en cuir.<\/p>\n<p>Notre savoir-faire nous pousse \u00e0 vous fournir des outils toujours plus adapt\u00e9s aux situations que vous pouvez rencontrer. C\u2019est pour cette raison que <strong>notre spatule poss\u00e8de une forme sp\u00e9ciale<\/strong>, <strong>\u00e9tudi\u00e9e pour l\u2019application de produits <\/strong>sur surface plane.<\/p>\n<p>Avant d\u2019appliquer vos diff\u00e9rents produits, <strong>nous vous conseillons vivement de nettoyer efficacement vos surfaces<\/strong> \u00e0 l\u2019aide de notre nettoyant naturel pour le cuir. Pour les surfaces tr\u00e8s sales, notre <a href=\"https:\/\/carrx-distribution.com\/produit\/nettoyant-cuir-concentre\/\"><u>nettoyant concentr\u00e9<\/u><\/a> se chargera de faire dispara\u00eetre toutes les taches !<\/p>\n","protected":false},"excerpt":{"rendered":"<p>Avec la <strong>spatule rigide<\/strong> vous pourrez enfin r\u00e9nover vos cuirs et leur <strong>appliquer tous les produits de soins que vous souhaitez<\/strong>. CarrX vous offre une gamme compl\u00e8te d\u2019accessoires pour le cuir. Avec la <strong>spatule rigide<\/strong>, notre offre se renforce et gagne en adaptabilit\u00e9. Avec notre spatule, visez l\u2019objectif \u00ab\u00a0z\u00e9ro gaspillage\u00a0\u00bb\u00a0!<\/p>\n<p>Spatules vendues par <strong>lot de 5<\/strong>.<\/p>\n","protected":false},"featured_media":40529,"comment_status":"open","ping_status":"closed","template":"","meta":[],"product_cat":[320],"product_tag":[],"class_list":{"0":"post-37779","1":"product","2":"type-product","3":"status-publish","4":"has-post-thumbnail","6":"product_cat-carrx-accessoires","7":"description-off","9":"first","10":"instock","11":"taxable","12":"shipping-taxable","13":"purchasable","14":"product-type-simple"},"yoast_head":"<!-- This site is optimized with the Yoast SEO plugin v24.2 - https:\/\/yoast.com\/wordpress\/plugins\/seo\/ -->\n<title>Spatule rigide \u2013 CarrX Distribution<\/title>\n<meta name=\"description\" content=\"La spatule rigide vous sert pour la r\u00e9novation de vos cuirs, finit le gaspillage de produits ! CarrX vous fournit tout le n\u00e9cessaire pour le cuir.\" \/>\n<meta name=\"robots\" content=\"index, follow, max-snippet:-1, max-image-preview:large, max-video-preview:-1\" \/>\n<link rel=\"canonical\" href=\"https:\/\/carrx-distribution.com\/fr\/produit\/spatule-rigide\/\" \/>\n<meta property=\"og:locale\" content=\"fr_FR\" \/>\n<meta property=\"og:type\" content=\"article\" \/>\n<meta property=\"og:title\" content=\"Spatule rigide \u2013 CarrX Distribution\" \/>\n<meta property=\"og:description\" content=\"La spatule rigide vous sert pour la r\u00e9novation de vos cuirs, finit le gaspillage de produits ! CarrX vous fournit tout le n\u00e9cessaire pour le cuir.\" \/>\n<meta property=\"og:url\" content=\"https:\/\/carrx-distribution.com\/fr\/produit\/spatule-rigide\/\" \/>\n<meta property=\"og:site_name\" content=\"CarrX\" \/>\n<meta property=\"article:modified_time\" content=\"2024-01-04T15:15:37+00:00\" \/>\n<meta property=\"og:image\" content=\"https:\/\/carrx-distribution.com\/wp-content\/uploads\/2022\/04\/Spatule-rigide.jpg\" \/>\n\t<meta property=\"og:image:width\" content=\"1000\" \/>\n\t<meta property=\"og:image:height\" content=\"1000\" \/>\n\t<meta property=\"og:image:type\" content=\"image\/jpeg\" \/>\n<meta name=\"twitter:card\" content=\"summary_large_image\" \/>\n<meta name=\"twitter:label1\" content=\"Dur\u00e9e de lecture estim\u00e9e\" \/>\n\t<meta name=\"twitter:data1\" content=\"2 minutes\" \/>\n<script type=\"application\/ld+json\" class=\"yoast-schema-graph\">{\"@context\":\"https:\/\/schema.org\",\"@graph\":[{\"@type\":\"WebPage\",\"@id\":\"https:\/\/carrx-distribution.com\/fr\/produit\/spatule-rigide\/\",\"url\":\"https:\/\/carrx-distribution.com\/fr\/produit\/spatule-rigide\/\",\"name\":\"Spatule rigide \u2013 CarrX Distribution\",\"isPartOf\":{\"@id\":\"https:\/\/carrx-distribution.com\/fr\/#website\"},\"primaryImageOfPage\":{\"@id\":\"https:\/\/carrx-distribution.com\/fr\/produit\/spatule-rigide\/#primaryimage\"},\"image\":{\"@id\":\"https:\/\/carrx-distribution.com\/fr\/produit\/spatule-rigide\/#primaryimage\"},\"thumbnailUrl\":\"https:\/\/carrx-distribution.com\/wp-content\/uploads\/2022\/04\/Spatule-rigide.jpg\",\"datePublished\":\"2022-04-14T09:55:51+00:00\",\"dateModified\":\"2024-01-04T15:15:37+00:00\",\"description\":\"La spatule rigide vous sert pour la r\u00e9novation de vos cuirs, finit le gaspillage de produits ! CarrX vous fournit tout le n\u00e9cessaire pour le cuir.\",\"breadcrumb\":{\"@id\":\"https:\/\/carrx-distribution.com\/fr\/produit\/spatule-rigide\/#breadcrumb\"},\"inLanguage\":\"fr-FR\",\"potentialAction\":[{\"@type\":\"ReadAction\",\"target\":[\"https:\/\/carrx-distribution.com\/fr\/produit\/spatule-rigide\/\"]}]},{\"@type\":\"ImageObject\",\"inLanguage\":\"fr-FR\",\"@id\":\"https:\/\/carrx-distribution.com\/fr\/produit\/spatule-rigide\/#primaryimage\",\"url\":\"https:\/\/carrx-distribution.com\/wp-content\/uploads\/2022\/04\/Spatule-rigide.jpg\",\"contentUrl\":\"https:\/\/carrx-distribution.com\/wp-content\/uploads\/2022\/04\/Spatule-rigide.jpg\",\"width\":1000,\"height\":1000,\"caption\":\"Spatule pour \u00e9taler vos produits pour le cuir\"},{\"@type\":\"BreadcrumbList\",\"@id\":\"https:\/\/carrx-distribution.com\/fr\/produit\/spatule-rigide\/#breadcrumb\",\"itemListElement\":[{\"@type\":\"ListItem\",\"position\":1,\"name\":\"Accueil\",\"item\":\"https:\/\/carrx-distribution.com\/fr\/\"},{\"@type\":\"ListItem\",\"position\":2,\"name\":\"Boutique\",\"item\":\"https:\/\/carrx-distribution.com\/fr\/?page_id=9692\"},{\"@type\":\"ListItem\",\"position\":3,\"name\":\"SPATULE RIGIDE (lot de 3)\"}]},{\"@type\":\"WebSite\",\"@id\":\"https:\/\/carrx-distribution.com\/fr\/#website\",\"url\":\"https:\/\/carrx-distribution.com\/fr\/\",\"name\":\"CarrX\",\"description\":\"Sp\u00e9cialiste cuir voiture et bateau\",\"potentialAction\":[{\"@type\":\"SearchAction\",\"target\":{\"@type\":\"EntryPoint\",\"urlTemplate\":\"https:\/\/carrx-distribution.com\/fr\/?s={search_term_string}\"},\"query-input\":{\"@type\":\"PropertyValueSpecification\",\"valueRequired\":true,\"valueName\":\"search_term_string\"}}],\"inLanguage\":\"fr-FR\"}]}<\/script>\n<!-- \/ Yoast SEO plugin. -->","yoast_head_json":{"title":"Spatule rigide \u2013 CarrX Distribution","description":"La spatule rigide vous sert pour la r\u00e9novation de vos cuirs, finit le gaspillage de produits ! CarrX vous fournit tout le n\u00e9cessaire pour le cuir.","robots":{"index":"index","follow":"follow","max-snippet":"max-snippet:-1","max-image-preview":"max-image-preview:large","max-video-preview":"max-video-preview:-1"},"canonical":"https:\/\/carrx-distribution.com\/fr\/produit\/spatule-rigide\/","og_locale":"fr_FR","og_type":"article","og_title":"Spatule rigide \u2013 CarrX Distribution","og_description":"La spatule rigide vous sert pour la r\u00e9novation de vos cuirs, finit le gaspillage de produits ! CarrX vous fournit tout le n\u00e9cessaire pour le cuir.","og_url":"https:\/\/carrx-distribution.com\/fr\/produit\/spatule-rigide\/","og_site_name":"CarrX","article_modified_time":"2024-01-04T15:15:37+00:00","og_image":[{"width":1000,"height":1000,"url":"https:\/\/carrx-distribution.com\/wp-content\/uploads\/2022\/04\/Spatule-rigide.jpg","type":"image\/jpeg"}],"twitter_card":"summary_large_image","twitter_misc":{"Dur\u00e9e de lecture estim\u00e9e":"2 minutes"},"schema":{"@context":"https:\/\/schema.org","@graph":[{"@type":"WebPage","@id":"https:\/\/carrx-distribution.com\/fr\/produit\/spatule-rigide\/","url":"https:\/\/carrx-distribution.com\/fr\/produit\/spatule-rigide\/","name":"Spatule rigide \u2013 CarrX Distribution","isPartOf":{"@id":"https:\/\/carrx-distribution.com\/fr\/#website"},"primaryImageOfPage":{"@id":"https:\/\/carrx-distribution.com\/fr\/produit\/spatule-rigide\/#primaryimage"},"image":{"@id":"https:\/\/carrx-distribution.com\/fr\/produit\/spatule-rigide\/#primaryimage"},"thumbnailUrl":"https:\/\/carrx-distribution.com\/wp-content\/uploads\/2022\/04\/Spatule-rigide.jpg","datePublished":"2022-04-14T09:55:51+00:00","dateModified":"2024-01-04T15:15:37+00:00","description":"La spatule rigide vous sert pour la r\u00e9novation de vos cuirs, finit le gaspillage de produits ! CarrX vous fournit tout le n\u00e9cessaire pour le cuir.","breadcrumb":{"@id":"https:\/\/carrx-distribution.com\/fr\/produit\/spatule-rigide\/#breadcrumb"},"inLanguage":"fr-FR","potentialAction":[{"@type":"ReadAction","target":["https:\/\/carrx-distribution.com\/fr\/produit\/spatule-rigide\/"]}]},{"@type":"ImageObject","inLanguage":"fr-FR","@id":"https:\/\/carrx-distribution.com\/fr\/produit\/spatule-rigide\/#primaryimage","url":"https:\/\/carrx-distribution.com\/wp-content\/uploads\/2022\/04\/Spatule-rigide.jpg","contentUrl":"https:\/\/carrx-distribution.com\/wp-content\/uploads\/2022\/04\/Spatule-rigide.jpg","width":1000,"height":1000,"caption":"Spatule pour \u00e9taler vos produits pour le cuir"},{"@type":"BreadcrumbList","@id":"https:\/\/carrx-distribution.com\/fr\/produit\/spatule-rigide\/#breadcrumb","itemListElement":[{"@type":"ListItem","position":1,"name":"Accueil","item":"https:\/\/carrx-distribution.com\/fr\/"},{"@type":"ListItem","position":2,"name":"Boutique","item":"https:\/\/carrx-distribution.com\/fr\/?page_id=9692"},{"@type":"ListItem","position":3,"name":"SPATULE RIGIDE (lot de 3)"}]},{"@type":"WebSite","@id":"https:\/\/carrx-distribution.com\/fr\/#website","url":"https:\/\/carrx-distribution.com\/fr\/","name":"CarrX","description":"Sp\u00e9cialiste cuir voiture et bateau","potentialAction":[{"@type":"SearchAction","target":{"@type":"EntryPoint","urlTemplate":"https:\/\/carrx-distribution.com\/fr\/?s={search_term_string}"},"query-input":{"@type":"PropertyValueSpecification","valueRequired":true,"valueName":"search_term_string"}}],"inLanguage":"fr-FR"}]}},"_links":{"self":[{"href":"https:\/\/carrx-distribution.com\/fr\/wp-json\/wp\/v2\/product\/37779","targetHints":{"allow":["GET"]}}],"collection":[{"href":"https:\/\/carrx-distribution.com\/fr\/wp-json\/wp\/v2\/product"}],"about":[{"href":"https:\/\/carrx-distribution.com\/fr\/wp-json\/wp\/v2\/types\/product"}],"replies":[{"embeddable":true,"href":"https:\/\/carrx-distribution.com\/fr\/wp-json\/wp\/v2\/comments?post=37779"}],"wp:featuredmedia":[{"embeddable":true,"href":"https:\/\/carrx-distribution.com\/fr\/wp-json\/wp\/v2\/media\/40529"}],"wp:attachment":[{"href":"https:\/\/carrx-distribution.com\/fr\/wp-json\/wp\/v2\/media?parent=37779"}],"wp:term":[{"taxonomy":"product_cat","embeddable":true,"href":"https:\/\/carrx-distribution.com\/fr\/wp-json\/wp\/v2\/product_cat?post=37779"},{"taxonomy":"product_tag","embeddable":true,"href":"https:\/\/carrx-distribution.com\/fr\/wp-json\/wp\/v2\/product_tag?post=37779"}],"curies":[{"name":"wp","href":"https:\/\/api.w.org\/{rel}","templated":true}]}}