{"id":37776,"date":"2022-04-14T12:23:15","date_gmt":"2022-04-14T10:23:15","guid":{"rendered":"https:\/\/carrx-distribution.com\/?post_type=product&#038;p=37776"},"modified":"2025-01-01T00:10:06","modified_gmt":"2024-12-31T23:10:06","slug":"nettoyant-cuir-concentre","status":"publish","type":"product","link":"https:\/\/carrx-distribution.com\/fr\/produit\/nettoyant-cuir-concentre\/","title":{"rendered":"Nettoyant Concentr\u00e9 pour le cuir &#8211;  100 Ml"},"content":{"rendered":"<div class=\"flex flex-grow flex-col max-w-full\">\n<div class=\"min-h-[20px] text-message flex flex-col items-start gap-3 whitespace-pre-wrap break-words [.text-message+&amp;]:mt-5 overflow-x-auto\" data-message-author-role=\"assistant\" data-message-id=\"093d40e2-7de5-4a5e-b63e-529763f75910\">\n<div class=\"markdown prose w-full break-words dark:prose-invert light\">\n<p>En amont d&rsquo;une op\u00e9ration d&rsquo;entretien, il est crucial d&rsquo;effectuer le nettoyage initial du cuir.<\/p>\n<p>Cependant, dans certaines situations, cela peut ne pas suffire, surtout sur des coloris clairs, pouvant r\u00e9v\u00e9ler des imperfections ou des t\u00e2ches persistantes.<\/p>\n<p>Pour rem\u00e9dier \u00e0 cela, Carr<span style=\"color: #ff0000\">X<\/span> propose son <strong>Nettoyant Concentr\u00e9<\/strong>, une formule puissante con\u00e7ue pour d\u00e9graisser efficacement le cuir.<\/p>\n<p>Utilis\u00e9 en compl\u00e9ment du nettoyage standard, il permet de mieu<span style=\"color: #ff0000\">x<\/span> traiter les t\u00e2ches tenaces qui pourraient \u00e9ventuellement s&rsquo;incruster dans le mat\u00e9riau.<\/p>\n<p>Pratique \u00e0 utiliser avec son format compact, le <strong>Nettoyant Concentr\u00e9 Carr<span style=\"color: #ff0000\">X<\/span><\/strong> est \u00e9quip\u00e9 d\u2019un pistolet diffusant une mousse sans coulures lors de son application sur la zone \u00e0 traiter.<\/p>\n<p>En suivant le processus similaire \u00e0 l\u2019utilisation du <strong>Savon Liquide Carr<span style=\"color: #ff0000\">X<\/span><\/strong>, il vous suffit ensuite de frotter vigoureusement la surface \u00e0 l\u2019aide d\u2019une brosse \u00e0 poils durs, puis d\u2019essuyer d\u00e9licatement le r\u00e9sidu avec un chiffon dou<span style=\"color: #ff0000\">x<\/span> en coton.<\/p>\n<\/div>\n<p><em>Disponible en format 100 Ml<\/em><\/p>\n<\/div>\n<\/div>\n","protected":false},"excerpt":{"rendered":"<ul class=\"a-unordered-list a-vertical\">\n<li><span class=\"a-list-item\">Vient \u00e0 bout des taches tenaces<\/span><\/li>\n<li><span class=\"a-list-item\">Application locale facile sous forme de mousse<\/span><\/li>\n<li><span class=\"a-list-item\">Formule issue des m\u00e9tiers de la tannerie<\/span><\/li>\n<li><span class=\"a-list-item\">Nettoie et d\u00e9graisse tous vos supports en cuir auto moto bateau<\/span><\/li>\n<li><span class=\"a-list-item\">La qualit\u00e9 professionnelle enfin accessible<\/span><\/li>\n<\/ul>\n<p>Volume disponible\u00a0: <strong>100 mL<\/strong>.<\/p>\n","protected":false},"featured_media":40595,"comment_status":"open","ping_status":"closed","template":"","meta":[],"product_cat":[469],"product_tag":[],"class_list":{"0":"post-37776","1":"product","2":"type-product","3":"status-publish","4":"has-post-thumbnail","6":"product_cat-nettoyage-cuir","7":"description-off","9":"first","10":"instock","11":"taxable","12":"shipping-taxable","13":"purchasable","14":"product-type-simple"},"yoast_head":"<!-- This site is optimized with the Yoast SEO plugin v24.2 - https:\/\/yoast.com\/wordpress\/plugins\/seo\/ -->\n<title>Nettoyant Concentr\u00e9 pour le cuir \u2013 CarrX<\/title>\n<meta name=\"description\" content=\"Optez pour la puissance du Nettoyant Concentr\u00e9 pour le cuir afin d&#039;\u00e9liminer durablement la salet\u00e9 de vos cuirs tout en pr\u00e9servant leur int\u00e9grit\u00e9r.\" \/>\n<meta name=\"robots\" content=\"index, follow, max-snippet:-1, max-image-preview:large, max-video-preview:-1\" \/>\n<link rel=\"canonical\" href=\"https:\/\/carrx-distribution.com\/fr\/produit\/nettoyant-cuir-concentre\/\" \/>\n<meta property=\"og:locale\" content=\"fr_FR\" \/>\n<meta property=\"og:type\" content=\"article\" \/>\n<meta property=\"og:title\" content=\"Nettoyant Concentr\u00e9 pour le cuir \u2013 CarrX\" \/>\n<meta property=\"og:description\" content=\"Optez pour la puissance du Nettoyant Concentr\u00e9 pour le cuir afin d&#039;\u00e9liminer durablement la salet\u00e9 de vos cuirs tout en pr\u00e9servant leur int\u00e9grit\u00e9r.\" \/>\n<meta property=\"og:url\" content=\"https:\/\/carrx-distribution.com\/fr\/produit\/nettoyant-cuir-concentre\/\" \/>\n<meta property=\"og:site_name\" content=\"CarrX\" \/>\n<meta property=\"article:modified_time\" content=\"2024-12-31T23:10:06+00:00\" \/>\n<meta property=\"og:image\" content=\"https:\/\/carrx-distribution.com\/wp-content\/uploads\/2022\/04\/Nettoyant-Concentre-Cuir-100Ml.jpg\" \/>\n\t<meta property=\"og:image:width\" content=\"1000\" \/>\n\t<meta property=\"og:image:height\" content=\"1000\" \/>\n\t<meta property=\"og:image:type\" content=\"image\/jpeg\" \/>\n<meta name=\"twitter:card\" content=\"summary_large_image\" \/>\n<meta name=\"twitter:label1\" content=\"Dur\u00e9e de lecture estim\u00e9e\" \/>\n\t<meta name=\"twitter:data1\" content=\"1 minute\" \/>\n<script type=\"application\/ld+json\" class=\"yoast-schema-graph\">{\"@context\":\"https:\/\/schema.org\",\"@graph\":[{\"@type\":\"WebPage\",\"@id\":\"https:\/\/carrx-distribution.com\/fr\/produit\/nettoyant-cuir-concentre\/\",\"url\":\"https:\/\/carrx-distribution.com\/fr\/produit\/nettoyant-cuir-concentre\/\",\"name\":\"Nettoyant Concentr\u00e9 pour le cuir \u2013 CarrX\",\"isPartOf\":{\"@id\":\"https:\/\/carrx-distribution.com\/fr\/#website\"},\"primaryImageOfPage\":{\"@id\":\"https:\/\/carrx-distribution.com\/fr\/produit\/nettoyant-cuir-concentre\/#primaryimage\"},\"image\":{\"@id\":\"https:\/\/carrx-distribution.com\/fr\/produit\/nettoyant-cuir-concentre\/#primaryimage\"},\"thumbnailUrl\":\"https:\/\/carrx-distribution.com\/wp-content\/uploads\/2022\/04\/Nettoyant-Concentre-Cuir-100Ml.jpg\",\"datePublished\":\"2022-04-14T10:23:15+00:00\",\"dateModified\":\"2024-12-31T23:10:06+00:00\",\"description\":\"Optez pour la puissance du Nettoyant Concentr\u00e9 pour le cuir afin d'\u00e9liminer durablement la salet\u00e9 de vos cuirs tout en pr\u00e9servant leur int\u00e9grit\u00e9r.\",\"breadcrumb\":{\"@id\":\"https:\/\/carrx-distribution.com\/fr\/produit\/nettoyant-cuir-concentre\/#breadcrumb\"},\"inLanguage\":\"fr-FR\",\"potentialAction\":[{\"@type\":\"ReadAction\",\"target\":[\"https:\/\/carrx-distribution.com\/fr\/produit\/nettoyant-cuir-concentre\/\"]}]},{\"@type\":\"ImageObject\",\"inLanguage\":\"fr-FR\",\"@id\":\"https:\/\/carrx-distribution.com\/fr\/produit\/nettoyant-cuir-concentre\/#primaryimage\",\"url\":\"https:\/\/carrx-distribution.com\/wp-content\/uploads\/2022\/04\/Nettoyant-Concentre-Cuir-100Ml.jpg\",\"contentUrl\":\"https:\/\/carrx-distribution.com\/wp-content\/uploads\/2022\/04\/Nettoyant-Concentre-Cuir-100Ml.jpg\",\"width\":1000,\"height\":1000,\"caption\":\"Nettoyant cuir auto concentr\u00e9 en 100 mL\"},{\"@type\":\"BreadcrumbList\",\"@id\":\"https:\/\/carrx-distribution.com\/fr\/produit\/nettoyant-cuir-concentre\/#breadcrumb\",\"itemListElement\":[{\"@type\":\"ListItem\",\"position\":1,\"name\":\"Accueil\",\"item\":\"https:\/\/carrx-distribution.com\/fr\/\"},{\"@type\":\"ListItem\",\"position\":2,\"name\":\"Boutique\",\"item\":\"https:\/\/carrx-distribution.com\/fr\/?page_id=9692\"},{\"@type\":\"ListItem\",\"position\":3,\"name\":\"Nettoyant Concentr\u00e9 pour le cuir &#8211; 100 Ml\"}]},{\"@type\":\"WebSite\",\"@id\":\"https:\/\/carrx-distribution.com\/fr\/#website\",\"url\":\"https:\/\/carrx-distribution.com\/fr\/\",\"name\":\"CarrX\",\"description\":\"Sp\u00e9cialiste cuir voiture et bateau\",\"potentialAction\":[{\"@type\":\"SearchAction\",\"target\":{\"@type\":\"EntryPoint\",\"urlTemplate\":\"https:\/\/carrx-distribution.com\/fr\/?s={search_term_string}\"},\"query-input\":{\"@type\":\"PropertyValueSpecification\",\"valueRequired\":true,\"valueName\":\"search_term_string\"}}],\"inLanguage\":\"fr-FR\"}]}<\/script>\n<!-- \/ Yoast SEO plugin. -->","yoast_head_json":{"title":"Nettoyant Concentr\u00e9 pour le cuir \u2013 CarrX","description":"Optez pour la puissance du Nettoyant Concentr\u00e9 pour le cuir afin d'\u00e9liminer durablement la salet\u00e9 de vos cuirs tout en pr\u00e9servant leur int\u00e9grit\u00e9r.","robots":{"index":"index","follow":"follow","max-snippet":"max-snippet:-1","max-image-preview":"max-image-preview:large","max-video-preview":"max-video-preview:-1"},"canonical":"https:\/\/carrx-distribution.com\/fr\/produit\/nettoyant-cuir-concentre\/","og_locale":"fr_FR","og_type":"article","og_title":"Nettoyant Concentr\u00e9 pour le cuir \u2013 CarrX","og_description":"Optez pour la puissance du Nettoyant Concentr\u00e9 pour le cuir afin d'\u00e9liminer durablement la salet\u00e9 de vos cuirs tout en pr\u00e9servant leur int\u00e9grit\u00e9r.","og_url":"https:\/\/carrx-distribution.com\/fr\/produit\/nettoyant-cuir-concentre\/","og_site_name":"CarrX","article_modified_time":"2024-12-31T23:10:06+00:00","og_image":[{"width":1000,"height":1000,"url":"https:\/\/carrx-distribution.com\/wp-content\/uploads\/2022\/04\/Nettoyant-Concentre-Cuir-100Ml.jpg","type":"image\/jpeg"}],"twitter_card":"summary_large_image","twitter_misc":{"Dur\u00e9e de lecture estim\u00e9e":"1 minute"},"schema":{"@context":"https:\/\/schema.org","@graph":[{"@type":"WebPage","@id":"https:\/\/carrx-distribution.com\/fr\/produit\/nettoyant-cuir-concentre\/","url":"https:\/\/carrx-distribution.com\/fr\/produit\/nettoyant-cuir-concentre\/","name":"Nettoyant Concentr\u00e9 pour le cuir \u2013 CarrX","isPartOf":{"@id":"https:\/\/carrx-distribution.com\/fr\/#website"},"primaryImageOfPage":{"@id":"https:\/\/carrx-distribution.com\/fr\/produit\/nettoyant-cuir-concentre\/#primaryimage"},"image":{"@id":"https:\/\/carrx-distribution.com\/fr\/produit\/nettoyant-cuir-concentre\/#primaryimage"},"thumbnailUrl":"https:\/\/carrx-distribution.com\/wp-content\/uploads\/2022\/04\/Nettoyant-Concentre-Cuir-100Ml.jpg","datePublished":"2022-04-14T10:23:15+00:00","dateModified":"2024-12-31T23:10:06+00:00","description":"Optez pour la puissance du Nettoyant Concentr\u00e9 pour le cuir afin d'\u00e9liminer durablement la salet\u00e9 de vos cuirs tout en pr\u00e9servant leur int\u00e9grit\u00e9r.","breadcrumb":{"@id":"https:\/\/carrx-distribution.com\/fr\/produit\/nettoyant-cuir-concentre\/#breadcrumb"},"inLanguage":"fr-FR","potentialAction":[{"@type":"ReadAction","target":["https:\/\/carrx-distribution.com\/fr\/produit\/nettoyant-cuir-concentre\/"]}]},{"@type":"ImageObject","inLanguage":"fr-FR","@id":"https:\/\/carrx-distribution.com\/fr\/produit\/nettoyant-cuir-concentre\/#primaryimage","url":"https:\/\/carrx-distribution.com\/wp-content\/uploads\/2022\/04\/Nettoyant-Concentre-Cuir-100Ml.jpg","contentUrl":"https:\/\/carrx-distribution.com\/wp-content\/uploads\/2022\/04\/Nettoyant-Concentre-Cuir-100Ml.jpg","width":1000,"height":1000,"caption":"Nettoyant cuir auto concentr\u00e9 en 100 mL"},{"@type":"BreadcrumbList","@id":"https:\/\/carrx-distribution.com\/fr\/produit\/nettoyant-cuir-concentre\/#breadcrumb","itemListElement":[{"@type":"ListItem","position":1,"name":"Accueil","item":"https:\/\/carrx-distribution.com\/fr\/"},{"@type":"ListItem","position":2,"name":"Boutique","item":"https:\/\/carrx-distribution.com\/fr\/?page_id=9692"},{"@type":"ListItem","position":3,"name":"Nettoyant Concentr\u00e9 pour le cuir &#8211; 100 Ml"}]},{"@type":"WebSite","@id":"https:\/\/carrx-distribution.com\/fr\/#website","url":"https:\/\/carrx-distribution.com\/fr\/","name":"CarrX","description":"Sp\u00e9cialiste cuir voiture et bateau","potentialAction":[{"@type":"SearchAction","target":{"@type":"EntryPoint","urlTemplate":"https:\/\/carrx-distribution.com\/fr\/?s={search_term_string}"},"query-input":{"@type":"PropertyValueSpecification","valueRequired":true,"valueName":"search_term_string"}}],"inLanguage":"fr-FR"}]}},"_links":{"self":[{"href":"https:\/\/carrx-distribution.com\/fr\/wp-json\/wp\/v2\/product\/37776","targetHints":{"allow":["GET"]}}],"collection":[{"href":"https:\/\/carrx-distribution.com\/fr\/wp-json\/wp\/v2\/product"}],"about":[{"href":"https:\/\/carrx-distribution.com\/fr\/wp-json\/wp\/v2\/types\/product"}],"replies":[{"embeddable":true,"href":"https:\/\/carrx-distribution.com\/fr\/wp-json\/wp\/v2\/comments?post=37776"}],"wp:featuredmedia":[{"embeddable":true,"href":"https:\/\/carrx-distribution.com\/fr\/wp-json\/wp\/v2\/media\/40595"}],"wp:attachment":[{"href":"https:\/\/carrx-distribution.com\/fr\/wp-json\/wp\/v2\/media?parent=37776"}],"wp:term":[{"taxonomy":"product_cat","embeddable":true,"href":"https:\/\/carrx-distribution.com\/fr\/wp-json\/wp\/v2\/product_cat?post=37776"},{"taxonomy":"product_tag","embeddable":true,"href":"https:\/\/carrx-distribution.com\/fr\/wp-json\/wp\/v2\/product_tag?post=37776"}],"curies":[{"name":"wp","href":"https:\/\/api.w.org\/{rel}","templated":true}]}}