{"id":37772,"date":"2020-02-14T10:18:38","date_gmt":"2020-02-14T09:18:38","guid":{"rendered":"https:\/\/carrx-distribution.com\/?post_type=product&#038;p=37772"},"modified":"2024-01-02T14:11:34","modified_gmt":"2024-01-02T13:11:34","slug":"effaceur-encre-sur-cuir","status":"publish","type":"product","link":"https:\/\/carrx-distribution.com\/fr\/produit\/effaceur-encre-sur-cuir\/","title":{"rendered":"Stick Effaceur d&rsquo;Encre"},"content":{"rendered":"<p>Comment enlever une tache d\u2019encre sur du cuir ? Quoi de mieux pour <strong>effacer toute trace d\u2019une tache \u00e0 l\u2019encre<\/strong> qu\u2019un simple stylo effaceur\u00a0d\u2019encre sur cuir\u2026 Vous n\u2019aurez qu\u2019\u00e0 utiliser une unique fois notre produit et vous retrouverez votre cuir comme si rien ne s\u2019\u00e9tait pass\u00e9\u00a0! L\u2019efficacit\u00e9 de l\u2019effaceur est <strong>optimale lorsque la tache est encore fra\u00eeche<\/strong>. Plus vous laisserez de temps s\u2019\u00e9couler avant le traitement, plus l\u2019encre ou le rouge \u00e0 l\u00e8vres sera absorb\u00e9 par le cuir.<\/p>\n<p>Vous pourrez nettoyer le cuir de <strong>n\u2019importe quelle condition, et de n\u2019importe quelle couleur<\/strong>. D\u00e8s que l\u2019accident survient, appliquez notre stylo de retouche cuir de voiture ou de canap\u00e9 et <strong>la tache partira apr\u00e8s quelques repasses<\/strong> seulement\u00a0!<\/p>\n<p>Pour vous d\u00e9barrasser de vos taches d\u2019encre et de rouge \u00e0 l\u00e8vres vous n\u2019aurez besoin de rien de plus <strong>: ni brosse ni aucun nettoyant additionnel ne seront n\u00e9cessaires<\/strong> pour venir \u00e0 bout d\u2019une tache d\u2019encre.<\/p>\n<p>Notre stylo de retouche pour cuir, ou effaceur d\u2019encre sur cuir, est un produit \u00e9prouv\u00e9 et fiable. Vous pourrez \u00e9videmment vous en servir plusieurs fois. Le produit qu\u2019il contient a \u00e9t\u00e9 sp\u00e9cialement mis au point pour respecter vos surfaces. Vous n\u2019aurez pas \u00e0 craindre une \u00e9ventuelle d\u00e9coloration ou un quelconque ass\u00e8chement de votre cuir.<\/p>\n<p>Notez toutefois que ce produit ne fait pas office de protection contre l\u2019encre ou autre compos\u00e9 s\u2019en approchant\u00a0! L\u2019entretien du cuir est avant tout une t\u00e2che qui se doit d\u2019\u00eatre r\u00e9currente. C\u2019est gr\u00e2ce \u00e0 un entretien continu que votre cuir pourra vieillir correctement, pour cela vous pouvez utiliser notre <a href=\"https:\/\/carrx-distribution.com\/produit\/nettoyant-cuir-voiture\/\">nettoyant pour cuir<\/a>\u00a0!<\/p>\n","protected":false},"excerpt":{"rendered":"<p>Inspir\u00e9 des effaceurs d\u2019encre pour papier, notre <strong>effaceur d\u2019encre sur cuir<\/strong> est un petit bijou d\u2019entretien pour le cuir. Vous pourrez dire <strong>au revoir \u00e0 toutes les taches d\u2019encre et de rouge \u00e0 l\u00e8vres<\/strong> qui peuvent survenir sur un fauteuil ou sur un canap\u00e9\u00a0!<\/p>\n","protected":false},"featured_media":40440,"comment_status":"open","ping_status":"closed","template":"","meta":[],"product_cat":[469,320],"product_tag":[],"class_list":{"0":"post-37772","1":"product","2":"type-product","3":"status-publish","4":"has-post-thumbnail","6":"product_cat-nettoyage-cuir","7":"product_cat-carrx-accessoires","8":"description-off","10":"first","11":"instock","12":"taxable","13":"shipping-taxable","14":"purchasable","15":"product-type-simple"},"yoast_head":"<!-- This site is optimized with the Yoast SEO plugin v24.2 - https:\/\/yoast.com\/wordpress\/plugins\/seo\/ -->\n<title>Stick Effaceur d\u2019Encre \u2013 CarrX Distribution<\/title>\n<meta name=\"description\" content=\"Notre effaceur d\u2019encre sur cuir est un produit simple et efficace. Il \u00e9limine les traces de stylos sur le cuir en un clin d\u2019\u0153il !\" \/>\n<meta name=\"robots\" content=\"index, follow, max-snippet:-1, max-image-preview:large, max-video-preview:-1\" \/>\n<link rel=\"canonical\" href=\"https:\/\/carrx-distribution.com\/fr\/produit\/effaceur-encre-sur-cuir\/\" \/>\n<meta property=\"og:locale\" content=\"fr_FR\" \/>\n<meta property=\"og:type\" content=\"article\" \/>\n<meta property=\"og:title\" content=\"Stick Effaceur d\u2019Encre \u2013 CarrX Distribution\" \/>\n<meta property=\"og:description\" content=\"Notre effaceur d\u2019encre sur cuir est un produit simple et efficace. Il \u00e9limine les traces de stylos sur le cuir en un clin d\u2019\u0153il !\" \/>\n<meta property=\"og:url\" content=\"https:\/\/carrx-distribution.com\/fr\/produit\/effaceur-encre-sur-cuir\/\" \/>\n<meta property=\"og:site_name\" content=\"CarrX\" \/>\n<meta property=\"article:modified_time\" content=\"2024-01-02T13:11:34+00:00\" \/>\n<meta property=\"og:image\" content=\"https:\/\/carrx-distribution.com\/wp-content\/uploads\/2020\/02\/Stick-effaceur-encre.jpg\" \/>\n\t<meta property=\"og:image:width\" content=\"1000\" \/>\n\t<meta property=\"og:image:height\" content=\"1000\" \/>\n\t<meta property=\"og:image:type\" content=\"image\/jpeg\" \/>\n<meta name=\"twitter:card\" content=\"summary_large_image\" \/>\n<meta name=\"twitter:label1\" content=\"Dur\u00e9e de lecture estim\u00e9e\" \/>\n\t<meta name=\"twitter:data1\" content=\"2 minutes\" \/>\n<script type=\"application\/ld+json\" class=\"yoast-schema-graph\">{\"@context\":\"https:\/\/schema.org\",\"@graph\":[{\"@type\":\"WebPage\",\"@id\":\"https:\/\/carrx-distribution.com\/fr\/produit\/effaceur-encre-sur-cuir\/\",\"url\":\"https:\/\/carrx-distribution.com\/fr\/produit\/effaceur-encre-sur-cuir\/\",\"name\":\"Stick Effaceur d\u2019Encre \u2013 CarrX Distribution\",\"isPartOf\":{\"@id\":\"https:\/\/carrx-distribution.com\/fr\/#website\"},\"primaryImageOfPage\":{\"@id\":\"https:\/\/carrx-distribution.com\/fr\/produit\/effaceur-encre-sur-cuir\/#primaryimage\"},\"image\":{\"@id\":\"https:\/\/carrx-distribution.com\/fr\/produit\/effaceur-encre-sur-cuir\/#primaryimage\"},\"thumbnailUrl\":\"https:\/\/carrx-distribution.com\/wp-content\/uploads\/2020\/02\/Stick-effaceur-encre.jpg\",\"datePublished\":\"2020-02-14T09:18:38+00:00\",\"dateModified\":\"2024-01-02T13:11:34+00:00\",\"description\":\"Notre effaceur d\u2019encre sur cuir est un produit simple et efficace. Il \u00e9limine les traces de stylos sur le cuir en un clin d\u2019\u0153il !\",\"breadcrumb\":{\"@id\":\"https:\/\/carrx-distribution.com\/fr\/produit\/effaceur-encre-sur-cuir\/#breadcrumb\"},\"inLanguage\":\"fr-FR\",\"potentialAction\":[{\"@type\":\"ReadAction\",\"target\":[\"https:\/\/carrx-distribution.com\/fr\/produit\/effaceur-encre-sur-cuir\/\"]}]},{\"@type\":\"ImageObject\",\"inLanguage\":\"fr-FR\",\"@id\":\"https:\/\/carrx-distribution.com\/fr\/produit\/effaceur-encre-sur-cuir\/#primaryimage\",\"url\":\"https:\/\/carrx-distribution.com\/wp-content\/uploads\/2020\/02\/Stick-effaceur-encre.jpg\",\"contentUrl\":\"https:\/\/carrx-distribution.com\/wp-content\/uploads\/2020\/02\/Stick-effaceur-encre.jpg\",\"width\":1000,\"height\":1000,\"caption\":\"Stylo effaceur d'encre pour retirer les traces d'encre sur le cuir.\"},{\"@type\":\"BreadcrumbList\",\"@id\":\"https:\/\/carrx-distribution.com\/fr\/produit\/effaceur-encre-sur-cuir\/#breadcrumb\",\"itemListElement\":[{\"@type\":\"ListItem\",\"position\":1,\"name\":\"Accueil\",\"item\":\"https:\/\/carrx-distribution.com\/fr\/\"},{\"@type\":\"ListItem\",\"position\":2,\"name\":\"Boutique\",\"item\":\"https:\/\/carrx-distribution.com\/fr\/?page_id=9692\"},{\"@type\":\"ListItem\",\"position\":3,\"name\":\"Stick Effaceur d&rsquo;Encre\"}]},{\"@type\":\"WebSite\",\"@id\":\"https:\/\/carrx-distribution.com\/fr\/#website\",\"url\":\"https:\/\/carrx-distribution.com\/fr\/\",\"name\":\"CarrX\",\"description\":\"Sp\u00e9cialiste cuir voiture et bateau\",\"potentialAction\":[{\"@type\":\"SearchAction\",\"target\":{\"@type\":\"EntryPoint\",\"urlTemplate\":\"https:\/\/carrx-distribution.com\/fr\/?s={search_term_string}\"},\"query-input\":{\"@type\":\"PropertyValueSpecification\",\"valueRequired\":true,\"valueName\":\"search_term_string\"}}],\"inLanguage\":\"fr-FR\"}]}<\/script>\n<!-- \/ Yoast SEO plugin. -->","yoast_head_json":{"title":"Stick Effaceur d\u2019Encre \u2013 CarrX Distribution","description":"Notre effaceur d\u2019encre sur cuir est un produit simple et efficace. Il \u00e9limine les traces de stylos sur le cuir en un clin d\u2019\u0153il !","robots":{"index":"index","follow":"follow","max-snippet":"max-snippet:-1","max-image-preview":"max-image-preview:large","max-video-preview":"max-video-preview:-1"},"canonical":"https:\/\/carrx-distribution.com\/fr\/produit\/effaceur-encre-sur-cuir\/","og_locale":"fr_FR","og_type":"article","og_title":"Stick Effaceur d\u2019Encre \u2013 CarrX Distribution","og_description":"Notre effaceur d\u2019encre sur cuir est un produit simple et efficace. Il \u00e9limine les traces de stylos sur le cuir en un clin d\u2019\u0153il !","og_url":"https:\/\/carrx-distribution.com\/fr\/produit\/effaceur-encre-sur-cuir\/","og_site_name":"CarrX","article_modified_time":"2024-01-02T13:11:34+00:00","og_image":[{"width":1000,"height":1000,"url":"https:\/\/carrx-distribution.com\/wp-content\/uploads\/2020\/02\/Stick-effaceur-encre.jpg","type":"image\/jpeg"}],"twitter_card":"summary_large_image","twitter_misc":{"Dur\u00e9e de lecture estim\u00e9e":"2 minutes"},"schema":{"@context":"https:\/\/schema.org","@graph":[{"@type":"WebPage","@id":"https:\/\/carrx-distribution.com\/fr\/produit\/effaceur-encre-sur-cuir\/","url":"https:\/\/carrx-distribution.com\/fr\/produit\/effaceur-encre-sur-cuir\/","name":"Stick Effaceur d\u2019Encre \u2013 CarrX Distribution","isPartOf":{"@id":"https:\/\/carrx-distribution.com\/fr\/#website"},"primaryImageOfPage":{"@id":"https:\/\/carrx-distribution.com\/fr\/produit\/effaceur-encre-sur-cuir\/#primaryimage"},"image":{"@id":"https:\/\/carrx-distribution.com\/fr\/produit\/effaceur-encre-sur-cuir\/#primaryimage"},"thumbnailUrl":"https:\/\/carrx-distribution.com\/wp-content\/uploads\/2020\/02\/Stick-effaceur-encre.jpg","datePublished":"2020-02-14T09:18:38+00:00","dateModified":"2024-01-02T13:11:34+00:00","description":"Notre effaceur d\u2019encre sur cuir est un produit simple et efficace. Il \u00e9limine les traces de stylos sur le cuir en un clin d\u2019\u0153il !","breadcrumb":{"@id":"https:\/\/carrx-distribution.com\/fr\/produit\/effaceur-encre-sur-cuir\/#breadcrumb"},"inLanguage":"fr-FR","potentialAction":[{"@type":"ReadAction","target":["https:\/\/carrx-distribution.com\/fr\/produit\/effaceur-encre-sur-cuir\/"]}]},{"@type":"ImageObject","inLanguage":"fr-FR","@id":"https:\/\/carrx-distribution.com\/fr\/produit\/effaceur-encre-sur-cuir\/#primaryimage","url":"https:\/\/carrx-distribution.com\/wp-content\/uploads\/2020\/02\/Stick-effaceur-encre.jpg","contentUrl":"https:\/\/carrx-distribution.com\/wp-content\/uploads\/2020\/02\/Stick-effaceur-encre.jpg","width":1000,"height":1000,"caption":"Stylo effaceur d'encre pour retirer les traces d'encre sur le cuir."},{"@type":"BreadcrumbList","@id":"https:\/\/carrx-distribution.com\/fr\/produit\/effaceur-encre-sur-cuir\/#breadcrumb","itemListElement":[{"@type":"ListItem","position":1,"name":"Accueil","item":"https:\/\/carrx-distribution.com\/fr\/"},{"@type":"ListItem","position":2,"name":"Boutique","item":"https:\/\/carrx-distribution.com\/fr\/?page_id=9692"},{"@type":"ListItem","position":3,"name":"Stick Effaceur d&rsquo;Encre"}]},{"@type":"WebSite","@id":"https:\/\/carrx-distribution.com\/fr\/#website","url":"https:\/\/carrx-distribution.com\/fr\/","name":"CarrX","description":"Sp\u00e9cialiste cuir voiture et bateau","potentialAction":[{"@type":"SearchAction","target":{"@type":"EntryPoint","urlTemplate":"https:\/\/carrx-distribution.com\/fr\/?s={search_term_string}"},"query-input":{"@type":"PropertyValueSpecification","valueRequired":true,"valueName":"search_term_string"}}],"inLanguage":"fr-FR"}]}},"_links":{"self":[{"href":"https:\/\/carrx-distribution.com\/fr\/wp-json\/wp\/v2\/product\/37772","targetHints":{"allow":["GET"]}}],"collection":[{"href":"https:\/\/carrx-distribution.com\/fr\/wp-json\/wp\/v2\/product"}],"about":[{"href":"https:\/\/carrx-distribution.com\/fr\/wp-json\/wp\/v2\/types\/product"}],"replies":[{"embeddable":true,"href":"https:\/\/carrx-distribution.com\/fr\/wp-json\/wp\/v2\/comments?post=37772"}],"wp:featuredmedia":[{"embeddable":true,"href":"https:\/\/carrx-distribution.com\/fr\/wp-json\/wp\/v2\/media\/40440"}],"wp:attachment":[{"href":"https:\/\/carrx-distribution.com\/fr\/wp-json\/wp\/v2\/media?parent=37772"}],"wp:term":[{"taxonomy":"product_cat","embeddable":true,"href":"https:\/\/carrx-distribution.com\/fr\/wp-json\/wp\/v2\/product_cat?post=37772"},{"taxonomy":"product_tag","embeddable":true,"href":"https:\/\/carrx-distribution.com\/fr\/wp-json\/wp\/v2\/product_tag?post=37772"}],"curies":[{"name":"wp","href":"https:\/\/api.w.org\/{rel}","templated":true}]}}