{"id":37769,"date":"2022-04-14T10:06:00","date_gmt":"2022-04-14T08:06:00","guid":{"rendered":"https:\/\/carrx-distribution.com\/?post_type=product&#038;p=37769"},"modified":"2024-01-06T14:13:24","modified_gmt":"2024-01-06T13:13:24","slug":"cale-a-poncer-epaisse","status":"publish","type":"product","link":"https:\/\/carrx-distribution.com\/fr\/produit\/cale-a-poncer-epaisse\/","title":{"rendered":"Cale \u00e0 Poncer Epaisse"},"content":{"rendered":"<p>Parfaites pour poncer une surface plane en temps normal, c&rsquo;est l&rsquo;outil id\u00e9al dans le cadre d&rsquo;une r\u00e9novation et\/ou de r\u00e9paration de support en cuir. En effet, elle est utilis\u00e9e pour adoucir et lisser les tranches du cuir apr\u00e8s l&rsquo;application de la <strong>P\u00e2te Organique de R\u00e9paration Carr<span style=\"color: #ff0000\">X <\/span><\/strong>ou dans le cadre d&rsquo;une op\u00e9ration de recoloration dudit support avec les <strong>Pigments Carr<span style=\"color: #ff0000\">X<\/span><\/strong>. Apr\u00e8s s\u00e9chage du pigment ou de la p\u00e2te, la <strong>Cale \u00e0 Poncer Epaisse<\/strong> va aider \u00e0 aplanir le <em>\u00ab\u00a0trop plein\u00a0\u00bb<\/em> appliqu\u00e9 sur le support et ainsi homog\u00e9n\u00e9iser la zone trait\u00e9e en retirant reliefs et imperfections, assurant ainsi un r\u00e9sultat impeccable.<\/p>\n<p>Pour un r\u00e9sultat parfait, l&rsquo;id\u00e9al est de l&rsquo;utiliser en combinaison avec la <strong>Cale \u00e0 Poncer Fine Carr<span style=\"color: #ff0000\">X<\/span><\/strong>, en passe altern\u00e9e : en partant du plus gros grain jusqu&rsquo;au grain fin.<\/p>\n<p>Dimensions : L x l x h<\/p>\n<p>&nbsp;<\/p>\n","protected":false},"excerpt":{"rendered":"<ul>\n<li>Prise en main facile<\/li>\n<li>s&rsquo;utilise en combinaison avec la cale \u00e0 poncer fine<\/li>\n<li>outil id\u00e9al pour faire disparaitre les imperfections d&rsquo;une pigmentation<\/li>\n<\/ul>\n<p><em>Cale \u00e0 poncer vendue \u00e0 l\u2019unit\u00e9.<\/em><\/p>\n","protected":false},"featured_media":40525,"comment_status":"open","ping_status":"closed","template":"","meta":[],"product_cat":[320],"product_tag":[],"class_list":{"0":"post-37769","1":"product","2":"type-product","3":"status-publish","4":"has-post-thumbnail","6":"product_cat-carrx-accessoires","7":"description-off","9":"first","10":"instock","11":"taxable","12":"shipping-taxable","13":"purchasable","14":"product-type-simple"},"yoast_head":"<!-- This site is optimized with the Yoast SEO plugin v24.2 - https:\/\/yoast.com\/wordpress\/plugins\/seo\/ -->\n<title>Cale \u00e0 Poncer Epaisse pour le cuir \u2013 CarrX<\/title>\n<meta name=\"description\" content=\"La Cale \u00e0 Poncer Epaisse est l&#039;outil id\u00e9al pour venir \u00e0 bout des imperfections laiss\u00e9es lors de la r\u00e9novation\/r\u00e9paration de votre cuir.\" \/>\n<meta name=\"robots\" content=\"index, follow, max-snippet:-1, max-image-preview:large, max-video-preview:-1\" \/>\n<link rel=\"canonical\" href=\"https:\/\/carrx-distribution.com\/fr\/produit\/cale-a-poncer-epaisse\/\" \/>\n<meta property=\"og:locale\" content=\"fr_FR\" \/>\n<meta property=\"og:type\" content=\"article\" \/>\n<meta property=\"og:title\" content=\"Cale \u00e0 Poncer Epaisse pour le cuir \u2013 CarrX\" \/>\n<meta property=\"og:description\" content=\"La Cale \u00e0 Poncer Epaisse est l&#039;outil id\u00e9al pour venir \u00e0 bout des imperfections laiss\u00e9es lors de la r\u00e9novation\/r\u00e9paration de votre cuir.\" \/>\n<meta property=\"og:url\" content=\"https:\/\/carrx-distribution.com\/fr\/produit\/cale-a-poncer-epaisse\/\" \/>\n<meta property=\"og:site_name\" content=\"CarrX\" \/>\n<meta property=\"article:modified_time\" content=\"2024-01-06T13:13:24+00:00\" \/>\n<meta property=\"og:image\" content=\"https:\/\/carrx-distribution.com\/wp-content\/uploads\/2022\/04\/Cale-a-poncer-epaisse.jpg\" \/>\n\t<meta property=\"og:image:width\" content=\"1000\" \/>\n\t<meta property=\"og:image:height\" content=\"1000\" \/>\n\t<meta property=\"og:image:type\" content=\"image\/jpeg\" \/>\n<meta name=\"twitter:card\" content=\"summary_large_image\" \/>\n<meta name=\"twitter:label1\" content=\"Dur\u00e9e de lecture estim\u00e9e\" \/>\n\t<meta name=\"twitter:data1\" content=\"1 minute\" \/>\n<script type=\"application\/ld+json\" class=\"yoast-schema-graph\">{\"@context\":\"https:\/\/schema.org\",\"@graph\":[{\"@type\":\"WebPage\",\"@id\":\"https:\/\/carrx-distribution.com\/fr\/produit\/cale-a-poncer-epaisse\/\",\"url\":\"https:\/\/carrx-distribution.com\/fr\/produit\/cale-a-poncer-epaisse\/\",\"name\":\"Cale \u00e0 Poncer Epaisse pour le cuir \u2013 CarrX\",\"isPartOf\":{\"@id\":\"https:\/\/carrx-distribution.com\/fr\/#website\"},\"primaryImageOfPage\":{\"@id\":\"https:\/\/carrx-distribution.com\/fr\/produit\/cale-a-poncer-epaisse\/#primaryimage\"},\"image\":{\"@id\":\"https:\/\/carrx-distribution.com\/fr\/produit\/cale-a-poncer-epaisse\/#primaryimage\"},\"thumbnailUrl\":\"https:\/\/carrx-distribution.com\/wp-content\/uploads\/2022\/04\/Cale-a-poncer-epaisse.jpg\",\"datePublished\":\"2022-04-14T08:06:00+00:00\",\"dateModified\":\"2024-01-06T13:13:24+00:00\",\"description\":\"La Cale \u00e0 Poncer Epaisse est l'outil id\u00e9al pour venir \u00e0 bout des imperfections laiss\u00e9es lors de la r\u00e9novation\/r\u00e9paration de votre cuir.\",\"breadcrumb\":{\"@id\":\"https:\/\/carrx-distribution.com\/fr\/produit\/cale-a-poncer-epaisse\/#breadcrumb\"},\"inLanguage\":\"fr-FR\",\"potentialAction\":[{\"@type\":\"ReadAction\",\"target\":[\"https:\/\/carrx-distribution.com\/fr\/produit\/cale-a-poncer-epaisse\/\"]}]},{\"@type\":\"ImageObject\",\"inLanguage\":\"fr-FR\",\"@id\":\"https:\/\/carrx-distribution.com\/fr\/produit\/cale-a-poncer-epaisse\/#primaryimage\",\"url\":\"https:\/\/carrx-distribution.com\/wp-content\/uploads\/2022\/04\/Cale-a-poncer-epaisse.jpg\",\"contentUrl\":\"https:\/\/carrx-distribution.com\/wp-content\/uploads\/2022\/04\/Cale-a-poncer-epaisse.jpg\",\"width\":1000,\"height\":1000,\"caption\":\"Cale \u00e0 poncer \u00e9paisse pour le cuir\"},{\"@type\":\"BreadcrumbList\",\"@id\":\"https:\/\/carrx-distribution.com\/fr\/produit\/cale-a-poncer-epaisse\/#breadcrumb\",\"itemListElement\":[{\"@type\":\"ListItem\",\"position\":1,\"name\":\"Accueil\",\"item\":\"https:\/\/carrx-distribution.com\/fr\/\"},{\"@type\":\"ListItem\",\"position\":2,\"name\":\"Boutique\",\"item\":\"https:\/\/carrx-distribution.com\/fr\/?page_id=9692\"},{\"@type\":\"ListItem\",\"position\":3,\"name\":\"Cale \u00e0 Poncer Epaisse\"}]},{\"@type\":\"WebSite\",\"@id\":\"https:\/\/carrx-distribution.com\/fr\/#website\",\"url\":\"https:\/\/carrx-distribution.com\/fr\/\",\"name\":\"CarrX\",\"description\":\"Sp\u00e9cialiste cuir voiture et bateau\",\"potentialAction\":[{\"@type\":\"SearchAction\",\"target\":{\"@type\":\"EntryPoint\",\"urlTemplate\":\"https:\/\/carrx-distribution.com\/fr\/?s={search_term_string}\"},\"query-input\":{\"@type\":\"PropertyValueSpecification\",\"valueRequired\":true,\"valueName\":\"search_term_string\"}}],\"inLanguage\":\"fr-FR\"}]}<\/script>\n<!-- \/ Yoast SEO plugin. -->","yoast_head_json":{"title":"Cale \u00e0 Poncer Epaisse pour le cuir \u2013 CarrX","description":"La Cale \u00e0 Poncer Epaisse est l'outil id\u00e9al pour venir \u00e0 bout des imperfections laiss\u00e9es lors de la r\u00e9novation\/r\u00e9paration de votre cuir.","robots":{"index":"index","follow":"follow","max-snippet":"max-snippet:-1","max-image-preview":"max-image-preview:large","max-video-preview":"max-video-preview:-1"},"canonical":"https:\/\/carrx-distribution.com\/fr\/produit\/cale-a-poncer-epaisse\/","og_locale":"fr_FR","og_type":"article","og_title":"Cale \u00e0 Poncer Epaisse pour le cuir \u2013 CarrX","og_description":"La Cale \u00e0 Poncer Epaisse est l'outil id\u00e9al pour venir \u00e0 bout des imperfections laiss\u00e9es lors de la r\u00e9novation\/r\u00e9paration de votre cuir.","og_url":"https:\/\/carrx-distribution.com\/fr\/produit\/cale-a-poncer-epaisse\/","og_site_name":"CarrX","article_modified_time":"2024-01-06T13:13:24+00:00","og_image":[{"width":1000,"height":1000,"url":"https:\/\/carrx-distribution.com\/wp-content\/uploads\/2022\/04\/Cale-a-poncer-epaisse.jpg","type":"image\/jpeg"}],"twitter_card":"summary_large_image","twitter_misc":{"Dur\u00e9e de lecture estim\u00e9e":"1 minute"},"schema":{"@context":"https:\/\/schema.org","@graph":[{"@type":"WebPage","@id":"https:\/\/carrx-distribution.com\/fr\/produit\/cale-a-poncer-epaisse\/","url":"https:\/\/carrx-distribution.com\/fr\/produit\/cale-a-poncer-epaisse\/","name":"Cale \u00e0 Poncer Epaisse pour le cuir \u2013 CarrX","isPartOf":{"@id":"https:\/\/carrx-distribution.com\/fr\/#website"},"primaryImageOfPage":{"@id":"https:\/\/carrx-distribution.com\/fr\/produit\/cale-a-poncer-epaisse\/#primaryimage"},"image":{"@id":"https:\/\/carrx-distribution.com\/fr\/produit\/cale-a-poncer-epaisse\/#primaryimage"},"thumbnailUrl":"https:\/\/carrx-distribution.com\/wp-content\/uploads\/2022\/04\/Cale-a-poncer-epaisse.jpg","datePublished":"2022-04-14T08:06:00+00:00","dateModified":"2024-01-06T13:13:24+00:00","description":"La Cale \u00e0 Poncer Epaisse est l'outil id\u00e9al pour venir \u00e0 bout des imperfections laiss\u00e9es lors de la r\u00e9novation\/r\u00e9paration de votre cuir.","breadcrumb":{"@id":"https:\/\/carrx-distribution.com\/fr\/produit\/cale-a-poncer-epaisse\/#breadcrumb"},"inLanguage":"fr-FR","potentialAction":[{"@type":"ReadAction","target":["https:\/\/carrx-distribution.com\/fr\/produit\/cale-a-poncer-epaisse\/"]}]},{"@type":"ImageObject","inLanguage":"fr-FR","@id":"https:\/\/carrx-distribution.com\/fr\/produit\/cale-a-poncer-epaisse\/#primaryimage","url":"https:\/\/carrx-distribution.com\/wp-content\/uploads\/2022\/04\/Cale-a-poncer-epaisse.jpg","contentUrl":"https:\/\/carrx-distribution.com\/wp-content\/uploads\/2022\/04\/Cale-a-poncer-epaisse.jpg","width":1000,"height":1000,"caption":"Cale \u00e0 poncer \u00e9paisse pour le cuir"},{"@type":"BreadcrumbList","@id":"https:\/\/carrx-distribution.com\/fr\/produit\/cale-a-poncer-epaisse\/#breadcrumb","itemListElement":[{"@type":"ListItem","position":1,"name":"Accueil","item":"https:\/\/carrx-distribution.com\/fr\/"},{"@type":"ListItem","position":2,"name":"Boutique","item":"https:\/\/carrx-distribution.com\/fr\/?page_id=9692"},{"@type":"ListItem","position":3,"name":"Cale \u00e0 Poncer Epaisse"}]},{"@type":"WebSite","@id":"https:\/\/carrx-distribution.com\/fr\/#website","url":"https:\/\/carrx-distribution.com\/fr\/","name":"CarrX","description":"Sp\u00e9cialiste cuir voiture et bateau","potentialAction":[{"@type":"SearchAction","target":{"@type":"EntryPoint","urlTemplate":"https:\/\/carrx-distribution.com\/fr\/?s={search_term_string}"},"query-input":{"@type":"PropertyValueSpecification","valueRequired":true,"valueName":"search_term_string"}}],"inLanguage":"fr-FR"}]}},"_links":{"self":[{"href":"https:\/\/carrx-distribution.com\/fr\/wp-json\/wp\/v2\/product\/37769","targetHints":{"allow":["GET"]}}],"collection":[{"href":"https:\/\/carrx-distribution.com\/fr\/wp-json\/wp\/v2\/product"}],"about":[{"href":"https:\/\/carrx-distribution.com\/fr\/wp-json\/wp\/v2\/types\/product"}],"replies":[{"embeddable":true,"href":"https:\/\/carrx-distribution.com\/fr\/wp-json\/wp\/v2\/comments?post=37769"}],"wp:featuredmedia":[{"embeddable":true,"href":"https:\/\/carrx-distribution.com\/fr\/wp-json\/wp\/v2\/media\/40525"}],"wp:attachment":[{"href":"https:\/\/carrx-distribution.com\/fr\/wp-json\/wp\/v2\/media?parent=37769"}],"wp:term":[{"taxonomy":"product_cat","embeddable":true,"href":"https:\/\/carrx-distribution.com\/fr\/wp-json\/wp\/v2\/product_cat?post=37769"},{"taxonomy":"product_tag","embeddable":true,"href":"https:\/\/carrx-distribution.com\/fr\/wp-json\/wp\/v2\/product_tag?post=37769"}],"curies":[{"name":"wp","href":"https:\/\/api.w.org\/{rel}","templated":true}]}}