{"id":1261,"date":"2020-12-01T13:42:07","date_gmt":"2020-12-01T12:42:07","guid":{"rendered":"https:\/\/carrx-distribution.com\/?post_type=product&#038;p=1261"},"modified":"2024-01-09T13:09:36","modified_gmt":"2024-01-09T12:09:36","slug":"chutes-de-cuir","status":"publish","type":"product","link":"https:\/\/carrx-distribution.com\/fr\/produit\/chutes-de-cuir\/","title":{"rendered":"Chutes de cuir (lot de 10)"},"content":{"rendered":"<p>Que l\u2019on parle de <strong>cuir de voiture, cuir de canap\u00e9 ou encore cuir de bateau<\/strong>, les chutes de cuir sont un bon moyen pour faire de vos d\u00e9chirures de l\u2019histoire ancienne.<\/p>\n<p>Les trous et d\u00e9chirures sont souvent de mauvais signes de l&rsquo;entretien d&rsquo;un cuir. Le cuir \u00e9tant par d\u00e9finition un <strong>mat\u00e9riau organique, q<\/strong>uoi de mieux, donc, qu\u2019un mat\u00e9riau de m\u00eame nature pour le r\u00e9parer. Et qui dit organique dit mati\u00e8re vivante, contrairement au<span style=\"color: #ff0000\">x<\/span> mati\u00e8res artificielles et avant tout au<span style=\"color: #ff0000\">x<\/span> id\u00e9es re\u00e7ues, le cuir est une mati\u00e8re vivante. Il n\u2019est donc pas irr\u00e9parable dans la majorit\u00e9 des cas !<\/p>\n<p>Ainsi les chutes de cuir Carr<span style=\"color: #c40e1a\">X<\/span> vous permettent, en association avec notre <a href=\"https:\/\/carrx-distribution.com\/produit\/colle-pour-cuir\/\">Colle N\u00e9opr\u00e8ne<\/a>, de colmater, r\u00e9parer les trous sur tous les supports en cuir lors de vos op\u00e9rations de r\u00e9novation et de r\u00e9paration de vos selleries auto, moto et bateau en cuir.<\/p>\n<h3>M\u00e9thode de r\u00e9paration avec les chutes de cuir<\/h3>\n<p>Pour <strong>r\u00e9parer efficacement vos pi\u00e8ces<\/strong>, il faut tout d\u2019abord choisir la chute de cuir dont l\u2019aspect se rapproche le plus de votre cuir initial. Vous devrez ensuite la tailler, si besoin, pour qu\u2019elle puisse correspondre \u00e0 votre besoin.<\/p>\n<p>Une fois taill\u00e9e, <strong>placez la chute de cuir \u00e0 l\u2019int\u00e9rieur du trou ou de la d\u00e9chirure<\/strong>. Vous pourrez ensuite <strong>appliquer la colle<\/strong> ainsi qu\u2019une p\u00e2te r\u00e9paratrice au besoin ! Laissez s\u00e9cher et reposer l\u2019ensemble avant de r\u00e9utiliser votre pi\u00e8ce en cuir.<\/p>\n<p>L\u2019utilisation des chutes de cuir peut toutefois avoir des limites selon l\u2019envergure des d\u00e9g\u00e2ts caus\u00e9s. Si vous avez du mal \u00e0 \u00e9valuer la faisabilit\u00e9 des r\u00e9parations, n\u2019h\u00e9sitez \u00e0 nous poser vos questions\u00a0!<\/p>\n","protected":false},"excerpt":{"rendered":"<p>Les chutes de cuir sont parfaites pour colmater des trous et d\u00e9chirures\u00a0:<\/p>\n<ul>\n<li>Id\u00e9al pour r\u00e9parer les trous sur tous supports en cuir,<\/li>\n<li>A associer avec la colle n\u00e9opr\u00e8ne Carr<span style=\"color: #ff0000\">X<\/span><\/li>\n<li>Pochette de 10 feuilles de chutes de cuir<\/li>\n<li>100 % cuir v\u00e9ritable<\/li>\n<\/ul>\n","protected":false},"featured_media":40519,"comment_status":"open","ping_status":"closed","template":"","meta":[],"product_cat":[320],"product_tag":[],"class_list":{"0":"post-1261","1":"product","2":"type-product","3":"status-publish","4":"has-post-thumbnail","6":"product_cat-carrx-accessoires","7":"description-off","9":"first","10":"instock","11":"taxable","12":"shipping-taxable","13":"purchasable","14":"product-type-simple"},"yoast_head":"<!-- This site is optimized with the Yoast SEO plugin v24.2 - https:\/\/yoast.com\/wordpress\/plugins\/seo\/ -->\n<title>Chutes de cuir \u2013 CarrX Distribution<\/title>\n<meta name=\"description\" content=\"Choisissez nos chutes de cuir de premi\u00e8re main pour restaurer vos pi\u00e8ces abim\u00e9es et retrouver un cuir comme neuf !\" \/>\n<meta name=\"robots\" content=\"index, follow, max-snippet:-1, max-image-preview:large, max-video-preview:-1\" \/>\n<link rel=\"canonical\" href=\"https:\/\/carrx-distribution.com\/fr\/produit\/chutes-de-cuir\/\" \/>\n<meta property=\"og:locale\" content=\"fr_FR\" \/>\n<meta property=\"og:type\" content=\"article\" \/>\n<meta property=\"og:title\" content=\"Chutes de cuir \u2013 CarrX Distribution\" \/>\n<meta property=\"og:description\" content=\"Choisissez nos chutes de cuir de premi\u00e8re main pour restaurer vos pi\u00e8ces abim\u00e9es et retrouver un cuir comme neuf !\" \/>\n<meta property=\"og:url\" content=\"https:\/\/carrx-distribution.com\/fr\/produit\/chutes-de-cuir\/\" \/>\n<meta property=\"og:site_name\" content=\"CarrX\" \/>\n<meta property=\"article:modified_time\" content=\"2024-01-09T12:09:36+00:00\" \/>\n<meta property=\"og:image\" content=\"https:\/\/carrx-distribution.com\/wp-content\/uploads\/2020\/12\/Chute-de-cuir-pochette.jpg\" \/>\n\t<meta property=\"og:image:width\" content=\"1000\" \/>\n\t<meta property=\"og:image:height\" content=\"1000\" \/>\n\t<meta property=\"og:image:type\" content=\"image\/jpeg\" \/>\n<meta name=\"twitter:card\" content=\"summary_large_image\" \/>\n<meta name=\"twitter:label1\" content=\"Dur\u00e9e de lecture estim\u00e9e\" \/>\n\t<meta name=\"twitter:data1\" content=\"2 minutes\" \/>\n<script type=\"application\/ld+json\" class=\"yoast-schema-graph\">{\"@context\":\"https:\/\/schema.org\",\"@graph\":[{\"@type\":\"WebPage\",\"@id\":\"https:\/\/carrx-distribution.com\/fr\/produit\/chutes-de-cuir\/\",\"url\":\"https:\/\/carrx-distribution.com\/fr\/produit\/chutes-de-cuir\/\",\"name\":\"Chutes de cuir \u2013 CarrX Distribution\",\"isPartOf\":{\"@id\":\"https:\/\/carrx-distribution.com\/fr\/#website\"},\"primaryImageOfPage\":{\"@id\":\"https:\/\/carrx-distribution.com\/fr\/produit\/chutes-de-cuir\/#primaryimage\"},\"image\":{\"@id\":\"https:\/\/carrx-distribution.com\/fr\/produit\/chutes-de-cuir\/#primaryimage\"},\"thumbnailUrl\":\"https:\/\/carrx-distribution.com\/wp-content\/uploads\/2020\/12\/Chute-de-cuir-pochette.jpg\",\"datePublished\":\"2020-12-01T12:42:07+00:00\",\"dateModified\":\"2024-01-09T12:09:36+00:00\",\"description\":\"Choisissez nos chutes de cuir de premi\u00e8re main pour restaurer vos pi\u00e8ces abim\u00e9es et retrouver un cuir comme neuf !\",\"breadcrumb\":{\"@id\":\"https:\/\/carrx-distribution.com\/fr\/produit\/chutes-de-cuir\/#breadcrumb\"},\"inLanguage\":\"fr-FR\",\"potentialAction\":[{\"@type\":\"ReadAction\",\"target\":[\"https:\/\/carrx-distribution.com\/fr\/produit\/chutes-de-cuir\/\"]}]},{\"@type\":\"ImageObject\",\"inLanguage\":\"fr-FR\",\"@id\":\"https:\/\/carrx-distribution.com\/fr\/produit\/chutes-de-cuir\/#primaryimage\",\"url\":\"https:\/\/carrx-distribution.com\/wp-content\/uploads\/2020\/12\/Chute-de-cuir-pochette.jpg\",\"contentUrl\":\"https:\/\/carrx-distribution.com\/wp-content\/uploads\/2020\/12\/Chute-de-cuir-pochette.jpg\",\"width\":1000,\"height\":1000,\"caption\":\"Chutes de cuir - R\u00e9nover et r\u00e9parer le cuir\"},{\"@type\":\"BreadcrumbList\",\"@id\":\"https:\/\/carrx-distribution.com\/fr\/produit\/chutes-de-cuir\/#breadcrumb\",\"itemListElement\":[{\"@type\":\"ListItem\",\"position\":1,\"name\":\"Accueil\",\"item\":\"https:\/\/carrx-distribution.com\/fr\/\"},{\"@type\":\"ListItem\",\"position\":2,\"name\":\"Boutique\",\"item\":\"https:\/\/carrx-distribution.com\/fr\/?page_id=9692\"},{\"@type\":\"ListItem\",\"position\":3,\"name\":\"Chutes de cuir (lot de 10)\"}]},{\"@type\":\"WebSite\",\"@id\":\"https:\/\/carrx-distribution.com\/fr\/#website\",\"url\":\"https:\/\/carrx-distribution.com\/fr\/\",\"name\":\"CarrX\",\"description\":\"Sp\u00e9cialiste cuir voiture et bateau\",\"potentialAction\":[{\"@type\":\"SearchAction\",\"target\":{\"@type\":\"EntryPoint\",\"urlTemplate\":\"https:\/\/carrx-distribution.com\/fr\/?s={search_term_string}\"},\"query-input\":{\"@type\":\"PropertyValueSpecification\",\"valueRequired\":true,\"valueName\":\"search_term_string\"}}],\"inLanguage\":\"fr-FR\"}]}<\/script>\n<!-- \/ Yoast SEO plugin. -->","yoast_head_json":{"title":"Chutes de cuir \u2013 CarrX Distribution","description":"Choisissez nos chutes de cuir de premi\u00e8re main pour restaurer vos pi\u00e8ces abim\u00e9es et retrouver un cuir comme neuf !","robots":{"index":"index","follow":"follow","max-snippet":"max-snippet:-1","max-image-preview":"max-image-preview:large","max-video-preview":"max-video-preview:-1"},"canonical":"https:\/\/carrx-distribution.com\/fr\/produit\/chutes-de-cuir\/","og_locale":"fr_FR","og_type":"article","og_title":"Chutes de cuir \u2013 CarrX Distribution","og_description":"Choisissez nos chutes de cuir de premi\u00e8re main pour restaurer vos pi\u00e8ces abim\u00e9es et retrouver un cuir comme neuf !","og_url":"https:\/\/carrx-distribution.com\/fr\/produit\/chutes-de-cuir\/","og_site_name":"CarrX","article_modified_time":"2024-01-09T12:09:36+00:00","og_image":[{"width":1000,"height":1000,"url":"https:\/\/carrx-distribution.com\/wp-content\/uploads\/2020\/12\/Chute-de-cuir-pochette.jpg","type":"image\/jpeg"}],"twitter_card":"summary_large_image","twitter_misc":{"Dur\u00e9e de lecture estim\u00e9e":"2 minutes"},"schema":{"@context":"https:\/\/schema.org","@graph":[{"@type":"WebPage","@id":"https:\/\/carrx-distribution.com\/fr\/produit\/chutes-de-cuir\/","url":"https:\/\/carrx-distribution.com\/fr\/produit\/chutes-de-cuir\/","name":"Chutes de cuir \u2013 CarrX Distribution","isPartOf":{"@id":"https:\/\/carrx-distribution.com\/fr\/#website"},"primaryImageOfPage":{"@id":"https:\/\/carrx-distribution.com\/fr\/produit\/chutes-de-cuir\/#primaryimage"},"image":{"@id":"https:\/\/carrx-distribution.com\/fr\/produit\/chutes-de-cuir\/#primaryimage"},"thumbnailUrl":"https:\/\/carrx-distribution.com\/wp-content\/uploads\/2020\/12\/Chute-de-cuir-pochette.jpg","datePublished":"2020-12-01T12:42:07+00:00","dateModified":"2024-01-09T12:09:36+00:00","description":"Choisissez nos chutes de cuir de premi\u00e8re main pour restaurer vos pi\u00e8ces abim\u00e9es et retrouver un cuir comme neuf !","breadcrumb":{"@id":"https:\/\/carrx-distribution.com\/fr\/produit\/chutes-de-cuir\/#breadcrumb"},"inLanguage":"fr-FR","potentialAction":[{"@type":"ReadAction","target":["https:\/\/carrx-distribution.com\/fr\/produit\/chutes-de-cuir\/"]}]},{"@type":"ImageObject","inLanguage":"fr-FR","@id":"https:\/\/carrx-distribution.com\/fr\/produit\/chutes-de-cuir\/#primaryimage","url":"https:\/\/carrx-distribution.com\/wp-content\/uploads\/2020\/12\/Chute-de-cuir-pochette.jpg","contentUrl":"https:\/\/carrx-distribution.com\/wp-content\/uploads\/2020\/12\/Chute-de-cuir-pochette.jpg","width":1000,"height":1000,"caption":"Chutes de cuir - R\u00e9nover et r\u00e9parer le cuir"},{"@type":"BreadcrumbList","@id":"https:\/\/carrx-distribution.com\/fr\/produit\/chutes-de-cuir\/#breadcrumb","itemListElement":[{"@type":"ListItem","position":1,"name":"Accueil","item":"https:\/\/carrx-distribution.com\/fr\/"},{"@type":"ListItem","position":2,"name":"Boutique","item":"https:\/\/carrx-distribution.com\/fr\/?page_id=9692"},{"@type":"ListItem","position":3,"name":"Chutes de cuir (lot de 10)"}]},{"@type":"WebSite","@id":"https:\/\/carrx-distribution.com\/fr\/#website","url":"https:\/\/carrx-distribution.com\/fr\/","name":"CarrX","description":"Sp\u00e9cialiste cuir voiture et bateau","potentialAction":[{"@type":"SearchAction","target":{"@type":"EntryPoint","urlTemplate":"https:\/\/carrx-distribution.com\/fr\/?s={search_term_string}"},"query-input":{"@type":"PropertyValueSpecification","valueRequired":true,"valueName":"search_term_string"}}],"inLanguage":"fr-FR"}]}},"_links":{"self":[{"href":"https:\/\/carrx-distribution.com\/fr\/wp-json\/wp\/v2\/product\/1261","targetHints":{"allow":["GET"]}}],"collection":[{"href":"https:\/\/carrx-distribution.com\/fr\/wp-json\/wp\/v2\/product"}],"about":[{"href":"https:\/\/carrx-distribution.com\/fr\/wp-json\/wp\/v2\/types\/product"}],"replies":[{"embeddable":true,"href":"https:\/\/carrx-distribution.com\/fr\/wp-json\/wp\/v2\/comments?post=1261"}],"wp:featuredmedia":[{"embeddable":true,"href":"https:\/\/carrx-distribution.com\/fr\/wp-json\/wp\/v2\/media\/40519"}],"wp:attachment":[{"href":"https:\/\/carrx-distribution.com\/fr\/wp-json\/wp\/v2\/media?parent=1261"}],"wp:term":[{"taxonomy":"product_cat","embeddable":true,"href":"https:\/\/carrx-distribution.com\/fr\/wp-json\/wp\/v2\/product_cat?post=1261"},{"taxonomy":"product_tag","embeddable":true,"href":"https:\/\/carrx-distribution.com\/fr\/wp-json\/wp\/v2\/product_tag?post=1261"}],"curies":[{"name":"wp","href":"https:\/\/api.w.org\/{rel}","templated":true}]}}