{"id":1255,"date":"2020-11-28T12:41:50","date_gmt":"2020-11-28T11:41:50","guid":{"rendered":"https:\/\/carrx-distribution.com\/?post_type=product&#038;p=1255"},"modified":"2023-05-10T15:21:07","modified_gmt":"2023-05-10T13:21:07","slug":"stick-de-melange","status":"publish","type":"product","link":"https:\/\/carrx-distribution.com\/fr\/produit\/stick-de-melange\/","title":{"rendered":"Agitateurs en bois"},"content":{"rendered":"<p>\u00c0 usage unique, les agitateurs en bois CarrX vont parfaitement de pair avec nos <a href=\"https:\/\/carrx-distribution.com\/produit\/gobelet-de-melange\/\">godets de m\u00e9lange<\/a>. Vous pourrez en effet les employer pour faire vos m\u00e9langes avec pr\u00e9cision et les homog\u00e9n\u00e9iser efficacement.<\/p>\n<p>De par leur composition, chaque agitateur en bois est <strong>extr\u00eamement l\u00e9ger<\/strong>, les rendant ainsi tr\u00e8s pratiques \u00e0 utiliser. Vous pourrez les laisser tremper dans vos m\u00e9langes sans risque de d\u00e9s\u00e9quilibrer le godet, le verre ou le bac contenant vos produits.<\/p>\n<p><strong>En dehors de son utilisation classique<\/strong>, ce produit sera le candidat id\u00e9al pour l\u2019application pr\u00e9cise d\u2019autres produits comme la graisse pour cuir par exemple. En effet<strong>, certaines plissures ou pliures du cuir peuvent rendre certaines zones difficiles d\u2019acc\u00e8s<\/strong>. Avec un stick en bois comme <a href=\"https:\/\/carrx-distribution.com\/categorie-produit\/carrx-accessoires\/\">accessoire pour le cuir<\/a> vous pourrez facilement badigeonner les moindres recoins des votre fauteuil ou de votre si\u00e8ge de voiture en cuir.<\/p>\n<p>Ces sticks m\u00e9langeurs <strong>s\u2019adapteront \u00e9galement \u00e0 tous les types de rangement<\/strong>. L\u2019unique consigne concernant leur conservation et d\u2019<strong>\u00e9viter de les exposer trop longtemps \u00e0 l\u2019humidit\u00e9<\/strong>. Etant en bois, ces derniers pourront gonfler et se fragiliser en cas d\u2019exposition trop soutenue.<\/p>\n<p><strong>Chaque stick de m\u00e9lange est jetable<\/strong>. Selon les produits m\u00e9lang\u00e9s avec un agitateur, <strong>vous pourrez occasionnellement r\u00e9utiliser<\/strong> ces derniers. En effet, si vous comptez r\u00e9aliser un m\u00e9lange identique d\u2019un jour \u00e0 l\u2019autre par exemple, vous pourrez sans probl\u00e8me r\u00e9utiliser le m\u00eame agitateur. Veillez toutefois \u00e0 <strong>v\u00e9rifier l\u2019\u00e9tat de ce dernier<\/strong>, en effet, si vous utilisez des produits autres que les n\u00f4tres, certaines compositions chimiques peuvent entamer s\u00e9rieusement le bois.<\/p>\n","protected":false},"excerpt":{"rendered":"<p>Un agitateur en bois est un accessoire qui sera <strong>tr\u00e8s utile pour le m\u00e9lange<\/strong> <strong>de tous les produits\u00a0pour le cuir.<\/strong> Par exemple, la colorim\u00e9trie de vos pigments pour le cuir sera facilit\u00e9e. <strong>Vous obtiendrez des m\u00e9langes parfaitement homog\u00e8nes<\/strong> gr\u00e2ce \u00e0 ce simple outil. D\u2019autres utilisations comme l\u2019application des produits dans les pliures du cuir pourront vous venir en aide.<\/p>\n<p>Nos sticks m\u00e9langeurs sont vendus par <strong>lot de 20 pi\u00e8ces<\/strong>.<\/p>\n<p>Poids total du lot\u00a0: <strong>50g<\/strong>.<\/p>\n","protected":false},"featured_media":40502,"comment_status":"open","ping_status":"closed","template":"","meta":[],"product_cat":[320],"product_tag":[],"class_list":{"0":"post-1255","1":"product","2":"type-product","3":"status-publish","4":"has-post-thumbnail","6":"product_cat-carrx-accessoires","7":"description-off","9":"first","10":"instock","11":"taxable","12":"shipping-taxable","13":"purchasable","14":"product-type-simple"},"yoast_head":"<!-- This site is optimized with the Yoast SEO plugin v24.2 - https:\/\/yoast.com\/wordpress\/plugins\/seo\/ -->\n<title>Agitateurs en bois pour m\u00e9lange \u2013 CarrX Distribution<\/title>\n<meta name=\"description\" content=\"Utilisez nos agitateurs en bois pour cr\u00e9er des m\u00e9langes parfaitement homog\u00e8nes ! Vous avez tous les outils \u00e0 votre disposition avec CarrX.\" \/>\n<meta name=\"robots\" content=\"index, follow, max-snippet:-1, max-image-preview:large, max-video-preview:-1\" \/>\n<link rel=\"canonical\" href=\"https:\/\/carrx-distribution.com\/fr\/produit\/stick-de-melange\/\" \/>\n<meta property=\"og:locale\" content=\"fr_FR\" \/>\n<meta property=\"og:type\" content=\"article\" \/>\n<meta property=\"og:title\" content=\"Agitateurs en bois pour m\u00e9lange \u2013 CarrX Distribution\" \/>\n<meta property=\"og:description\" content=\"Utilisez nos agitateurs en bois pour cr\u00e9er des m\u00e9langes parfaitement homog\u00e8nes ! Vous avez tous les outils \u00e0 votre disposition avec CarrX.\" \/>\n<meta property=\"og:url\" content=\"https:\/\/carrx-distribution.com\/fr\/produit\/stick-de-melange\/\" \/>\n<meta property=\"og:site_name\" content=\"CarrX\" \/>\n<meta property=\"article:modified_time\" content=\"2023-05-10T13:21:07+00:00\" \/>\n<meta property=\"og:image\" content=\"https:\/\/carrx-distribution.com\/wp-content\/uploads\/2020\/11\/agitateur-en-bois.jpg\" \/>\n\t<meta property=\"og:image:width\" content=\"1000\" \/>\n\t<meta property=\"og:image:height\" content=\"1000\" \/>\n\t<meta property=\"og:image:type\" content=\"image\/jpeg\" \/>\n<meta name=\"twitter:card\" content=\"summary_large_image\" \/>\n<meta name=\"twitter:label1\" content=\"Dur\u00e9e de lecture estim\u00e9e\" \/>\n\t<meta name=\"twitter:data1\" content=\"2 minutes\" \/>\n<script type=\"application\/ld+json\" class=\"yoast-schema-graph\">{\"@context\":\"https:\/\/schema.org\",\"@graph\":[{\"@type\":\"WebPage\",\"@id\":\"https:\/\/carrx-distribution.com\/fr\/produit\/stick-de-melange\/\",\"url\":\"https:\/\/carrx-distribution.com\/fr\/produit\/stick-de-melange\/\",\"name\":\"Agitateurs en bois pour m\u00e9lange \u2013 CarrX Distribution\",\"isPartOf\":{\"@id\":\"https:\/\/carrx-distribution.com\/fr\/#website\"},\"primaryImageOfPage\":{\"@id\":\"https:\/\/carrx-distribution.com\/fr\/produit\/stick-de-melange\/#primaryimage\"},\"image\":{\"@id\":\"https:\/\/carrx-distribution.com\/fr\/produit\/stick-de-melange\/#primaryimage\"},\"thumbnailUrl\":\"https:\/\/carrx-distribution.com\/wp-content\/uploads\/2020\/11\/agitateur-en-bois.jpg\",\"datePublished\":\"2020-11-28T11:41:50+00:00\",\"dateModified\":\"2023-05-10T13:21:07+00:00\",\"description\":\"Utilisez nos agitateurs en bois pour cr\u00e9er des m\u00e9langes parfaitement homog\u00e8nes ! Vous avez tous les outils \u00e0 votre disposition avec CarrX.\",\"breadcrumb\":{\"@id\":\"https:\/\/carrx-distribution.com\/fr\/produit\/stick-de-melange\/#breadcrumb\"},\"inLanguage\":\"fr-FR\",\"potentialAction\":[{\"@type\":\"ReadAction\",\"target\":[\"https:\/\/carrx-distribution.com\/fr\/produit\/stick-de-melange\/\"]}]},{\"@type\":\"ImageObject\",\"inLanguage\":\"fr-FR\",\"@id\":\"https:\/\/carrx-distribution.com\/fr\/produit\/stick-de-melange\/#primaryimage\",\"url\":\"https:\/\/carrx-distribution.com\/wp-content\/uploads\/2020\/11\/agitateur-en-bois.jpg\",\"contentUrl\":\"https:\/\/carrx-distribution.com\/wp-content\/uploads\/2020\/11\/agitateur-en-bois.jpg\",\"width\":1000,\"height\":1000,\"caption\":\"Agitateurs en bois\"},{\"@type\":\"BreadcrumbList\",\"@id\":\"https:\/\/carrx-distribution.com\/fr\/produit\/stick-de-melange\/#breadcrumb\",\"itemListElement\":[{\"@type\":\"ListItem\",\"position\":1,\"name\":\"Accueil\",\"item\":\"https:\/\/carrx-distribution.com\/fr\/\"},{\"@type\":\"ListItem\",\"position\":2,\"name\":\"Boutique\",\"item\":\"https:\/\/carrx-distribution.com\/fr\/?page_id=9692\"},{\"@type\":\"ListItem\",\"position\":3,\"name\":\"Agitateurs en bois\"}]},{\"@type\":\"WebSite\",\"@id\":\"https:\/\/carrx-distribution.com\/fr\/#website\",\"url\":\"https:\/\/carrx-distribution.com\/fr\/\",\"name\":\"CarrX\",\"description\":\"Sp\u00e9cialiste cuir voiture et bateau\",\"potentialAction\":[{\"@type\":\"SearchAction\",\"target\":{\"@type\":\"EntryPoint\",\"urlTemplate\":\"https:\/\/carrx-distribution.com\/fr\/?s={search_term_string}\"},\"query-input\":{\"@type\":\"PropertyValueSpecification\",\"valueRequired\":true,\"valueName\":\"search_term_string\"}}],\"inLanguage\":\"fr-FR\"}]}<\/script>\n<!-- \/ Yoast SEO plugin. -->","yoast_head_json":{"title":"Agitateurs en bois pour m\u00e9lange \u2013 CarrX Distribution","description":"Utilisez nos agitateurs en bois pour cr\u00e9er des m\u00e9langes parfaitement homog\u00e8nes ! Vous avez tous les outils \u00e0 votre disposition avec CarrX.","robots":{"index":"index","follow":"follow","max-snippet":"max-snippet:-1","max-image-preview":"max-image-preview:large","max-video-preview":"max-video-preview:-1"},"canonical":"https:\/\/carrx-distribution.com\/fr\/produit\/stick-de-melange\/","og_locale":"fr_FR","og_type":"article","og_title":"Agitateurs en bois pour m\u00e9lange \u2013 CarrX Distribution","og_description":"Utilisez nos agitateurs en bois pour cr\u00e9er des m\u00e9langes parfaitement homog\u00e8nes ! Vous avez tous les outils \u00e0 votre disposition avec CarrX.","og_url":"https:\/\/carrx-distribution.com\/fr\/produit\/stick-de-melange\/","og_site_name":"CarrX","article_modified_time":"2023-05-10T13:21:07+00:00","og_image":[{"width":1000,"height":1000,"url":"https:\/\/carrx-distribution.com\/wp-content\/uploads\/2020\/11\/agitateur-en-bois.jpg","type":"image\/jpeg"}],"twitter_card":"summary_large_image","twitter_misc":{"Dur\u00e9e de lecture estim\u00e9e":"2 minutes"},"schema":{"@context":"https:\/\/schema.org","@graph":[{"@type":"WebPage","@id":"https:\/\/carrx-distribution.com\/fr\/produit\/stick-de-melange\/","url":"https:\/\/carrx-distribution.com\/fr\/produit\/stick-de-melange\/","name":"Agitateurs en bois pour m\u00e9lange \u2013 CarrX Distribution","isPartOf":{"@id":"https:\/\/carrx-distribution.com\/fr\/#website"},"primaryImageOfPage":{"@id":"https:\/\/carrx-distribution.com\/fr\/produit\/stick-de-melange\/#primaryimage"},"image":{"@id":"https:\/\/carrx-distribution.com\/fr\/produit\/stick-de-melange\/#primaryimage"},"thumbnailUrl":"https:\/\/carrx-distribution.com\/wp-content\/uploads\/2020\/11\/agitateur-en-bois.jpg","datePublished":"2020-11-28T11:41:50+00:00","dateModified":"2023-05-10T13:21:07+00:00","description":"Utilisez nos agitateurs en bois pour cr\u00e9er des m\u00e9langes parfaitement homog\u00e8nes ! Vous avez tous les outils \u00e0 votre disposition avec CarrX.","breadcrumb":{"@id":"https:\/\/carrx-distribution.com\/fr\/produit\/stick-de-melange\/#breadcrumb"},"inLanguage":"fr-FR","potentialAction":[{"@type":"ReadAction","target":["https:\/\/carrx-distribution.com\/fr\/produit\/stick-de-melange\/"]}]},{"@type":"ImageObject","inLanguage":"fr-FR","@id":"https:\/\/carrx-distribution.com\/fr\/produit\/stick-de-melange\/#primaryimage","url":"https:\/\/carrx-distribution.com\/wp-content\/uploads\/2020\/11\/agitateur-en-bois.jpg","contentUrl":"https:\/\/carrx-distribution.com\/wp-content\/uploads\/2020\/11\/agitateur-en-bois.jpg","width":1000,"height":1000,"caption":"Agitateurs en bois"},{"@type":"BreadcrumbList","@id":"https:\/\/carrx-distribution.com\/fr\/produit\/stick-de-melange\/#breadcrumb","itemListElement":[{"@type":"ListItem","position":1,"name":"Accueil","item":"https:\/\/carrx-distribution.com\/fr\/"},{"@type":"ListItem","position":2,"name":"Boutique","item":"https:\/\/carrx-distribution.com\/fr\/?page_id=9692"},{"@type":"ListItem","position":3,"name":"Agitateurs en bois"}]},{"@type":"WebSite","@id":"https:\/\/carrx-distribution.com\/fr\/#website","url":"https:\/\/carrx-distribution.com\/fr\/","name":"CarrX","description":"Sp\u00e9cialiste cuir voiture et bateau","potentialAction":[{"@type":"SearchAction","target":{"@type":"EntryPoint","urlTemplate":"https:\/\/carrx-distribution.com\/fr\/?s={search_term_string}"},"query-input":{"@type":"PropertyValueSpecification","valueRequired":true,"valueName":"search_term_string"}}],"inLanguage":"fr-FR"}]}},"_links":{"self":[{"href":"https:\/\/carrx-distribution.com\/fr\/wp-json\/wp\/v2\/product\/1255","targetHints":{"allow":["GET"]}}],"collection":[{"href":"https:\/\/carrx-distribution.com\/fr\/wp-json\/wp\/v2\/product"}],"about":[{"href":"https:\/\/carrx-distribution.com\/fr\/wp-json\/wp\/v2\/types\/product"}],"replies":[{"embeddable":true,"href":"https:\/\/carrx-distribution.com\/fr\/wp-json\/wp\/v2\/comments?post=1255"}],"wp:featuredmedia":[{"embeddable":true,"href":"https:\/\/carrx-distribution.com\/fr\/wp-json\/wp\/v2\/media\/40502"}],"wp:attachment":[{"href":"https:\/\/carrx-distribution.com\/fr\/wp-json\/wp\/v2\/media?parent=1255"}],"wp:term":[{"taxonomy":"product_cat","embeddable":true,"href":"https:\/\/carrx-distribution.com\/fr\/wp-json\/wp\/v2\/product_cat?post=1255"},{"taxonomy":"product_tag","embeddable":true,"href":"https:\/\/carrx-distribution.com\/fr\/wp-json\/wp\/v2\/product_tag?post=1255"}],"curies":[{"name":"wp","href":"https:\/\/api.w.org\/{rel}","templated":true}]}}