{"id":1249,"date":"2020-11-29T11:40:23","date_gmt":"2020-11-29T10:40:23","guid":{"rendered":"https:\/\/carrx-distribution.com\/?post_type=product&#038;p=1249"},"modified":"2024-01-08T11:42:43","modified_gmt":"2024-01-08T10:42:43","slug":"gobelet-de-melange","status":"publish","type":"product","link":"https:\/\/carrx-distribution.com\/fr\/produit\/gobelet-de-melange\/","title":{"rendered":"Godet de m\u00e9lange (lot de 15)"},"content":{"rendered":"<div class=\"wpb-content-wrapper\"><p>[vc_row][vc_column][vc_column_text]Le godet de m\u00e9lange est un <a href=\"https:\/\/carrx-distribution.com\/categorie-produit\/carrx-accessoires\/\"><u>accessoire pour le cuir<\/u><\/a> qui s\u2019invite pour tous vos travaux de <strong>r\u00e9paration, de remise en \u00e9tat, de r\u00e9novation ou de pigmentation du cuir<\/strong>. Ce dernier sert \u00e0 contenir tous nos produits liquides, du simple nettoyant pour le cuir \u00e0 notre solvant pour le cuir\u00a0!<\/p>\n<p>Pour la pigmentation, notre gobelet de m\u00e9lange se r\u00e9v\u00e8lera \u00e9galement efficace pour vous aider \u00e0 <strong>doser pr\u00e9cis\u00e9ment vos coloris<\/strong> et ainsi obtenir un r\u00e9sultat au plus proche de vos attentes.<\/p>\n<p>Les m\u00e9langes diverses et vari\u00e9s que vous pourrez effectuer pour vos r\u00e9parations pourront \u00eatre r\u00e9alis\u00e9s avec une tr\u00e8s grande pr\u00e9cision gr\u00e2ce aux <strong>graduations pr\u00e9sentes sur le bord du godet<\/strong> de m\u00e9lange.<\/p>\n<p>Vous retrouverez une <strong>graduation de 5 mL \u00e0 25 mL par tranche de 5 mL<\/strong>. De cette mani\u00e8re, le godet de m\u00e9lange gradu\u00e9 vous permettra de pr\u00e9parer tous les types de mixtures.<\/p>\n<p>Avec sa composition <strong>en plastique semi-transparent<\/strong> vous pourrez tr\u00e8s facilement discerner les produits pr\u00e9sents dans ce dernier avant votre m\u00e9lange. Pour vous aider dans ce dernier, nous vous recommandons l\u2019utilisation de nos <a href=\"https:\/\/carrx-distribution.com\/produit\/stick-de-melange\/\">agitateurs en bois<\/a> pour <strong>homog\u00e9n\u00e9iser vos pr\u00e9parations<\/strong>.<\/p>\n<p>Facilement transportable, <strong>notre godet de m\u00e9lange se logera facilement dans n\u2019importe quel sac<\/strong>, trousse \u00e0 outil et autres bo\u00eetes de rangement. Vous pourrez donc regrouper tous vos produits et accessoires pour le cuir en un seul et m\u00eame endroit.<\/p>\n<p>En plus de sa praticit\u00e9, vous appr\u00e9cierez <strong>sa durabilit\u00e9 et la facilit\u00e9 de lavage<\/strong> de ce dernier. Sa composition en plastique lisse garantit une non-adh\u00e9sion totale de n\u2019importe quel produit, vous pourrez donc le <strong>nettoyer tr\u00e8s facilement apr\u00e8s chaque utilisation <\/strong>quand bien m\u00eame un fond de pr\u00e9paration s\u00e8cherait \u00e0 l\u2019int\u00e9rieur. Insensible aux alcools, acides et autres solutions \u00e0 base de soude, vous n\u2019aurez pas \u00e0 vous inqui\u00e9ter si vous l\u2019employez pour d\u2019autres t\u00e2ches\u00a0![\/vc_column_text][\/vc_column][\/vc_row]<\/p>\n<\/div>","protected":false},"excerpt":{"rendered":"<p>Simplifiez vos r\u00e9novations et r\u00e9parations du cuir avec notre <strong>godet de m\u00e9lange <\/strong>(appel\u00e9 aussi gobelet de m\u00e9lange)\u00a0! Vous pourrez l\u2019utiliser dans de nombreux cas <strong>pour m\u00e9langer vos diff\u00e9rents produits<\/strong>. A la fois r\u00e9sistant aux acides les plus coriaces et facile \u00e0 nettoyer, vous pourrez le <strong>r\u00e9utiliser<\/strong>.<\/p>\n<ul>\n<li>Capacit\u00e9 de volume du godet\u00a0: <strong>25 mL<\/strong>.<\/li>\n<li>Vendu par <strong>lot de 15 pi\u00e8ces<\/strong>.<\/li>\n<\/ul>\n","protected":false},"featured_media":40517,"comment_status":"open","ping_status":"closed","template":"","meta":[],"product_cat":[320],"product_tag":[],"class_list":{"0":"post-1249","1":"product","2":"type-product","3":"status-publish","4":"has-post-thumbnail","6":"product_cat-carrx-accessoires","7":"description-off","9":"first","10":"instock","11":"taxable","12":"shipping-taxable","13":"purchasable","14":"product-type-simple"},"yoast_head":"<!-- This site is optimized with the Yoast SEO plugin v24.2 - https:\/\/yoast.com\/wordpress\/plugins\/seo\/ -->\n<title>Godet de m\u00e9lange \u2013 CarrX Distribution<\/title>\n<meta name=\"description\" content=\"Facilitez-vous la vie et utilisez notre godet de m\u00e9lange pour toutes vos pr\u00e9parations et vos m\u00e9langes !\" \/>\n<meta name=\"robots\" content=\"index, follow, max-snippet:-1, max-image-preview:large, max-video-preview:-1\" \/>\n<link rel=\"canonical\" href=\"https:\/\/carrx-distribution.com\/fr\/produit\/gobelet-de-melange\/\" \/>\n<meta property=\"og:locale\" content=\"fr_FR\" \/>\n<meta property=\"og:type\" content=\"article\" \/>\n<meta property=\"og:title\" content=\"Godet de m\u00e9lange \u2013 CarrX Distribution\" \/>\n<meta property=\"og:description\" content=\"Facilitez-vous la vie et utilisez notre godet de m\u00e9lange pour toutes vos pr\u00e9parations et vos m\u00e9langes !\" \/>\n<meta property=\"og:url\" content=\"https:\/\/carrx-distribution.com\/fr\/produit\/gobelet-de-melange\/\" \/>\n<meta property=\"og:site_name\" content=\"CarrX\" \/>\n<meta property=\"article:modified_time\" content=\"2024-01-08T10:42:43+00:00\" \/>\n<meta property=\"og:image\" content=\"https:\/\/carrx-distribution.com\/wp-content\/uploads\/2020\/11\/Gobelet-de-Melange.jpg\" \/>\n\t<meta property=\"og:image:width\" content=\"1000\" \/>\n\t<meta property=\"og:image:height\" content=\"1000\" \/>\n\t<meta property=\"og:image:type\" content=\"image\/jpeg\" \/>\n<meta name=\"twitter:card\" content=\"summary_large_image\" \/>\n<meta name=\"twitter:label1\" content=\"Dur\u00e9e de lecture estim\u00e9e\" \/>\n\t<meta name=\"twitter:data1\" content=\"2 minutes\" \/>\n<script type=\"application\/ld+json\" class=\"yoast-schema-graph\">{\"@context\":\"https:\/\/schema.org\",\"@graph\":[{\"@type\":\"WebPage\",\"@id\":\"https:\/\/carrx-distribution.com\/fr\/produit\/gobelet-de-melange\/\",\"url\":\"https:\/\/carrx-distribution.com\/fr\/produit\/gobelet-de-melange\/\",\"name\":\"Godet de m\u00e9lange \u2013 CarrX Distribution\",\"isPartOf\":{\"@id\":\"https:\/\/carrx-distribution.com\/fr\/#website\"},\"primaryImageOfPage\":{\"@id\":\"https:\/\/carrx-distribution.com\/fr\/produit\/gobelet-de-melange\/#primaryimage\"},\"image\":{\"@id\":\"https:\/\/carrx-distribution.com\/fr\/produit\/gobelet-de-melange\/#primaryimage\"},\"thumbnailUrl\":\"https:\/\/carrx-distribution.com\/wp-content\/uploads\/2020\/11\/Gobelet-de-Melange.jpg\",\"datePublished\":\"2020-11-29T10:40:23+00:00\",\"dateModified\":\"2024-01-08T10:42:43+00:00\",\"description\":\"Facilitez-vous la vie et utilisez notre godet de m\u00e9lange pour toutes vos pr\u00e9parations et vos m\u00e9langes !\",\"breadcrumb\":{\"@id\":\"https:\/\/carrx-distribution.com\/fr\/produit\/gobelet-de-melange\/#breadcrumb\"},\"inLanguage\":\"fr-FR\",\"potentialAction\":[{\"@type\":\"ReadAction\",\"target\":[\"https:\/\/carrx-distribution.com\/fr\/produit\/gobelet-de-melange\/\"]}]},{\"@type\":\"ImageObject\",\"inLanguage\":\"fr-FR\",\"@id\":\"https:\/\/carrx-distribution.com\/fr\/produit\/gobelet-de-melange\/#primaryimage\",\"url\":\"https:\/\/carrx-distribution.com\/wp-content\/uploads\/2020\/11\/Gobelet-de-Melange.jpg\",\"contentUrl\":\"https:\/\/carrx-distribution.com\/wp-content\/uploads\/2020\/11\/Gobelet-de-Melange.jpg\",\"width\":1000,\"height\":1000,\"caption\":\"Gobelet de melange\"},{\"@type\":\"BreadcrumbList\",\"@id\":\"https:\/\/carrx-distribution.com\/fr\/produit\/gobelet-de-melange\/#breadcrumb\",\"itemListElement\":[{\"@type\":\"ListItem\",\"position\":1,\"name\":\"Accueil\",\"item\":\"https:\/\/carrx-distribution.com\/fr\/\"},{\"@type\":\"ListItem\",\"position\":2,\"name\":\"Boutique\",\"item\":\"https:\/\/carrx-distribution.com\/fr\/?page_id=9692\"},{\"@type\":\"ListItem\",\"position\":3,\"name\":\"Godet de m\u00e9lange (lot de 15)\"}]},{\"@type\":\"WebSite\",\"@id\":\"https:\/\/carrx-distribution.com\/fr\/#website\",\"url\":\"https:\/\/carrx-distribution.com\/fr\/\",\"name\":\"CarrX\",\"description\":\"Sp\u00e9cialiste cuir voiture et bateau\",\"potentialAction\":[{\"@type\":\"SearchAction\",\"target\":{\"@type\":\"EntryPoint\",\"urlTemplate\":\"https:\/\/carrx-distribution.com\/fr\/?s={search_term_string}\"},\"query-input\":{\"@type\":\"PropertyValueSpecification\",\"valueRequired\":true,\"valueName\":\"search_term_string\"}}],\"inLanguage\":\"fr-FR\"}]}<\/script>\n<!-- \/ Yoast SEO plugin. -->","yoast_head_json":{"title":"Godet de m\u00e9lange \u2013 CarrX Distribution","description":"Facilitez-vous la vie et utilisez notre godet de m\u00e9lange pour toutes vos pr\u00e9parations et vos m\u00e9langes !","robots":{"index":"index","follow":"follow","max-snippet":"max-snippet:-1","max-image-preview":"max-image-preview:large","max-video-preview":"max-video-preview:-1"},"canonical":"https:\/\/carrx-distribution.com\/fr\/produit\/gobelet-de-melange\/","og_locale":"fr_FR","og_type":"article","og_title":"Godet de m\u00e9lange \u2013 CarrX Distribution","og_description":"Facilitez-vous la vie et utilisez notre godet de m\u00e9lange pour toutes vos pr\u00e9parations et vos m\u00e9langes !","og_url":"https:\/\/carrx-distribution.com\/fr\/produit\/gobelet-de-melange\/","og_site_name":"CarrX","article_modified_time":"2024-01-08T10:42:43+00:00","og_image":[{"width":1000,"height":1000,"url":"https:\/\/carrx-distribution.com\/wp-content\/uploads\/2020\/11\/Gobelet-de-Melange.jpg","type":"image\/jpeg"}],"twitter_card":"summary_large_image","twitter_misc":{"Dur\u00e9e de lecture estim\u00e9e":"2 minutes"},"schema":{"@context":"https:\/\/schema.org","@graph":[{"@type":"WebPage","@id":"https:\/\/carrx-distribution.com\/fr\/produit\/gobelet-de-melange\/","url":"https:\/\/carrx-distribution.com\/fr\/produit\/gobelet-de-melange\/","name":"Godet de m\u00e9lange \u2013 CarrX Distribution","isPartOf":{"@id":"https:\/\/carrx-distribution.com\/fr\/#website"},"primaryImageOfPage":{"@id":"https:\/\/carrx-distribution.com\/fr\/produit\/gobelet-de-melange\/#primaryimage"},"image":{"@id":"https:\/\/carrx-distribution.com\/fr\/produit\/gobelet-de-melange\/#primaryimage"},"thumbnailUrl":"https:\/\/carrx-distribution.com\/wp-content\/uploads\/2020\/11\/Gobelet-de-Melange.jpg","datePublished":"2020-11-29T10:40:23+00:00","dateModified":"2024-01-08T10:42:43+00:00","description":"Facilitez-vous la vie et utilisez notre godet de m\u00e9lange pour toutes vos pr\u00e9parations et vos m\u00e9langes !","breadcrumb":{"@id":"https:\/\/carrx-distribution.com\/fr\/produit\/gobelet-de-melange\/#breadcrumb"},"inLanguage":"fr-FR","potentialAction":[{"@type":"ReadAction","target":["https:\/\/carrx-distribution.com\/fr\/produit\/gobelet-de-melange\/"]}]},{"@type":"ImageObject","inLanguage":"fr-FR","@id":"https:\/\/carrx-distribution.com\/fr\/produit\/gobelet-de-melange\/#primaryimage","url":"https:\/\/carrx-distribution.com\/wp-content\/uploads\/2020\/11\/Gobelet-de-Melange.jpg","contentUrl":"https:\/\/carrx-distribution.com\/wp-content\/uploads\/2020\/11\/Gobelet-de-Melange.jpg","width":1000,"height":1000,"caption":"Gobelet de melange"},{"@type":"BreadcrumbList","@id":"https:\/\/carrx-distribution.com\/fr\/produit\/gobelet-de-melange\/#breadcrumb","itemListElement":[{"@type":"ListItem","position":1,"name":"Accueil","item":"https:\/\/carrx-distribution.com\/fr\/"},{"@type":"ListItem","position":2,"name":"Boutique","item":"https:\/\/carrx-distribution.com\/fr\/?page_id=9692"},{"@type":"ListItem","position":3,"name":"Godet de m\u00e9lange (lot de 15)"}]},{"@type":"WebSite","@id":"https:\/\/carrx-distribution.com\/fr\/#website","url":"https:\/\/carrx-distribution.com\/fr\/","name":"CarrX","description":"Sp\u00e9cialiste cuir voiture et bateau","potentialAction":[{"@type":"SearchAction","target":{"@type":"EntryPoint","urlTemplate":"https:\/\/carrx-distribution.com\/fr\/?s={search_term_string}"},"query-input":{"@type":"PropertyValueSpecification","valueRequired":true,"valueName":"search_term_string"}}],"inLanguage":"fr-FR"}]}},"_links":{"self":[{"href":"https:\/\/carrx-distribution.com\/fr\/wp-json\/wp\/v2\/product\/1249","targetHints":{"allow":["GET"]}}],"collection":[{"href":"https:\/\/carrx-distribution.com\/fr\/wp-json\/wp\/v2\/product"}],"about":[{"href":"https:\/\/carrx-distribution.com\/fr\/wp-json\/wp\/v2\/types\/product"}],"replies":[{"embeddable":true,"href":"https:\/\/carrx-distribution.com\/fr\/wp-json\/wp\/v2\/comments?post=1249"}],"wp:featuredmedia":[{"embeddable":true,"href":"https:\/\/carrx-distribution.com\/fr\/wp-json\/wp\/v2\/media\/40517"}],"wp:attachment":[{"href":"https:\/\/carrx-distribution.com\/fr\/wp-json\/wp\/v2\/media?parent=1249"}],"wp:term":[{"taxonomy":"product_cat","embeddable":true,"href":"https:\/\/carrx-distribution.com\/fr\/wp-json\/wp\/v2\/product_cat?post=1249"},{"taxonomy":"product_tag","embeddable":true,"href":"https:\/\/carrx-distribution.com\/fr\/wp-json\/wp\/v2\/product_tag?post=1249"}],"curies":[{"name":"wp","href":"https:\/\/api.w.org\/{rel}","templated":true}]}}