{"id":1245,"date":"2020-11-29T11:09:23","date_gmt":"2020-11-29T10:09:23","guid":{"rendered":"https:\/\/carrx-distribution.com\/?post_type=product&#038;p=1245"},"modified":"2023-05-10T15:32:32","modified_gmt":"2023-05-10T13:32:32","slug":"cale-a-poncer","status":"publish","type":"product","link":"https:\/\/carrx-distribution.com\/fr\/produit\/cale-a-poncer\/","title":{"rendered":"Cale \u00e0 poncer fine (\u00e0 l\u2019unit\u00e9)"},"content":{"rendered":"<p>La cale \u00e0 poncer fine pour le cuir est l\u2019un des outils de finition et <a href=\"https:\/\/carrx-distribution.com\/categorie-produit\/carrx-accessoires\/\">accessoires pour le cuir<\/a> indispensables de vos r\u00e9novations de sellerie automobile, vos \u00e9quipements de mobilier ou encore vos sacs en cuir. Le pon\u00e7age est une \u00e9tape qui vous permet \u00e9galement de mettre un v\u00e9ritable coup de patine sur vos cuirs de collection.<\/p>\n<p>Avec son faible pouvoir abrasif, vous pourrez \u00e9liminer les imperfections de votre pi\u00e8ce de cuir. Vous n\u2019encourrez aucun risque de d\u00e9gradation de vos surfaces. En effet, le grain de notre cale \u00e0 poncer fin pour le cuir est sp\u00e9cialement choisi pour ne laisser aucune griffure ou \u00e9raflure lors de son utilisation. Cette particularit\u00e9 est valable m\u00eame pour les cuirs sombres\u00a0! Ces derniers peuvent marquer beaucoup plus facilement \u00e0 la suite de frottements r\u00e9p\u00e9t\u00e9s, avec notre cale \u00e0 poncer, aucune trace ne viendra g\u00e2cher l\u2019aspect de votre cuir\u00a0!<\/p>\n<p>L\u2019\u00e9tape de pon\u00e7age arrive juste avant celle de l\u2019application d\u2019une <a href=\"https:\/\/carrx-distribution.com\/produit\/graisse-pour-cuir\/\">graisse pour cuir<\/a> ou d\u2019une p\u00e2te r\u00e9paratrice. En r\u00e9duisant le nombre d\u2019impuret\u00e9s \u00e0 la surface de votre cuir, vous permettrez \u00e0 la mati\u00e8re de respirer et d\u2019absorber bien plus efficacement les divers produits d\u2019entretien auxquels vous souhaitez exposer vos pi\u00e8ces.<\/p>\n<p>Il est important de savoir que pour un entretien et une r\u00e9novation du cuir compl\u00e8te, l\u2019utilisation unique d\u2019une cale \u00e0 poncer n\u2019est pas suffisante. <strong>Doit lui pr\u00e9c\u00e9der une \u00e9tape de nettoyage et lui succ\u00e9der une phase de soin<\/strong>. Que cela doit la premi\u00e8re ou la derni\u00e8re \u00e9tape, elles sont toutes les deux indispensables pour optimiser au mieux le pon\u00e7age de votre surface. <strong>Le nettoyage facilite le pon\u00e7age du cuir<\/strong> et l\u2019\u00e9tape de soin permet de conserver votre cuir en l\u2019\u00e9tat plus longtemps.<\/p>\n<p>Gr\u00e2ce \u00e0 sa souplesse, la cale \u00e0 poncer fine <strong>vous servira pour le pon\u00e7age des objets arrondis et aux reliefs importants<\/strong> comme un volant de voiture, un sac \u00e0 main, etc.<\/p>\n","protected":false},"excerpt":{"rendered":"<p><u>Accessoire pour le cuir<\/u> de finition par excellence, notre <strong>cale \u00e0 poncer fine pour le cuir<\/strong> vous servira \u00e0 gommer et <strong>perfectionner l\u2019aspect de vos surfaces<\/strong>. Poncer le cuir est \u00e9galement un bon moyen d\u2019<strong>\u00e9viter les amas de salet\u00e9s <\/strong>ainsi que leur incrustation dans la mati\u00e8re. \u00c9videmment, aucun risque d\u2019abimer votre cuir en utilisant nos produits, le <strong>respect de la mati\u00e8re avant tout<\/strong>\u00a0!<\/p>\n<p><strong>Cale fine<\/strong> vendue \u00e0 l\u2019unit\u00e9.<\/p>\n","protected":false},"featured_media":40514,"comment_status":"open","ping_status":"closed","template":"","meta":[],"product_cat":[320],"product_tag":[],"class_list":{"0":"post-1245","1":"product","2":"type-product","3":"status-publish","4":"has-post-thumbnail","6":"product_cat-carrx-accessoires","7":"description-off","9":"first","10":"instock","11":"taxable","12":"shipping-taxable","13":"purchasable","14":"product-type-simple"},"yoast_head":"<!-- This site is optimized with the Yoast SEO plugin v24.2 - https:\/\/yoast.com\/wordpress\/plugins\/seo\/ -->\n<title>Cale \u00e0 poncer fine pour le cuir \u2013 CarrX Distribution<\/title>\n<meta name=\"description\" content=\"Utilisez les m\u00eames outils que les professionnels avec notre cale \u00e0 poncer fine pour le cuir et \u00e0 son faible pouvoir abrasif !\" \/>\n<meta name=\"robots\" content=\"index, follow, max-snippet:-1, max-image-preview:large, max-video-preview:-1\" \/>\n<link rel=\"canonical\" href=\"https:\/\/carrx-distribution.com\/fr\/produit\/cale-a-poncer\/\" \/>\n<meta property=\"og:locale\" content=\"fr_FR\" \/>\n<meta property=\"og:type\" content=\"article\" \/>\n<meta property=\"og:title\" content=\"Cale \u00e0 poncer fine pour le cuir \u2013 CarrX Distribution\" \/>\n<meta property=\"og:description\" content=\"Utilisez les m\u00eames outils que les professionnels avec notre cale \u00e0 poncer fine pour le cuir et \u00e0 son faible pouvoir abrasif !\" \/>\n<meta property=\"og:url\" content=\"https:\/\/carrx-distribution.com\/fr\/produit\/cale-a-poncer\/\" \/>\n<meta property=\"og:site_name\" content=\"CarrX\" \/>\n<meta property=\"article:modified_time\" content=\"2023-05-10T13:32:32+00:00\" \/>\n<meta property=\"og:image\" content=\"https:\/\/carrx-distribution.com\/wp-content\/uploads\/2020\/11\/Cale-a-poncer-fine.jpg\" \/>\n\t<meta property=\"og:image:width\" content=\"1000\" \/>\n\t<meta property=\"og:image:height\" content=\"1000\" \/>\n\t<meta property=\"og:image:type\" content=\"image\/jpeg\" \/>\n<meta name=\"twitter:card\" content=\"summary_large_image\" \/>\n<meta name=\"twitter:label1\" content=\"Dur\u00e9e de lecture estim\u00e9e\" \/>\n\t<meta name=\"twitter:data1\" content=\"2 minutes\" \/>\n<script type=\"application\/ld+json\" class=\"yoast-schema-graph\">{\"@context\":\"https:\/\/schema.org\",\"@graph\":[{\"@type\":\"WebPage\",\"@id\":\"https:\/\/carrx-distribution.com\/fr\/produit\/cale-a-poncer\/\",\"url\":\"https:\/\/carrx-distribution.com\/fr\/produit\/cale-a-poncer\/\",\"name\":\"Cale \u00e0 poncer fine pour le cuir \u2013 CarrX Distribution\",\"isPartOf\":{\"@id\":\"https:\/\/carrx-distribution.com\/fr\/#website\"},\"primaryImageOfPage\":{\"@id\":\"https:\/\/carrx-distribution.com\/fr\/produit\/cale-a-poncer\/#primaryimage\"},\"image\":{\"@id\":\"https:\/\/carrx-distribution.com\/fr\/produit\/cale-a-poncer\/#primaryimage\"},\"thumbnailUrl\":\"https:\/\/carrx-distribution.com\/wp-content\/uploads\/2020\/11\/Cale-a-poncer-fine.jpg\",\"datePublished\":\"2020-11-29T10:09:23+00:00\",\"dateModified\":\"2023-05-10T13:32:32+00:00\",\"description\":\"Utilisez les m\u00eames outils que les professionnels avec notre cale \u00e0 poncer fine pour le cuir et \u00e0 son faible pouvoir abrasif !\",\"breadcrumb\":{\"@id\":\"https:\/\/carrx-distribution.com\/fr\/produit\/cale-a-poncer\/#breadcrumb\"},\"inLanguage\":\"fr-FR\",\"potentialAction\":[{\"@type\":\"ReadAction\",\"target\":[\"https:\/\/carrx-distribution.com\/fr\/produit\/cale-a-poncer\/\"]}]},{\"@type\":\"ImageObject\",\"inLanguage\":\"fr-FR\",\"@id\":\"https:\/\/carrx-distribution.com\/fr\/produit\/cale-a-poncer\/#primaryimage\",\"url\":\"https:\/\/carrx-distribution.com\/wp-content\/uploads\/2020\/11\/Cale-a-poncer-fine.jpg\",\"contentUrl\":\"https:\/\/carrx-distribution.com\/wp-content\/uploads\/2020\/11\/Cale-a-poncer-fine.jpg\",\"width\":1000,\"height\":1000,\"caption\":\"Cale \u00e0 poncer pour le cuir douce\"},{\"@type\":\"BreadcrumbList\",\"@id\":\"https:\/\/carrx-distribution.com\/fr\/produit\/cale-a-poncer\/#breadcrumb\",\"itemListElement\":[{\"@type\":\"ListItem\",\"position\":1,\"name\":\"Accueil\",\"item\":\"https:\/\/carrx-distribution.com\/fr\/\"},{\"@type\":\"ListItem\",\"position\":2,\"name\":\"Boutique\",\"item\":\"https:\/\/carrx-distribution.com\/fr\/?page_id=9692\"},{\"@type\":\"ListItem\",\"position\":3,\"name\":\"Cale \u00e0 poncer fine (\u00e0 l\u2019unit\u00e9)\"}]},{\"@type\":\"WebSite\",\"@id\":\"https:\/\/carrx-distribution.com\/fr\/#website\",\"url\":\"https:\/\/carrx-distribution.com\/fr\/\",\"name\":\"CarrX\",\"description\":\"Sp\u00e9cialiste cuir voiture et bateau\",\"potentialAction\":[{\"@type\":\"SearchAction\",\"target\":{\"@type\":\"EntryPoint\",\"urlTemplate\":\"https:\/\/carrx-distribution.com\/fr\/?s={search_term_string}\"},\"query-input\":{\"@type\":\"PropertyValueSpecification\",\"valueRequired\":true,\"valueName\":\"search_term_string\"}}],\"inLanguage\":\"fr-FR\"}]}<\/script>\n<!-- \/ Yoast SEO plugin. -->","yoast_head_json":{"title":"Cale \u00e0 poncer fine pour le cuir \u2013 CarrX Distribution","description":"Utilisez les m\u00eames outils que les professionnels avec notre cale \u00e0 poncer fine pour le cuir et \u00e0 son faible pouvoir abrasif !","robots":{"index":"index","follow":"follow","max-snippet":"max-snippet:-1","max-image-preview":"max-image-preview:large","max-video-preview":"max-video-preview:-1"},"canonical":"https:\/\/carrx-distribution.com\/fr\/produit\/cale-a-poncer\/","og_locale":"fr_FR","og_type":"article","og_title":"Cale \u00e0 poncer fine pour le cuir \u2013 CarrX Distribution","og_description":"Utilisez les m\u00eames outils que les professionnels avec notre cale \u00e0 poncer fine pour le cuir et \u00e0 son faible pouvoir abrasif !","og_url":"https:\/\/carrx-distribution.com\/fr\/produit\/cale-a-poncer\/","og_site_name":"CarrX","article_modified_time":"2023-05-10T13:32:32+00:00","og_image":[{"width":1000,"height":1000,"url":"https:\/\/carrx-distribution.com\/wp-content\/uploads\/2020\/11\/Cale-a-poncer-fine.jpg","type":"image\/jpeg"}],"twitter_card":"summary_large_image","twitter_misc":{"Dur\u00e9e de lecture estim\u00e9e":"2 minutes"},"schema":{"@context":"https:\/\/schema.org","@graph":[{"@type":"WebPage","@id":"https:\/\/carrx-distribution.com\/fr\/produit\/cale-a-poncer\/","url":"https:\/\/carrx-distribution.com\/fr\/produit\/cale-a-poncer\/","name":"Cale \u00e0 poncer fine pour le cuir \u2013 CarrX Distribution","isPartOf":{"@id":"https:\/\/carrx-distribution.com\/fr\/#website"},"primaryImageOfPage":{"@id":"https:\/\/carrx-distribution.com\/fr\/produit\/cale-a-poncer\/#primaryimage"},"image":{"@id":"https:\/\/carrx-distribution.com\/fr\/produit\/cale-a-poncer\/#primaryimage"},"thumbnailUrl":"https:\/\/carrx-distribution.com\/wp-content\/uploads\/2020\/11\/Cale-a-poncer-fine.jpg","datePublished":"2020-11-29T10:09:23+00:00","dateModified":"2023-05-10T13:32:32+00:00","description":"Utilisez les m\u00eames outils que les professionnels avec notre cale \u00e0 poncer fine pour le cuir et \u00e0 son faible pouvoir abrasif !","breadcrumb":{"@id":"https:\/\/carrx-distribution.com\/fr\/produit\/cale-a-poncer\/#breadcrumb"},"inLanguage":"fr-FR","potentialAction":[{"@type":"ReadAction","target":["https:\/\/carrx-distribution.com\/fr\/produit\/cale-a-poncer\/"]}]},{"@type":"ImageObject","inLanguage":"fr-FR","@id":"https:\/\/carrx-distribution.com\/fr\/produit\/cale-a-poncer\/#primaryimage","url":"https:\/\/carrx-distribution.com\/wp-content\/uploads\/2020\/11\/Cale-a-poncer-fine.jpg","contentUrl":"https:\/\/carrx-distribution.com\/wp-content\/uploads\/2020\/11\/Cale-a-poncer-fine.jpg","width":1000,"height":1000,"caption":"Cale \u00e0 poncer pour le cuir douce"},{"@type":"BreadcrumbList","@id":"https:\/\/carrx-distribution.com\/fr\/produit\/cale-a-poncer\/#breadcrumb","itemListElement":[{"@type":"ListItem","position":1,"name":"Accueil","item":"https:\/\/carrx-distribution.com\/fr\/"},{"@type":"ListItem","position":2,"name":"Boutique","item":"https:\/\/carrx-distribution.com\/fr\/?page_id=9692"},{"@type":"ListItem","position":3,"name":"Cale \u00e0 poncer fine (\u00e0 l\u2019unit\u00e9)"}]},{"@type":"WebSite","@id":"https:\/\/carrx-distribution.com\/fr\/#website","url":"https:\/\/carrx-distribution.com\/fr\/","name":"CarrX","description":"Sp\u00e9cialiste cuir voiture et bateau","potentialAction":[{"@type":"SearchAction","target":{"@type":"EntryPoint","urlTemplate":"https:\/\/carrx-distribution.com\/fr\/?s={search_term_string}"},"query-input":{"@type":"PropertyValueSpecification","valueRequired":true,"valueName":"search_term_string"}}],"inLanguage":"fr-FR"}]}},"_links":{"self":[{"href":"https:\/\/carrx-distribution.com\/fr\/wp-json\/wp\/v2\/product\/1245","targetHints":{"allow":["GET"]}}],"collection":[{"href":"https:\/\/carrx-distribution.com\/fr\/wp-json\/wp\/v2\/product"}],"about":[{"href":"https:\/\/carrx-distribution.com\/fr\/wp-json\/wp\/v2\/types\/product"}],"replies":[{"embeddable":true,"href":"https:\/\/carrx-distribution.com\/fr\/wp-json\/wp\/v2\/comments?post=1245"}],"wp:featuredmedia":[{"embeddable":true,"href":"https:\/\/carrx-distribution.com\/fr\/wp-json\/wp\/v2\/media\/40514"}],"wp:attachment":[{"href":"https:\/\/carrx-distribution.com\/fr\/wp-json\/wp\/v2\/media?parent=1245"}],"wp:term":[{"taxonomy":"product_cat","embeddable":true,"href":"https:\/\/carrx-distribution.com\/fr\/wp-json\/wp\/v2\/product_cat?post=1245"},{"taxonomy":"product_tag","embeddable":true,"href":"https:\/\/carrx-distribution.com\/fr\/wp-json\/wp\/v2\/product_tag?post=1245"}],"curies":[{"name":"wp","href":"https:\/\/api.w.org\/{rel}","templated":true}]}}