{"id":1183,"date":"2020-11-28T15:25:23","date_gmt":"2020-11-28T14:25:23","guid":{"rendered":"https:\/\/carrx-distribution.com\/?post_type=product&#038;p=1183"},"modified":"2024-01-08T11:40:35","modified_gmt":"2024-01-08T10:40:35","slug":"produit-nettoyage-voiture-interieur-cuir","status":"publish","type":"product","link":"https:\/\/carrx-distribution.com\/fr\/produit\/produit-nettoyage-voiture-interieur-cuir\/","title":{"rendered":"\u00c9ponge lot de 10"},"content":{"rendered":"<p>L\u2019\u00e9ponge Carr<span style=\"color: #c40e1a\">X<\/span> est l&rsquo;<a href=\"https:\/\/carrx-distribution.com\/categorie-produit\/carrx-accessoires\/\">accessoire du cuir<\/a> indispensable pour toutes vos <strong>t\u00e2ches de r\u00e9novation, r\u00e9paration et pigmentation de vos cuirs<\/strong>. En plus de sa forme, sa texture est parfaite pour vous permettre d\u2019appliquer tous les types de produits sans pour autant les retenir ind\u00e9finiment dans ses alv\u00e9oles. L\u2019\u00e9ponge, produit de nettoyage voiture int\u00e9rieur cuir, Carr<span style=\"color: #c40e1a\">X<\/span> est \u00e9galement suffisamment rigide pour que vous ayez une <strong>bonne tenue en main<\/strong> m\u00eame lorsqu\u2019imbib\u00e9e de liquide. Vous pourrez ainsi essuyer le trop plein de produits utilis\u00e9s pendant une pigmentation par exemple.<\/p>\n<p>Vous aurez donc entre les mains une \u00e9ponge qui ne reste pas sale, <strong>facilement lavable \u00e0 l\u2019eau claire<\/strong> et qui vous sera utile dans toutes les situations imaginables autour du cuir.<\/p>\n<p>Bien \u00e9videmment, aucun risque d\u2019\u00e9rafler votre cuir avec l\u2019\u00e9ponge Carr<span style=\"color: #c40e1a\">X<\/span>. Un v\u00e9ritable produit de nettoyage pour voiture int\u00e9rieur cuir de professionnel.<\/p>\n<h3>Conseils d\u2019utilisation<\/h3>\n<p>N\u2019appliquez pas directement les produits sur l\u2019\u00e9ponge. Pr\u00e9f\u00e9rez une application sur le cuir en premier lieu, l\u2019\u00e9ponge <strong>vous servira \u00e0 \u00e9taler les agents de pigmentation ou d\u2019entretien et autres nettoyants<\/strong>\u00a0sur toute la surface de votre mati\u00e8re. L\u2019\u00e9ponge absorbera petit \u00e0 petit les surplus de produits pour vous permettre de dispenser ces derniers dans les moindres recoins.<\/p>\n<p>Pour un \u00e9talement homog\u00e8ne sur vos surfaces, il est recommand\u00e9 d\u2019<strong>effectuer des mouvements circulaires <\/strong>d\u2019abord rapproch\u00e9s puis de plus en plus amples. De cette mani\u00e8re, vous pourrez \u00eatre certain que votre pigmentation ou votre cr\u00e8me nourrissante p\u00e9n\u00e8tre efficacement dans le cuir pour une efficacit\u00e9 optimale. Cette derni\u00e8re est donc parfaite pour une <strong>application ma\u00eetris\u00e9e <\/strong>de cr\u00e8mes nourrissantes et autres <a href=\"https:\/\/carrx-distribution.com\/produit\/colle-pour-cuir\/\">colles pour cuir<\/a> de r\u00e9paration.<\/p>\n<p>Pour les taches r\u00e9centes, l\u2019\u00e9ponge peut \u00eatre \u00e9galement utilis\u00e9e avec de l\u2019eau claire ou du nettoyant liquide. Frottez l\u00e9g\u00e8rement la surface tach\u00e9e jusqu\u2019\u00e0 disparition totale de cette derni\u00e8re.<\/p>\n","protected":false},"excerpt":{"rendered":"<p>La d\u00e9coupe de<strong> l\u2019\u00e9ponge classique<\/strong> a \u00e9t\u00e9 repens\u00e9e pour <strong>faciliter l\u2019application de vos pigmentations <\/strong>CarrX\u00a0Leather, la solution lors de vos r\u00e9novations de support cuir et\/ou simili.<\/p>\n<p>Maintenant, avec ses ar\u00eates biseaut\u00e9es, vous avez acc\u00e8s aux plis et zones difficiles d\u2019acc\u00e8s avec une \u00e9ponge classique.<\/p>\n","protected":false},"featured_media":40508,"comment_status":"open","ping_status":"closed","template":"","meta":[],"product_cat":[470,471,320],"product_tag":[],"class_list":{"0":"post-1183","1":"product","2":"type-product","3":"status-publish","4":"has-post-thumbnail","6":"product_cat-entretien-cuir","7":"product_cat-traitement-cuir","8":"product_cat-carrx-accessoires","9":"description-off","11":"first","12":"instock","13":"taxable","14":"shipping-taxable","15":"purchasable","16":"product-type-simple"},"yoast_head":"<!-- This site is optimized with the Yoast SEO plugin v24.2 - https:\/\/yoast.com\/wordpress\/plugins\/seo\/ -->\n<title>Eponge &amp; produit de nettoyage voiture int\u00e9rieur cuir \u2013 CarrX Distribution<\/title>\n<meta name=\"description\" content=\"L\u2019\u00e9ponge CarrX associ\u00e9e \u00e0 nos produits de nettoyage voiture int\u00e9rieur cuir est l\u2019outil de r\u00e9f\u00e9rence pour nettoyer et r\u00e9nover vos surfaces !\" \/>\n<meta name=\"robots\" content=\"index, follow, max-snippet:-1, max-image-preview:large, max-video-preview:-1\" \/>\n<link rel=\"canonical\" href=\"https:\/\/carrx-distribution.com\/fr\/produit\/produit-nettoyage-voiture-interieur-cuir\/\" \/>\n<meta property=\"og:locale\" content=\"fr_FR\" \/>\n<meta property=\"og:type\" content=\"article\" \/>\n<meta property=\"og:title\" content=\"Eponge &amp; produit de nettoyage voiture int\u00e9rieur cuir \u2013 CarrX Distribution\" \/>\n<meta property=\"og:description\" content=\"L\u2019\u00e9ponge CarrX associ\u00e9e \u00e0 nos produits de nettoyage voiture int\u00e9rieur cuir est l\u2019outil de r\u00e9f\u00e9rence pour nettoyer et r\u00e9nover vos surfaces !\" \/>\n<meta property=\"og:url\" content=\"https:\/\/carrx-distribution.com\/fr\/produit\/produit-nettoyage-voiture-interieur-cuir\/\" \/>\n<meta property=\"og:site_name\" content=\"CarrX\" \/>\n<meta property=\"article:modified_time\" content=\"2024-01-08T10:40:35+00:00\" \/>\n<meta property=\"og:image\" content=\"https:\/\/carrx-distribution.com\/wp-content\/uploads\/2020\/11\/Eponge-cuir.jpg\" \/>\n\t<meta property=\"og:image:width\" content=\"1000\" \/>\n\t<meta property=\"og:image:height\" content=\"1000\" \/>\n\t<meta property=\"og:image:type\" content=\"image\/jpeg\" \/>\n<meta name=\"twitter:card\" content=\"summary_large_image\" \/>\n<meta name=\"twitter:label1\" content=\"Dur\u00e9e de lecture estim\u00e9e\" \/>\n\t<meta name=\"twitter:data1\" content=\"2 minutes\" \/>\n<script type=\"application\/ld+json\" class=\"yoast-schema-graph\">{\"@context\":\"https:\/\/schema.org\",\"@graph\":[{\"@type\":\"WebPage\",\"@id\":\"https:\/\/carrx-distribution.com\/fr\/produit\/produit-nettoyage-voiture-interieur-cuir\/\",\"url\":\"https:\/\/carrx-distribution.com\/fr\/produit\/produit-nettoyage-voiture-interieur-cuir\/\",\"name\":\"Eponge & produit de nettoyage voiture int\u00e9rieur cuir \u2013 CarrX Distribution\",\"isPartOf\":{\"@id\":\"https:\/\/carrx-distribution.com\/fr\/#website\"},\"primaryImageOfPage\":{\"@id\":\"https:\/\/carrx-distribution.com\/fr\/produit\/produit-nettoyage-voiture-interieur-cuir\/#primaryimage\"},\"image\":{\"@id\":\"https:\/\/carrx-distribution.com\/fr\/produit\/produit-nettoyage-voiture-interieur-cuir\/#primaryimage\"},\"thumbnailUrl\":\"https:\/\/carrx-distribution.com\/wp-content\/uploads\/2020\/11\/Eponge-cuir.jpg\",\"datePublished\":\"2020-11-28T14:25:23+00:00\",\"dateModified\":\"2024-01-08T10:40:35+00:00\",\"description\":\"L\u2019\u00e9ponge CarrX associ\u00e9e \u00e0 nos produits de nettoyage voiture int\u00e9rieur cuir est l\u2019outil de r\u00e9f\u00e9rence pour nettoyer et r\u00e9nover vos surfaces !\",\"breadcrumb\":{\"@id\":\"https:\/\/carrx-distribution.com\/fr\/produit\/produit-nettoyage-voiture-interieur-cuir\/#breadcrumb\"},\"inLanguage\":\"fr-FR\",\"potentialAction\":[{\"@type\":\"ReadAction\",\"target\":[\"https:\/\/carrx-distribution.com\/fr\/produit\/produit-nettoyage-voiture-interieur-cuir\/\"]}]},{\"@type\":\"ImageObject\",\"inLanguage\":\"fr-FR\",\"@id\":\"https:\/\/carrx-distribution.com\/fr\/produit\/produit-nettoyage-voiture-interieur-cuir\/#primaryimage\",\"url\":\"https:\/\/carrx-distribution.com\/wp-content\/uploads\/2020\/11\/Eponge-cuir.jpg\",\"contentUrl\":\"https:\/\/carrx-distribution.com\/wp-content\/uploads\/2020\/11\/Eponge-cuir.jpg\",\"width\":1000,\"height\":1000,\"caption\":\"L'\u00e9ponge d'application CarrX, le produit de nettoyage voiture en int\u00e9rieur cuir par excellence\"},{\"@type\":\"BreadcrumbList\",\"@id\":\"https:\/\/carrx-distribution.com\/fr\/produit\/produit-nettoyage-voiture-interieur-cuir\/#breadcrumb\",\"itemListElement\":[{\"@type\":\"ListItem\",\"position\":1,\"name\":\"Accueil\",\"item\":\"https:\/\/carrx-distribution.com\/fr\/\"},{\"@type\":\"ListItem\",\"position\":2,\"name\":\"Boutique\",\"item\":\"https:\/\/carrx-distribution.com\/fr\/?page_id=9692\"},{\"@type\":\"ListItem\",\"position\":3,\"name\":\"\u00c9ponge lot de 10\"}]},{\"@type\":\"WebSite\",\"@id\":\"https:\/\/carrx-distribution.com\/fr\/#website\",\"url\":\"https:\/\/carrx-distribution.com\/fr\/\",\"name\":\"CarrX\",\"description\":\"Sp\u00e9cialiste cuir voiture et bateau\",\"potentialAction\":[{\"@type\":\"SearchAction\",\"target\":{\"@type\":\"EntryPoint\",\"urlTemplate\":\"https:\/\/carrx-distribution.com\/fr\/?s={search_term_string}\"},\"query-input\":{\"@type\":\"PropertyValueSpecification\",\"valueRequired\":true,\"valueName\":\"search_term_string\"}}],\"inLanguage\":\"fr-FR\"}]}<\/script>\n<!-- \/ Yoast SEO plugin. -->","yoast_head_json":{"title":"Eponge & produit de nettoyage voiture int\u00e9rieur cuir \u2013 CarrX Distribution","description":"L\u2019\u00e9ponge CarrX associ\u00e9e \u00e0 nos produits de nettoyage voiture int\u00e9rieur cuir est l\u2019outil de r\u00e9f\u00e9rence pour nettoyer et r\u00e9nover vos surfaces !","robots":{"index":"index","follow":"follow","max-snippet":"max-snippet:-1","max-image-preview":"max-image-preview:large","max-video-preview":"max-video-preview:-1"},"canonical":"https:\/\/carrx-distribution.com\/fr\/produit\/produit-nettoyage-voiture-interieur-cuir\/","og_locale":"fr_FR","og_type":"article","og_title":"Eponge & produit de nettoyage voiture int\u00e9rieur cuir \u2013 CarrX Distribution","og_description":"L\u2019\u00e9ponge CarrX associ\u00e9e \u00e0 nos produits de nettoyage voiture int\u00e9rieur cuir est l\u2019outil de r\u00e9f\u00e9rence pour nettoyer et r\u00e9nover vos surfaces !","og_url":"https:\/\/carrx-distribution.com\/fr\/produit\/produit-nettoyage-voiture-interieur-cuir\/","og_site_name":"CarrX","article_modified_time":"2024-01-08T10:40:35+00:00","og_image":[{"width":1000,"height":1000,"url":"https:\/\/carrx-distribution.com\/wp-content\/uploads\/2020\/11\/Eponge-cuir.jpg","type":"image\/jpeg"}],"twitter_card":"summary_large_image","twitter_misc":{"Dur\u00e9e de lecture estim\u00e9e":"2 minutes"},"schema":{"@context":"https:\/\/schema.org","@graph":[{"@type":"WebPage","@id":"https:\/\/carrx-distribution.com\/fr\/produit\/produit-nettoyage-voiture-interieur-cuir\/","url":"https:\/\/carrx-distribution.com\/fr\/produit\/produit-nettoyage-voiture-interieur-cuir\/","name":"Eponge & produit de nettoyage voiture int\u00e9rieur cuir \u2013 CarrX Distribution","isPartOf":{"@id":"https:\/\/carrx-distribution.com\/fr\/#website"},"primaryImageOfPage":{"@id":"https:\/\/carrx-distribution.com\/fr\/produit\/produit-nettoyage-voiture-interieur-cuir\/#primaryimage"},"image":{"@id":"https:\/\/carrx-distribution.com\/fr\/produit\/produit-nettoyage-voiture-interieur-cuir\/#primaryimage"},"thumbnailUrl":"https:\/\/carrx-distribution.com\/wp-content\/uploads\/2020\/11\/Eponge-cuir.jpg","datePublished":"2020-11-28T14:25:23+00:00","dateModified":"2024-01-08T10:40:35+00:00","description":"L\u2019\u00e9ponge CarrX associ\u00e9e \u00e0 nos produits de nettoyage voiture int\u00e9rieur cuir est l\u2019outil de r\u00e9f\u00e9rence pour nettoyer et r\u00e9nover vos surfaces !","breadcrumb":{"@id":"https:\/\/carrx-distribution.com\/fr\/produit\/produit-nettoyage-voiture-interieur-cuir\/#breadcrumb"},"inLanguage":"fr-FR","potentialAction":[{"@type":"ReadAction","target":["https:\/\/carrx-distribution.com\/fr\/produit\/produit-nettoyage-voiture-interieur-cuir\/"]}]},{"@type":"ImageObject","inLanguage":"fr-FR","@id":"https:\/\/carrx-distribution.com\/fr\/produit\/produit-nettoyage-voiture-interieur-cuir\/#primaryimage","url":"https:\/\/carrx-distribution.com\/wp-content\/uploads\/2020\/11\/Eponge-cuir.jpg","contentUrl":"https:\/\/carrx-distribution.com\/wp-content\/uploads\/2020\/11\/Eponge-cuir.jpg","width":1000,"height":1000,"caption":"L'\u00e9ponge d'application CarrX, le produit de nettoyage voiture en int\u00e9rieur cuir par excellence"},{"@type":"BreadcrumbList","@id":"https:\/\/carrx-distribution.com\/fr\/produit\/produit-nettoyage-voiture-interieur-cuir\/#breadcrumb","itemListElement":[{"@type":"ListItem","position":1,"name":"Accueil","item":"https:\/\/carrx-distribution.com\/fr\/"},{"@type":"ListItem","position":2,"name":"Boutique","item":"https:\/\/carrx-distribution.com\/fr\/?page_id=9692"},{"@type":"ListItem","position":3,"name":"\u00c9ponge lot de 10"}]},{"@type":"WebSite","@id":"https:\/\/carrx-distribution.com\/fr\/#website","url":"https:\/\/carrx-distribution.com\/fr\/","name":"CarrX","description":"Sp\u00e9cialiste cuir voiture et bateau","potentialAction":[{"@type":"SearchAction","target":{"@type":"EntryPoint","urlTemplate":"https:\/\/carrx-distribution.com\/fr\/?s={search_term_string}"},"query-input":{"@type":"PropertyValueSpecification","valueRequired":true,"valueName":"search_term_string"}}],"inLanguage":"fr-FR"}]}},"_links":{"self":[{"href":"https:\/\/carrx-distribution.com\/fr\/wp-json\/wp\/v2\/product\/1183","targetHints":{"allow":["GET"]}}],"collection":[{"href":"https:\/\/carrx-distribution.com\/fr\/wp-json\/wp\/v2\/product"}],"about":[{"href":"https:\/\/carrx-distribution.com\/fr\/wp-json\/wp\/v2\/types\/product"}],"replies":[{"embeddable":true,"href":"https:\/\/carrx-distribution.com\/fr\/wp-json\/wp\/v2\/comments?post=1183"}],"wp:featuredmedia":[{"embeddable":true,"href":"https:\/\/carrx-distribution.com\/fr\/wp-json\/wp\/v2\/media\/40508"}],"wp:attachment":[{"href":"https:\/\/carrx-distribution.com\/fr\/wp-json\/wp\/v2\/media?parent=1183"}],"wp:term":[{"taxonomy":"product_cat","embeddable":true,"href":"https:\/\/carrx-distribution.com\/fr\/wp-json\/wp\/v2\/product_cat?post=1183"},{"taxonomy":"product_tag","embeddable":true,"href":"https:\/\/carrx-distribution.com\/fr\/wp-json\/wp\/v2\/product_tag?post=1183"}],"curies":[{"name":"wp","href":"https:\/\/api.w.org\/{rel}","templated":true}]}}