{"id":1180,"date":"2020-11-27T15:14:42","date_gmt":"2020-11-27T14:14:42","guid":{"rendered":"https:\/\/carrx-distribution.com\/?post_type=product&#038;p=1180"},"modified":"2024-01-08T11:44:31","modified_gmt":"2024-01-08T10:44:31","slug":"spatules-flexibles","status":"publish","type":"product","link":"https:\/\/carrx-distribution.com\/fr\/produit\/spatules-flexibles\/","title":{"rendered":"Spatules souples (lot de 3)"},"content":{"rendered":"<p>\u00c0 la fois <strong>l\u00e9g\u00e8re et flexible<\/strong>, notre spatule souple est faite pour la r\u00e9novation du cuir. En effet, cet <a href=\"https:\/\/carrx-distribution.com\/categorie-produit\/carrx-accessoires\/\">accessoire cuir<\/a> peut intervenir dans bon nombre d\u2019\u00e9tapes de remise en \u00e9tat de votre cuir.<\/p>\n<p>P<strong>our les surfaces bomb\u00e9es<\/strong>, la r\u00e9ponse \u00e0 vos probl\u00e9matiques est notre spatule souple\u00a0! Au contraire, pour les surfaces planes, optez pour notre <a href=\"https:\/\/carrx-distribution.com\/produit\/spatule-rigide\/\"><u>spatule rigide<\/u><\/a>. Vous pourrez appliquer vos produits d\u2019entretien sans en perdre une goutte\u00a0!<\/p>\n<p>Le premier usage de ces spatules sera l\u2019<strong>application de produits d\u2019entretien et de soins pour le cuir<\/strong>. En plus de l\u2019avantage de vous \u00e9viter d\u2019\u00e9ventuelles salissures, vous pourrez <strong>\u00e9taler vos pr\u00e9parations de mani\u00e8re homog\u00e8ne<\/strong> sans risque de cr\u00e9er un surplus.<\/p>\n<p>Avec la spatule flexible, <strong>pas de gaspillage<\/strong>\u00a0! A l\u2019issue de vos diff\u00e9rents travaux de r\u00e9paration ou r\u00e9novation du cuir, vous pourrez <strong>r\u00e9cup\u00e9rer les exc\u00e9dents de produits<\/strong> tr\u00e8s simplement et les r\u00e9ins\u00e9rer dans leur contenant d\u2019origine. De cette mani\u00e8re, vous \u00e9conomiserez votre stock de produits\u00a0!<\/p>\n<p>La spatule souple est indiqu\u00e9e pour la <strong>r\u00e9partition de graisse pour le cuir<\/strong> par exemple. Gr\u00e2ce \u00e0 une bonne prise en main alli\u00e9e \u00e0 la souplesse de l\u2019outil, cette derni\u00e8re sera tout particuli\u00e8rement utile <strong>pour les objets de formes concaves et arrondies<\/strong>. En effet, la spatule aura bien plus d\u2019aisance \u00e0 \u00e9pouser les formes de votre objets en cuir.<\/p>\n<p>L\u2019exemple du volant en cuir de voiture est le plus probant. L\u2019application de vos cr\u00e8mes de soin et autres produits n\u2019aura jamais \u00e9t\u00e9 aussi simple\u00a0! La d\u00e9coupe de la spatule a \u00e9t\u00e9 toute sp\u00e9cialement pens\u00e9e pour vous permettre de profiter au maximum du potentiel de sa flexibilit\u00e9.<\/p>\n","protected":false},"excerpt":{"rendered":"<p>CarrX vous propose une large gamme d\u2019<u>accessoires pour le cuir <\/u>professionnels dont la <strong>spatule souple d\u00e9di\u00e9e \u00e0 la r\u00e9novation de vos supports en cuir<\/strong> et\/ou simili fait partie. Vous serez \u00e0 m\u00eame de pouvoir de r\u00e9nover et <strong>remettre en \u00e9tat tous les types de cuir<\/strong>\u00a0! En choisissant CarrX, vous mettez toutes les chances de votre c\u00f4t\u00e9 pour <strong>retrouver un cuir d\u2019origine<\/strong> et conserver la valeur de tous vos items en cuir.<\/p>\n<p>Spatules vendues <strong>par lot de 5<\/strong>.<\/p>\n","protected":false},"featured_media":0,"comment_status":"open","ping_status":"closed","template":"","meta":[],"product_cat":[320],"product_tag":[],"class_list":{"0":"post-1180","1":"product","2":"type-product","3":"status-publish","5":"product_cat-carrx-accessoires","6":"description-off","8":"first","9":"instock","10":"taxable","11":"shipping-taxable","12":"purchasable","13":"product-type-simple"},"yoast_head":"<!-- This site is optimized with the Yoast SEO plugin v24.2 - https:\/\/yoast.com\/wordpress\/plugins\/seo\/ -->\n<title>Spatule souple \u2013 CarrX Distribution<\/title>\n<meta name=\"description\" content=\"Notre spatule souple est un outil de r\u00e9novation adapt\u00e9 pour l\u2019application de mastic et produits d\u2019entretien du cuir.\" \/>\n<meta name=\"robots\" content=\"index, follow, max-snippet:-1, max-image-preview:large, max-video-preview:-1\" \/>\n<link rel=\"canonical\" href=\"https:\/\/carrx-distribution.com\/fr\/produit\/spatules-flexibles\/\" \/>\n<meta property=\"og:locale\" content=\"fr_FR\" \/>\n<meta property=\"og:type\" content=\"article\" \/>\n<meta property=\"og:title\" content=\"Spatule souple \u2013 CarrX Distribution\" \/>\n<meta property=\"og:description\" content=\"Notre spatule souple est un outil de r\u00e9novation adapt\u00e9 pour l\u2019application de mastic et produits d\u2019entretien du cuir.\" \/>\n<meta property=\"og:url\" content=\"https:\/\/carrx-distribution.com\/fr\/produit\/spatules-flexibles\/\" \/>\n<meta property=\"og:site_name\" content=\"CarrX\" \/>\n<meta property=\"article:modified_time\" content=\"2024-01-08T10:44:31+00:00\" \/>\n<meta name=\"twitter:card\" content=\"summary_large_image\" \/>\n<meta name=\"twitter:label1\" content=\"Dur\u00e9e de lecture estim\u00e9e\" \/>\n\t<meta name=\"twitter:data1\" content=\"2 minutes\" \/>\n<script type=\"application\/ld+json\" class=\"yoast-schema-graph\">{\"@context\":\"https:\/\/schema.org\",\"@graph\":[{\"@type\":\"WebPage\",\"@id\":\"https:\/\/carrx-distribution.com\/fr\/produit\/spatules-flexibles\/\",\"url\":\"https:\/\/carrx-distribution.com\/fr\/produit\/spatules-flexibles\/\",\"name\":\"Spatule souple \u2013 CarrX Distribution\",\"isPartOf\":{\"@id\":\"https:\/\/carrx-distribution.com\/fr\/#website\"},\"datePublished\":\"2020-11-27T14:14:42+00:00\",\"dateModified\":\"2024-01-08T10:44:31+00:00\",\"description\":\"Notre spatule souple est un outil de r\u00e9novation adapt\u00e9 pour l\u2019application de mastic et produits d\u2019entretien du cuir.\",\"breadcrumb\":{\"@id\":\"https:\/\/carrx-distribution.com\/fr\/produit\/spatules-flexibles\/#breadcrumb\"},\"inLanguage\":\"fr-FR\",\"potentialAction\":[{\"@type\":\"ReadAction\",\"target\":[\"https:\/\/carrx-distribution.com\/fr\/produit\/spatules-flexibles\/\"]}]},{\"@type\":\"BreadcrumbList\",\"@id\":\"https:\/\/carrx-distribution.com\/fr\/produit\/spatules-flexibles\/#breadcrumb\",\"itemListElement\":[{\"@type\":\"ListItem\",\"position\":1,\"name\":\"Accueil\",\"item\":\"https:\/\/carrx-distribution.com\/fr\/\"},{\"@type\":\"ListItem\",\"position\":2,\"name\":\"Boutique\",\"item\":\"https:\/\/carrx-distribution.com\/fr\/?page_id=9692\"},{\"@type\":\"ListItem\",\"position\":3,\"name\":\"Spatules souples (lot de 3)\"}]},{\"@type\":\"WebSite\",\"@id\":\"https:\/\/carrx-distribution.com\/fr\/#website\",\"url\":\"https:\/\/carrx-distribution.com\/fr\/\",\"name\":\"CarrX\",\"description\":\"Sp\u00e9cialiste cuir voiture et bateau\",\"potentialAction\":[{\"@type\":\"SearchAction\",\"target\":{\"@type\":\"EntryPoint\",\"urlTemplate\":\"https:\/\/carrx-distribution.com\/fr\/?s={search_term_string}\"},\"query-input\":{\"@type\":\"PropertyValueSpecification\",\"valueRequired\":true,\"valueName\":\"search_term_string\"}}],\"inLanguage\":\"fr-FR\"}]}<\/script>\n<!-- \/ Yoast SEO plugin. -->","yoast_head_json":{"title":"Spatule souple \u2013 CarrX Distribution","description":"Notre spatule souple est un outil de r\u00e9novation adapt\u00e9 pour l\u2019application de mastic et produits d\u2019entretien du cuir.","robots":{"index":"index","follow":"follow","max-snippet":"max-snippet:-1","max-image-preview":"max-image-preview:large","max-video-preview":"max-video-preview:-1"},"canonical":"https:\/\/carrx-distribution.com\/fr\/produit\/spatules-flexibles\/","og_locale":"fr_FR","og_type":"article","og_title":"Spatule souple \u2013 CarrX Distribution","og_description":"Notre spatule souple est un outil de r\u00e9novation adapt\u00e9 pour l\u2019application de mastic et produits d\u2019entretien du cuir.","og_url":"https:\/\/carrx-distribution.com\/fr\/produit\/spatules-flexibles\/","og_site_name":"CarrX","article_modified_time":"2024-01-08T10:44:31+00:00","twitter_card":"summary_large_image","twitter_misc":{"Dur\u00e9e de lecture estim\u00e9e":"2 minutes"},"schema":{"@context":"https:\/\/schema.org","@graph":[{"@type":"WebPage","@id":"https:\/\/carrx-distribution.com\/fr\/produit\/spatules-flexibles\/","url":"https:\/\/carrx-distribution.com\/fr\/produit\/spatules-flexibles\/","name":"Spatule souple \u2013 CarrX Distribution","isPartOf":{"@id":"https:\/\/carrx-distribution.com\/fr\/#website"},"datePublished":"2020-11-27T14:14:42+00:00","dateModified":"2024-01-08T10:44:31+00:00","description":"Notre spatule souple est un outil de r\u00e9novation adapt\u00e9 pour l\u2019application de mastic et produits d\u2019entretien du cuir.","breadcrumb":{"@id":"https:\/\/carrx-distribution.com\/fr\/produit\/spatules-flexibles\/#breadcrumb"},"inLanguage":"fr-FR","potentialAction":[{"@type":"ReadAction","target":["https:\/\/carrx-distribution.com\/fr\/produit\/spatules-flexibles\/"]}]},{"@type":"BreadcrumbList","@id":"https:\/\/carrx-distribution.com\/fr\/produit\/spatules-flexibles\/#breadcrumb","itemListElement":[{"@type":"ListItem","position":1,"name":"Accueil","item":"https:\/\/carrx-distribution.com\/fr\/"},{"@type":"ListItem","position":2,"name":"Boutique","item":"https:\/\/carrx-distribution.com\/fr\/?page_id=9692"},{"@type":"ListItem","position":3,"name":"Spatules souples (lot de 3)"}]},{"@type":"WebSite","@id":"https:\/\/carrx-distribution.com\/fr\/#website","url":"https:\/\/carrx-distribution.com\/fr\/","name":"CarrX","description":"Sp\u00e9cialiste cuir voiture et bateau","potentialAction":[{"@type":"SearchAction","target":{"@type":"EntryPoint","urlTemplate":"https:\/\/carrx-distribution.com\/fr\/?s={search_term_string}"},"query-input":{"@type":"PropertyValueSpecification","valueRequired":true,"valueName":"search_term_string"}}],"inLanguage":"fr-FR"}]}},"_links":{"self":[{"href":"https:\/\/carrx-distribution.com\/fr\/wp-json\/wp\/v2\/product\/1180","targetHints":{"allow":["GET"]}}],"collection":[{"href":"https:\/\/carrx-distribution.com\/fr\/wp-json\/wp\/v2\/product"}],"about":[{"href":"https:\/\/carrx-distribution.com\/fr\/wp-json\/wp\/v2\/types\/product"}],"replies":[{"embeddable":true,"href":"https:\/\/carrx-distribution.com\/fr\/wp-json\/wp\/v2\/comments?post=1180"}],"wp:attachment":[{"href":"https:\/\/carrx-distribution.com\/fr\/wp-json\/wp\/v2\/media?parent=1180"}],"wp:term":[{"taxonomy":"product_cat","embeddable":true,"href":"https:\/\/carrx-distribution.com\/fr\/wp-json\/wp\/v2\/product_cat?post=1180"},{"taxonomy":"product_tag","embeddable":true,"href":"https:\/\/carrx-distribution.com\/fr\/wp-json\/wp\/v2\/product_tag?post=1180"}],"curies":[{"name":"wp","href":"https:\/\/api.w.org\/{rel}","templated":true}]}}