{"id":1136,"date":"2020-11-28T22:46:51","date_gmt":"2020-11-28T21:46:51","guid":{"rendered":"https:\/\/carrx-distribution.com\/?post_type=product&#038;p=1136"},"modified":"2024-01-08T11:43:05","modified_gmt":"2024-01-08T10:43:05","slug":"feuille-a-poncer","status":"publish","type":"product","link":"https:\/\/carrx-distribution.com\/fr\/produit\/feuille-a-poncer\/","title":{"rendered":"Papier \u00e0 poncer (lot de 3 feuilles)"},"content":{"rendered":"<p>\u00c0 l\u2019image de nos <a href=\"https:\/\/carrx-distribution.com\/produit\/cale-a-poncer-epaisse\/\"><u>cales \u00e0 poncer \u00e9paisses pour le cuir<\/u><\/a> et nos cales \u00e0 poncer fines, les feuilles de papier \u00e0 poncer sont un <a href=\"https:\/\/carrx-distribution.com\/categorie-produit\/carrx-accessoires\/\">accessoire pour le cuir<\/a> \u00e0 toujours avoir chez soi, \u00e0 port\u00e9e de main. Elles compl\u00e8teront \u00e0 merveille votre attirail de sp\u00e9cialiste du cuir.<\/p>\n<p>Nos produits vous permettent d\u2019obtenir <strong>une qualit\u00e9 de rendu in\u00e9galable <\/strong>pour tous les cuirs. Nous pensons \u00e9galement \u00e0 la rentabilit\u00e9 de ce dernier en vous offrant un rapport qualit\u00e9 prix des plus avantageux. Les feuilles de papier \u00e0 poncer <strong>pourront \u00eatre utilis\u00e9es plusieurs fois avant d\u2019\u00eatre chang\u00e9es<\/strong>.<\/p>\n<p><strong>Le grain de chaque feuilles de papier \u00e0 poncer est diff\u00e9rent<\/strong>. De cette mani\u00e8re, nous vous assurons de pouvoir travailler sur toutes les situations. Que vous ayez affaire \u00e0 un cuir \u00e9pais, rigide et trait\u00e9 ou \u00e0 une surface souple et douce, vous serez en mesure de vous adapter.<\/p>\n<p>Semblable \u00e0 un papier \u00e0 poncer pour carrosserie, il n\u2019y a <strong>aucun risque de rayure ou d\u2019\u00e9raflure<\/strong>\u00a0! Vous pourrez d\u00e9nicher salissures et autres surplus de produits dess\u00e9ch\u00e9s dans les moindres recoins de vos pi\u00e8ces de cuir.<\/p>\n<p>La prise en main des feuilles de cuir est facilit\u00e9e gr\u00e2ce \u00e0 sa face non abrasive. Vous pourrez ainsi appliquer la pression que vous souhaitez en fonction des besoins de votre cuir. Comme un papier \u00e0 poncer pour phare de voiture, vous pourrez retrouver un cuir flambant neuf.<\/p>\n<p>Gr\u00e2ce \u00e0 Carr<span style=\"color: #c40e1a\">X<\/span> Distribution vous avez enfin <strong>un acc\u00e8s total \u00e0 l\u2019ensemble des outils des artisans du cuir<\/strong>. Nous r\u00e9pondons \u00e0 tous vos besoins gr\u00e2ce \u00e0 notre gamme compl\u00e8te de produits professionnels. Le papier \u00e0 poncer est <strong>vendu par lot de 3 feuilles<\/strong> que vous pourrez ranger facilement dans une armoire ou une trousse \u00e0 outil.<\/p>\n","protected":false},"excerpt":{"rendered":"<p>Nos <strong>feuilles de papier \u00e0 poncer<\/strong> sont un plus pour gommer et effacer les imperfections de votre cuir. Faites <strong>pour passer dans les coins et pliures du cuir<\/strong>, nos feuilles de papier \u00e0 poncer sont adapt\u00e9es pour tous les types de cuir. Quel que soit l\u2019\u00e2ge, la couleur et l\u2019\u00e9tat de ce dernier vous pourrez utiliser notre produit \u00e0 loisir <strong>sans crainte d\u2019abimer vos surfaces<\/strong>.<\/p>\n<p>Papier \u00e0 poncer vendu par <strong>lot de 3 feuilles<\/strong> \u00e0 grains diff\u00e9rents.<\/p>\n","protected":false},"featured_media":40510,"comment_status":"open","ping_status":"closed","template":"","meta":[],"product_cat":[320],"product_tag":[],"class_list":{"0":"post-1136","1":"product","2":"type-product","3":"status-publish","4":"has-post-thumbnail","6":"product_cat-carrx-accessoires","7":"description-off","9":"first","10":"instock","11":"taxable","12":"shipping-taxable","13":"purchasable","14":"product-type-simple"},"yoast_head":"<!-- This site is optimized with the Yoast SEO plugin v24.2 - https:\/\/yoast.com\/wordpress\/plugins\/seo\/ -->\n<title>Papier \u00e0 poncer le cuir \u2013 CarrX Distribution<\/title>\n<meta name=\"description\" content=\"Notre papier \u00e0 poncer le cuir est adapt\u00e9 pour faire dispara\u00eetre les petites imperfections de vos cuirs ! Papier vendu par lot de 3 feuilles !\" \/>\n<meta name=\"robots\" content=\"index, follow, max-snippet:-1, max-image-preview:large, max-video-preview:-1\" \/>\n<link rel=\"canonical\" href=\"https:\/\/carrx-distribution.com\/fr\/produit\/feuille-a-poncer\/\" \/>\n<meta property=\"og:locale\" content=\"fr_FR\" \/>\n<meta property=\"og:type\" content=\"article\" \/>\n<meta property=\"og:title\" content=\"Papier \u00e0 poncer le cuir \u2013 CarrX Distribution\" \/>\n<meta property=\"og:description\" content=\"Notre papier \u00e0 poncer le cuir est adapt\u00e9 pour faire dispara\u00eetre les petites imperfections de vos cuirs ! Papier vendu par lot de 3 feuilles !\" \/>\n<meta property=\"og:url\" content=\"https:\/\/carrx-distribution.com\/fr\/produit\/feuille-a-poncer\/\" \/>\n<meta property=\"og:site_name\" content=\"CarrX\" \/>\n<meta property=\"article:modified_time\" content=\"2024-01-08T10:43:05+00:00\" \/>\n<meta property=\"og:image\" content=\"https:\/\/carrx-distribution.com\/wp-content\/uploads\/2020\/11\/Feuille-a-poncer.jpg\" \/>\n\t<meta property=\"og:image:width\" content=\"1000\" \/>\n\t<meta property=\"og:image:height\" content=\"1000\" \/>\n\t<meta property=\"og:image:type\" content=\"image\/jpeg\" \/>\n<meta name=\"twitter:card\" content=\"summary_large_image\" \/>\n<meta name=\"twitter:label1\" content=\"Dur\u00e9e de lecture estim\u00e9e\" \/>\n\t<meta name=\"twitter:data1\" content=\"2 minutes\" \/>\n<script type=\"application\/ld+json\" class=\"yoast-schema-graph\">{\"@context\":\"https:\/\/schema.org\",\"@graph\":[{\"@type\":\"WebPage\",\"@id\":\"https:\/\/carrx-distribution.com\/fr\/produit\/feuille-a-poncer\/\",\"url\":\"https:\/\/carrx-distribution.com\/fr\/produit\/feuille-a-poncer\/\",\"name\":\"Papier \u00e0 poncer le cuir \u2013 CarrX Distribution\",\"isPartOf\":{\"@id\":\"https:\/\/carrx-distribution.com\/fr\/#website\"},\"primaryImageOfPage\":{\"@id\":\"https:\/\/carrx-distribution.com\/fr\/produit\/feuille-a-poncer\/#primaryimage\"},\"image\":{\"@id\":\"https:\/\/carrx-distribution.com\/fr\/produit\/feuille-a-poncer\/#primaryimage\"},\"thumbnailUrl\":\"https:\/\/carrx-distribution.com\/wp-content\/uploads\/2020\/11\/Feuille-a-poncer.jpg\",\"datePublished\":\"2020-11-28T21:46:51+00:00\",\"dateModified\":\"2024-01-08T10:43:05+00:00\",\"description\":\"Notre papier \u00e0 poncer le cuir est adapt\u00e9 pour faire dispara\u00eetre les petites imperfections de vos cuirs ! Papier vendu par lot de 3 feuilles !\",\"breadcrumb\":{\"@id\":\"https:\/\/carrx-distribution.com\/fr\/produit\/feuille-a-poncer\/#breadcrumb\"},\"inLanguage\":\"fr-FR\",\"potentialAction\":[{\"@type\":\"ReadAction\",\"target\":[\"https:\/\/carrx-distribution.com\/fr\/produit\/feuille-a-poncer\/\"]}]},{\"@type\":\"ImageObject\",\"inLanguage\":\"fr-FR\",\"@id\":\"https:\/\/carrx-distribution.com\/fr\/produit\/feuille-a-poncer\/#primaryimage\",\"url\":\"https:\/\/carrx-distribution.com\/wp-content\/uploads\/2020\/11\/Feuille-a-poncer.jpg\",\"contentUrl\":\"https:\/\/carrx-distribution.com\/wp-content\/uploads\/2020\/11\/Feuille-a-poncer.jpg\",\"width\":1000,\"height\":1000,\"caption\":\"Feuilles \u00e0 poncer pour cuir\"},{\"@type\":\"BreadcrumbList\",\"@id\":\"https:\/\/carrx-distribution.com\/fr\/produit\/feuille-a-poncer\/#breadcrumb\",\"itemListElement\":[{\"@type\":\"ListItem\",\"position\":1,\"name\":\"Accueil\",\"item\":\"https:\/\/carrx-distribution.com\/fr\/\"},{\"@type\":\"ListItem\",\"position\":2,\"name\":\"Boutique\",\"item\":\"https:\/\/carrx-distribution.com\/fr\/?page_id=9692\"},{\"@type\":\"ListItem\",\"position\":3,\"name\":\"Papier \u00e0 poncer (lot de 3 feuilles)\"}]},{\"@type\":\"WebSite\",\"@id\":\"https:\/\/carrx-distribution.com\/fr\/#website\",\"url\":\"https:\/\/carrx-distribution.com\/fr\/\",\"name\":\"CarrX\",\"description\":\"Sp\u00e9cialiste cuir voiture et bateau\",\"potentialAction\":[{\"@type\":\"SearchAction\",\"target\":{\"@type\":\"EntryPoint\",\"urlTemplate\":\"https:\/\/carrx-distribution.com\/fr\/?s={search_term_string}\"},\"query-input\":{\"@type\":\"PropertyValueSpecification\",\"valueRequired\":true,\"valueName\":\"search_term_string\"}}],\"inLanguage\":\"fr-FR\"}]}<\/script>\n<!-- \/ Yoast SEO plugin. -->","yoast_head_json":{"title":"Papier \u00e0 poncer le cuir \u2013 CarrX Distribution","description":"Notre papier \u00e0 poncer le cuir est adapt\u00e9 pour faire dispara\u00eetre les petites imperfections de vos cuirs ! Papier vendu par lot de 3 feuilles !","robots":{"index":"index","follow":"follow","max-snippet":"max-snippet:-1","max-image-preview":"max-image-preview:large","max-video-preview":"max-video-preview:-1"},"canonical":"https:\/\/carrx-distribution.com\/fr\/produit\/feuille-a-poncer\/","og_locale":"fr_FR","og_type":"article","og_title":"Papier \u00e0 poncer le cuir \u2013 CarrX Distribution","og_description":"Notre papier \u00e0 poncer le cuir est adapt\u00e9 pour faire dispara\u00eetre les petites imperfections de vos cuirs ! Papier vendu par lot de 3 feuilles !","og_url":"https:\/\/carrx-distribution.com\/fr\/produit\/feuille-a-poncer\/","og_site_name":"CarrX","article_modified_time":"2024-01-08T10:43:05+00:00","og_image":[{"width":1000,"height":1000,"url":"https:\/\/carrx-distribution.com\/wp-content\/uploads\/2020\/11\/Feuille-a-poncer.jpg","type":"image\/jpeg"}],"twitter_card":"summary_large_image","twitter_misc":{"Dur\u00e9e de lecture estim\u00e9e":"2 minutes"},"schema":{"@context":"https:\/\/schema.org","@graph":[{"@type":"WebPage","@id":"https:\/\/carrx-distribution.com\/fr\/produit\/feuille-a-poncer\/","url":"https:\/\/carrx-distribution.com\/fr\/produit\/feuille-a-poncer\/","name":"Papier \u00e0 poncer le cuir \u2013 CarrX Distribution","isPartOf":{"@id":"https:\/\/carrx-distribution.com\/fr\/#website"},"primaryImageOfPage":{"@id":"https:\/\/carrx-distribution.com\/fr\/produit\/feuille-a-poncer\/#primaryimage"},"image":{"@id":"https:\/\/carrx-distribution.com\/fr\/produit\/feuille-a-poncer\/#primaryimage"},"thumbnailUrl":"https:\/\/carrx-distribution.com\/wp-content\/uploads\/2020\/11\/Feuille-a-poncer.jpg","datePublished":"2020-11-28T21:46:51+00:00","dateModified":"2024-01-08T10:43:05+00:00","description":"Notre papier \u00e0 poncer le cuir est adapt\u00e9 pour faire dispara\u00eetre les petites imperfections de vos cuirs ! Papier vendu par lot de 3 feuilles !","breadcrumb":{"@id":"https:\/\/carrx-distribution.com\/fr\/produit\/feuille-a-poncer\/#breadcrumb"},"inLanguage":"fr-FR","potentialAction":[{"@type":"ReadAction","target":["https:\/\/carrx-distribution.com\/fr\/produit\/feuille-a-poncer\/"]}]},{"@type":"ImageObject","inLanguage":"fr-FR","@id":"https:\/\/carrx-distribution.com\/fr\/produit\/feuille-a-poncer\/#primaryimage","url":"https:\/\/carrx-distribution.com\/wp-content\/uploads\/2020\/11\/Feuille-a-poncer.jpg","contentUrl":"https:\/\/carrx-distribution.com\/wp-content\/uploads\/2020\/11\/Feuille-a-poncer.jpg","width":1000,"height":1000,"caption":"Feuilles \u00e0 poncer pour cuir"},{"@type":"BreadcrumbList","@id":"https:\/\/carrx-distribution.com\/fr\/produit\/feuille-a-poncer\/#breadcrumb","itemListElement":[{"@type":"ListItem","position":1,"name":"Accueil","item":"https:\/\/carrx-distribution.com\/fr\/"},{"@type":"ListItem","position":2,"name":"Boutique","item":"https:\/\/carrx-distribution.com\/fr\/?page_id=9692"},{"@type":"ListItem","position":3,"name":"Papier \u00e0 poncer (lot de 3 feuilles)"}]},{"@type":"WebSite","@id":"https:\/\/carrx-distribution.com\/fr\/#website","url":"https:\/\/carrx-distribution.com\/fr\/","name":"CarrX","description":"Sp\u00e9cialiste cuir voiture et bateau","potentialAction":[{"@type":"SearchAction","target":{"@type":"EntryPoint","urlTemplate":"https:\/\/carrx-distribution.com\/fr\/?s={search_term_string}"},"query-input":{"@type":"PropertyValueSpecification","valueRequired":true,"valueName":"search_term_string"}}],"inLanguage":"fr-FR"}]}},"_links":{"self":[{"href":"https:\/\/carrx-distribution.com\/fr\/wp-json\/wp\/v2\/product\/1136","targetHints":{"allow":["GET"]}}],"collection":[{"href":"https:\/\/carrx-distribution.com\/fr\/wp-json\/wp\/v2\/product"}],"about":[{"href":"https:\/\/carrx-distribution.com\/fr\/wp-json\/wp\/v2\/types\/product"}],"replies":[{"embeddable":true,"href":"https:\/\/carrx-distribution.com\/fr\/wp-json\/wp\/v2\/comments?post=1136"}],"wp:featuredmedia":[{"embeddable":true,"href":"https:\/\/carrx-distribution.com\/fr\/wp-json\/wp\/v2\/media\/40510"}],"wp:attachment":[{"href":"https:\/\/carrx-distribution.com\/fr\/wp-json\/wp\/v2\/media?parent=1136"}],"wp:term":[{"taxonomy":"product_cat","embeddable":true,"href":"https:\/\/carrx-distribution.com\/fr\/wp-json\/wp\/v2\/product_cat?post=1136"},{"taxonomy":"product_tag","embeddable":true,"href":"https:\/\/carrx-distribution.com\/fr\/wp-json\/wp\/v2\/product_tag?post=1136"}],"curies":[{"name":"wp","href":"https:\/\/api.w.org\/{rel}","templated":true}]}}