{"id":1129,"date":"2020-11-26T22:36:38","date_gmt":"2020-11-26T21:36:38","guid":{"rendered":"https:\/\/carrx-distribution.com\/?post_type=product&#038;p=1129"},"modified":"2024-01-08T11:41:44","modified_gmt":"2024-01-08T10:41:44","slug":"brosse-cuir-voiture","status":"publish","type":"product","link":"https:\/\/carrx-distribution.com\/fr\/produit\/brosse-cuir-voiture\/","title":{"rendered":"Brosse cuir voiture"},"content":{"rendered":"<p>Les poils de la brosse cuir de voiture sont mont\u00e9s sur une <strong>base simple en plastique qui lui assure r\u00e9sistance et solidit\u00e9<\/strong>. Ces derniers sont assez souples pour emp\u00eacher toute \u00e9raflure de se former lors de votre nettoyage.<\/p>\n<p>La tenue en main de la brosse est assur\u00e9e par le c\u00f4t\u00e9 anti-glissant de la base en plastique en faisant ainsi un <a href=\"https:\/\/carrx-distribution.com\/categorie-produit\/carrx-accessoires\/\">accessoire pour le cuir<\/a> de professionnel. Pour l\u2019accrocher vous pourrez utiliser l\u2019autre c\u00f4t\u00e9 du support en plastique dans lequel vous trouverez un demi-cercle perc\u00e9.<\/p>\n<p>Carr<span style=\"color: #c40e1a\">X<\/span> vous offre les meilleurs produits pour vos objets en cuir et vos rev\u00eatements. <strong>Finis les cuirs sales et encrass\u00e9s<\/strong> avec la brosse cuir de voiture Carr<span style=\"color: #c40e1a\">X<\/span>\u00a0!<\/p>\n<h3>Conseils d\u2019utilisation<\/h3>\n<p>Afin d\u2019optimiser l\u2019utilisation et la dur\u00e9e de notre produit, voici quelques conseils pour vous permettre de devenir de vrais professionnels\u00a0:<\/p>\n<ul>\n<li>Vous pouvez <strong>utiliser la brosse s\u00e8che ou humide<\/strong>, pr\u00e9f\u00e9rez une application du nettoyant ou <a href=\"https:\/\/carrx-distribution.com\/produit\/solvant-250-ml\/\"><span style=\"color: #c40e1a\">solvant pour le cuir<\/span><\/a> par pulv\u00e9risation directement sur votre cuir.<\/li>\n<li>Effectuez des <strong>mouvement circulaires<\/strong> et \u00e9vitez les mouvements trop lin\u00e9aires. De plus, ne vous pressez pas et laissez le nettoyant faire son effet !<\/li>\n<li>Appliquez une <strong>l\u00e9g\u00e8re pression<\/strong> sur la brosse lorsque vous l\u2019utilisez. Si la tache ne part pas directement, n\u2019appuyez pas davantage au risque d\u2019abimer votre cuir par frottements trop intenses. Pulv\u00e9risez du nettoyant sur la ou les taches et laissez agir pendant quelques minutes avant de recommencer.<\/li>\n<li><strong>Rincez abondamment \u00e0 l\u2019eau claire<\/strong> <strong>votre brosse<\/strong> apr\u00e8s chaque utilisation, cela emp\u00eachera la qualit\u00e9 des poils de se d\u00e9t\u00e9riorer (exemple\u00a0: raidissement).<\/li>\n<\/ul>\n","protected":false},"excerpt":{"rendered":"<p>Vendue \u00e0 l\u2019unit\u00e9, la <strong>brosse cuir<\/strong> de voiture est l\u2019outil parfait pour toutes vos op\u00e9rations de nettoyage de l\u2019int\u00e9rieur de vos ou votre v\u00e9hicule mais aussi de votre canap\u00e9, sofa, blouson ou sac en cuir. <strong>Alli\u00e9e au nettoyant liquide sp\u00e9cial cuir Carr<span style=\"color: #c40e1a\">X<\/span><\/strong>, c\u2019est le meilleur accessoire pour nettoyer les cuirs en profondeur de fa\u00e7on optimale. \u00c0 la fois souple et robuste, vous ne pourrez plus vous en passer pour prendre soin de vos surfaces.<\/p>\n","protected":false},"featured_media":40499,"comment_status":"open","ping_status":"closed","template":"","meta":[],"product_cat":[469,320],"product_tag":[],"class_list":{"0":"post-1129","1":"product","2":"type-product","3":"status-publish","4":"has-post-thumbnail","6":"product_cat-nettoyage-cuir","7":"product_cat-carrx-accessoires","8":"description-off","10":"first","11":"instock","12":"taxable","13":"shipping-taxable","14":"purchasable","15":"product-type-simple"},"yoast_head":"<!-- This site is optimized with the Yoast SEO plugin v24.2 - https:\/\/yoast.com\/wordpress\/plugins\/seo\/ -->\n<title>Brosse pour cuir de voiture \u2013 CarrX Distribution<\/title>\n<meta name=\"description\" content=\"Nettoyez toutes vos surfaces avec la brosse cuir de voiture CarrX ! Du mat\u00e9riel de professionnel pour tous vos cuirs.\" \/>\n<meta name=\"robots\" content=\"index, follow, max-snippet:-1, max-image-preview:large, max-video-preview:-1\" \/>\n<link rel=\"canonical\" href=\"https:\/\/carrx-distribution.com\/fr\/produit\/brosse-cuir-voiture\/\" \/>\n<meta property=\"og:locale\" content=\"fr_FR\" \/>\n<meta property=\"og:type\" content=\"article\" \/>\n<meta property=\"og:title\" content=\"Brosse pour cuir de voiture \u2013 CarrX Distribution\" \/>\n<meta property=\"og:description\" content=\"Nettoyez toutes vos surfaces avec la brosse cuir de voiture CarrX ! Du mat\u00e9riel de professionnel pour tous vos cuirs.\" \/>\n<meta property=\"og:url\" content=\"https:\/\/carrx-distribution.com\/fr\/produit\/brosse-cuir-voiture\/\" \/>\n<meta property=\"og:site_name\" content=\"CarrX\" \/>\n<meta property=\"article:modified_time\" content=\"2024-01-08T10:41:44+00:00\" \/>\n<meta property=\"og:image\" content=\"https:\/\/carrx-distribution.com\/wp-content\/uploads\/2020\/11\/Brosse-cuir.jpg\" \/>\n\t<meta property=\"og:image:width\" content=\"1000\" \/>\n\t<meta property=\"og:image:height\" content=\"1000\" \/>\n\t<meta property=\"og:image:type\" content=\"image\/jpeg\" \/>\n<meta name=\"twitter:card\" content=\"summary_large_image\" \/>\n<meta name=\"twitter:label1\" content=\"Dur\u00e9e de lecture estim\u00e9e\" \/>\n\t<meta name=\"twitter:data1\" content=\"2 minutes\" \/>\n<script type=\"application\/ld+json\" class=\"yoast-schema-graph\">{\"@context\":\"https:\/\/schema.org\",\"@graph\":[{\"@type\":\"WebPage\",\"@id\":\"https:\/\/carrx-distribution.com\/fr\/produit\/brosse-cuir-voiture\/\",\"url\":\"https:\/\/carrx-distribution.com\/fr\/produit\/brosse-cuir-voiture\/\",\"name\":\"Brosse pour cuir de voiture \u2013 CarrX Distribution\",\"isPartOf\":{\"@id\":\"https:\/\/carrx-distribution.com\/fr\/#website\"},\"primaryImageOfPage\":{\"@id\":\"https:\/\/carrx-distribution.com\/fr\/produit\/brosse-cuir-voiture\/#primaryimage\"},\"image\":{\"@id\":\"https:\/\/carrx-distribution.com\/fr\/produit\/brosse-cuir-voiture\/#primaryimage\"},\"thumbnailUrl\":\"https:\/\/carrx-distribution.com\/wp-content\/uploads\/2020\/11\/Brosse-cuir.jpg\",\"datePublished\":\"2020-11-26T21:36:38+00:00\",\"dateModified\":\"2024-01-08T10:41:44+00:00\",\"description\":\"Nettoyez toutes vos surfaces avec la brosse cuir de voiture CarrX ! Du mat\u00e9riel de professionnel pour tous vos cuirs.\",\"breadcrumb\":{\"@id\":\"https:\/\/carrx-distribution.com\/fr\/produit\/brosse-cuir-voiture\/#breadcrumb\"},\"inLanguage\":\"fr-FR\",\"potentialAction\":[{\"@type\":\"ReadAction\",\"target\":[\"https:\/\/carrx-distribution.com\/fr\/produit\/brosse-cuir-voiture\/\"]}]},{\"@type\":\"ImageObject\",\"inLanguage\":\"fr-FR\",\"@id\":\"https:\/\/carrx-distribution.com\/fr\/produit\/brosse-cuir-voiture\/#primaryimage\",\"url\":\"https:\/\/carrx-distribution.com\/wp-content\/uploads\/2020\/11\/Brosse-cuir.jpg\",\"contentUrl\":\"https:\/\/carrx-distribution.com\/wp-content\/uploads\/2020\/11\/Brosse-cuir.jpg\",\"width\":1000,\"height\":1000,\"caption\":\"Brosse pour cuir auto et autres objets en cuir\"},{\"@type\":\"BreadcrumbList\",\"@id\":\"https:\/\/carrx-distribution.com\/fr\/produit\/brosse-cuir-voiture\/#breadcrumb\",\"itemListElement\":[{\"@type\":\"ListItem\",\"position\":1,\"name\":\"Accueil\",\"item\":\"https:\/\/carrx-distribution.com\/fr\/\"},{\"@type\":\"ListItem\",\"position\":2,\"name\":\"Boutique\",\"item\":\"https:\/\/carrx-distribution.com\/fr\/?page_id=9692\"},{\"@type\":\"ListItem\",\"position\":3,\"name\":\"Brosse cuir voiture\"}]},{\"@type\":\"WebSite\",\"@id\":\"https:\/\/carrx-distribution.com\/fr\/#website\",\"url\":\"https:\/\/carrx-distribution.com\/fr\/\",\"name\":\"CarrX\",\"description\":\"Sp\u00e9cialiste cuir voiture et bateau\",\"potentialAction\":[{\"@type\":\"SearchAction\",\"target\":{\"@type\":\"EntryPoint\",\"urlTemplate\":\"https:\/\/carrx-distribution.com\/fr\/?s={search_term_string}\"},\"query-input\":{\"@type\":\"PropertyValueSpecification\",\"valueRequired\":true,\"valueName\":\"search_term_string\"}}],\"inLanguage\":\"fr-FR\"}]}<\/script>\n<!-- \/ Yoast SEO plugin. -->","yoast_head_json":{"title":"Brosse pour cuir de voiture \u2013 CarrX Distribution","description":"Nettoyez toutes vos surfaces avec la brosse cuir de voiture CarrX ! Du mat\u00e9riel de professionnel pour tous vos cuirs.","robots":{"index":"index","follow":"follow","max-snippet":"max-snippet:-1","max-image-preview":"max-image-preview:large","max-video-preview":"max-video-preview:-1"},"canonical":"https:\/\/carrx-distribution.com\/fr\/produit\/brosse-cuir-voiture\/","og_locale":"fr_FR","og_type":"article","og_title":"Brosse pour cuir de voiture \u2013 CarrX Distribution","og_description":"Nettoyez toutes vos surfaces avec la brosse cuir de voiture CarrX ! Du mat\u00e9riel de professionnel pour tous vos cuirs.","og_url":"https:\/\/carrx-distribution.com\/fr\/produit\/brosse-cuir-voiture\/","og_site_name":"CarrX","article_modified_time":"2024-01-08T10:41:44+00:00","og_image":[{"width":1000,"height":1000,"url":"https:\/\/carrx-distribution.com\/wp-content\/uploads\/2020\/11\/Brosse-cuir.jpg","type":"image\/jpeg"}],"twitter_card":"summary_large_image","twitter_misc":{"Dur\u00e9e de lecture estim\u00e9e":"2 minutes"},"schema":{"@context":"https:\/\/schema.org","@graph":[{"@type":"WebPage","@id":"https:\/\/carrx-distribution.com\/fr\/produit\/brosse-cuir-voiture\/","url":"https:\/\/carrx-distribution.com\/fr\/produit\/brosse-cuir-voiture\/","name":"Brosse pour cuir de voiture \u2013 CarrX Distribution","isPartOf":{"@id":"https:\/\/carrx-distribution.com\/fr\/#website"},"primaryImageOfPage":{"@id":"https:\/\/carrx-distribution.com\/fr\/produit\/brosse-cuir-voiture\/#primaryimage"},"image":{"@id":"https:\/\/carrx-distribution.com\/fr\/produit\/brosse-cuir-voiture\/#primaryimage"},"thumbnailUrl":"https:\/\/carrx-distribution.com\/wp-content\/uploads\/2020\/11\/Brosse-cuir.jpg","datePublished":"2020-11-26T21:36:38+00:00","dateModified":"2024-01-08T10:41:44+00:00","description":"Nettoyez toutes vos surfaces avec la brosse cuir de voiture CarrX ! Du mat\u00e9riel de professionnel pour tous vos cuirs.","breadcrumb":{"@id":"https:\/\/carrx-distribution.com\/fr\/produit\/brosse-cuir-voiture\/#breadcrumb"},"inLanguage":"fr-FR","potentialAction":[{"@type":"ReadAction","target":["https:\/\/carrx-distribution.com\/fr\/produit\/brosse-cuir-voiture\/"]}]},{"@type":"ImageObject","inLanguage":"fr-FR","@id":"https:\/\/carrx-distribution.com\/fr\/produit\/brosse-cuir-voiture\/#primaryimage","url":"https:\/\/carrx-distribution.com\/wp-content\/uploads\/2020\/11\/Brosse-cuir.jpg","contentUrl":"https:\/\/carrx-distribution.com\/wp-content\/uploads\/2020\/11\/Brosse-cuir.jpg","width":1000,"height":1000,"caption":"Brosse pour cuir auto et autres objets en cuir"},{"@type":"BreadcrumbList","@id":"https:\/\/carrx-distribution.com\/fr\/produit\/brosse-cuir-voiture\/#breadcrumb","itemListElement":[{"@type":"ListItem","position":1,"name":"Accueil","item":"https:\/\/carrx-distribution.com\/fr\/"},{"@type":"ListItem","position":2,"name":"Boutique","item":"https:\/\/carrx-distribution.com\/fr\/?page_id=9692"},{"@type":"ListItem","position":3,"name":"Brosse cuir voiture"}]},{"@type":"WebSite","@id":"https:\/\/carrx-distribution.com\/fr\/#website","url":"https:\/\/carrx-distribution.com\/fr\/","name":"CarrX","description":"Sp\u00e9cialiste cuir voiture et bateau","potentialAction":[{"@type":"SearchAction","target":{"@type":"EntryPoint","urlTemplate":"https:\/\/carrx-distribution.com\/fr\/?s={search_term_string}"},"query-input":{"@type":"PropertyValueSpecification","valueRequired":true,"valueName":"search_term_string"}}],"inLanguage":"fr-FR"}]}},"_links":{"self":[{"href":"https:\/\/carrx-distribution.com\/fr\/wp-json\/wp\/v2\/product\/1129","targetHints":{"allow":["GET"]}}],"collection":[{"href":"https:\/\/carrx-distribution.com\/fr\/wp-json\/wp\/v2\/product"}],"about":[{"href":"https:\/\/carrx-distribution.com\/fr\/wp-json\/wp\/v2\/types\/product"}],"replies":[{"embeddable":true,"href":"https:\/\/carrx-distribution.com\/fr\/wp-json\/wp\/v2\/comments?post=1129"}],"wp:featuredmedia":[{"embeddable":true,"href":"https:\/\/carrx-distribution.com\/fr\/wp-json\/wp\/v2\/media\/40499"}],"wp:attachment":[{"href":"https:\/\/carrx-distribution.com\/fr\/wp-json\/wp\/v2\/media?parent=1129"}],"wp:term":[{"taxonomy":"product_cat","embeddable":true,"href":"https:\/\/carrx-distribution.com\/fr\/wp-json\/wp\/v2\/product_cat?post=1129"},{"taxonomy":"product_tag","embeddable":true,"href":"https:\/\/carrx-distribution.com\/fr\/wp-json\/wp\/v2\/product_tag?post=1129"}],"curies":[{"name":"wp","href":"https:\/\/api.w.org\/{rel}","templated":true}]}}