{"id":1126,"date":"2020-12-27T22:19:40","date_gmt":"2020-12-27T21:19:40","guid":{"rendered":"https:\/\/carrx-distribution.com\/?post_type=product&#038;p=1126"},"modified":"2025-01-01T00:10:06","modified_gmt":"2024-12-31T23:10:06","slug":"creme-cuir-voiture-250ml","status":"publish","type":"product","link":"https:\/\/carrx-distribution.com\/fr\/produit\/creme-cuir-voiture-250ml\/","title":{"rendered":"Cr\u00e8me Nourrissante pour le cuir"},"content":{"rendered":"<h3>Nourrir le cuir<\/h3>\n<p>Prendre soin de ses pi\u00e8ces de cuir est d\u2019une importance capitale. Le cuir est une mati\u00e8re vivante, pour lui permettre de respirer et de vieillir dans les meilleures conditions Carr<span style=\"color: #c40e1a\">X<\/span> a mis au point la cr\u00e8me cuir de voiture et autres surfaces. Avec notre produit, vous n\u2019aurez plus \u00e0 vous inqui\u00e9ter de l\u2019\u00e9tat de vos surfaces. Produit d\u2019<a href=\"https:\/\/carrx-distribution.com\/categorie-produit\/entretien-cuir\/\">entretien du cuir<\/a> par excellence, la <strong>cr\u00e8me pour cuir de voiture<\/strong><strong> est la solution parfaite pour pr\u00e9server, prot\u00e9ger et faire perdurer tous les types de cuir<\/strong>.<br \/>\nEn compl\u00e9ment d\u2019un nettoyage r\u00e9alis\u00e9 avec le\u00a0<a href=\"https:\/\/carrx-distribution.com\/produit\/nettoyant-cuir-voiture\/\">nettoyant liquide sp\u00e9cial cuir<\/a> et la brosse Carr<span style=\"color: #c40e1a\">X<\/span>, ou en entretien r\u00e9gulier, la\u00a0<strong>Cr\u00e8me Nourrissante<\/strong> 250 ml (seul ou en lot de 6 flacons) s\u2019applique tel un soin. En associant nettoyage et nourrissage de vos cuirs, vous serez certain d\u2019avoir une mati\u00e8re souple et r\u00e9sistance \u00e0 la fois. Vous n\u2019aurez ainsi pas \u00e0 craindre la formation de trous et autres d\u00e9chirures qui pourraient alt\u00e9rer d\u00e9finitivement votre pi\u00e8ce et d\u00e9grader sa valeur.<\/p>\n<h3>Conseils d\u2019utilisation<\/h3>\n<p>\u00c0 l\u2019aide d\u2019un chiffon en coton doux\u00a0ou pour une meilleure p\u00e9n\u00e9tration : <strong>\u00e0 l\u2019\u00e9ponge d\u2019application, nourrissez le cuir<\/strong> en profondeur pour ainsi \u00e9viter de nombreux incidents comme son dess\u00e9chement ou l\u2019apparition de craquelures. Que ce soit \u00e0 la brosse ou au chiffon, veillez \u00e0 effectuer des mouvements circulaires pour \u00e9taler le produit de mani\u00e8re homog\u00e8ne sur toute la surface.<\/p>\n<p>Avec ou sans nettoyage pr\u00e9alable, appliquez directement la cr\u00e8me nourrissante sur toute la surface de votre pi\u00e8ce de cuir. Une fois que le produit absorb\u00e9 par le cuir, <strong>laissez s\u00e9cher et reposer quelques minutes <\/strong>avant de r\u00e9utiliser votre objet. Par la suite, vous retrouverez tout le confort de votre cuir comme si vous veniez de l\u2019acheter.<\/p>\n<p>Disponible seul ou en lot de 6 flacons de 250 mL.<\/p>\n","protected":false},"excerpt":{"rendered":"<ul>\n<li>Cr\u00e8me nourrissante pour tout type de cuir<\/li>\n<li>Nourrit le cuir en profondeur,<\/li>\n<li>Application au chiffon ou \u00e0 l\u2019\u00e9ponge,<\/li>\n<li>En entretien r\u00e9gulier ou apr\u00e8s un nettoyage complet,<\/li>\n<li>Disponible seul ou en lots de 6 flacons de 250 ml.<\/li>\n<\/ul>\n","protected":false},"featured_media":40588,"comment_status":"open","ping_status":"closed","template":"","meta":[],"product_cat":[470],"product_tag":[],"class_list":{"0":"post-1126","1":"product","2":"type-product","3":"status-publish","4":"has-post-thumbnail","6":"product_cat-entretien-cuir","7":"description-off","9":"first","10":"instock","11":"featured","12":"taxable","13":"shipping-taxable","14":"purchasable","15":"product-type-variable"},"yoast_head":"<!-- This site is optimized with the Yoast SEO plugin v24.2 - https:\/\/yoast.com\/wordpress\/plugins\/seo\/ -->\n<title>Cr\u00e8me pour cuir de voiture \u2013 CarrX Distribution<\/title>\n<meta name=\"description\" content=\"Nourrissez et prot\u00e9gez vos cuirs avec la cr\u00e8me cuir de voiture par CarrX ! Des produits de qualit\u00e9 professionnelle pour les particuliers.\" \/>\n<meta name=\"robots\" content=\"index, follow, max-snippet:-1, max-image-preview:large, max-video-preview:-1\" \/>\n<link rel=\"canonical\" href=\"https:\/\/carrx-distribution.com\/fr\/produit\/creme-cuir-voiture-250ml\/\" \/>\n<meta property=\"og:locale\" content=\"fr_FR\" \/>\n<meta property=\"og:type\" content=\"article\" \/>\n<meta property=\"og:title\" content=\"Cr\u00e8me pour cuir de voiture \u2013 CarrX Distribution\" \/>\n<meta property=\"og:description\" content=\"Nourrissez et prot\u00e9gez vos cuirs avec la cr\u00e8me cuir de voiture par CarrX ! Des produits de qualit\u00e9 professionnelle pour les particuliers.\" \/>\n<meta property=\"og:url\" content=\"https:\/\/carrx-distribution.com\/fr\/produit\/creme-cuir-voiture-250ml\/\" \/>\n<meta property=\"og:site_name\" content=\"CarrX\" \/>\n<meta property=\"article:modified_time\" content=\"2024-12-31T23:10:06+00:00\" \/>\n<meta property=\"og:image\" content=\"https:\/\/carrx-distribution.com\/wp-content\/uploads\/2020\/12\/Creme-nourrissante-250ML.jpg\" \/>\n\t<meta property=\"og:image:width\" content=\"1000\" \/>\n\t<meta property=\"og:image:height\" content=\"1000\" \/>\n\t<meta property=\"og:image:type\" content=\"image\/jpeg\" \/>\n<meta name=\"twitter:card\" content=\"summary_large_image\" \/>\n<meta name=\"twitter:label1\" content=\"Dur\u00e9e de lecture estim\u00e9e\" \/>\n\t<meta name=\"twitter:data1\" content=\"2 minutes\" \/>\n<script type=\"application\/ld+json\" class=\"yoast-schema-graph\">{\"@context\":\"https:\/\/schema.org\",\"@graph\":[{\"@type\":\"WebPage\",\"@id\":\"https:\/\/carrx-distribution.com\/fr\/produit\/creme-cuir-voiture-250ml\/\",\"url\":\"https:\/\/carrx-distribution.com\/fr\/produit\/creme-cuir-voiture-250ml\/\",\"name\":\"Cr\u00e8me pour cuir de voiture \u2013 CarrX Distribution\",\"isPartOf\":{\"@id\":\"https:\/\/carrx-distribution.com\/fr\/#website\"},\"primaryImageOfPage\":{\"@id\":\"https:\/\/carrx-distribution.com\/fr\/produit\/creme-cuir-voiture-250ml\/#primaryimage\"},\"image\":{\"@id\":\"https:\/\/carrx-distribution.com\/fr\/produit\/creme-cuir-voiture-250ml\/#primaryimage\"},\"thumbnailUrl\":\"https:\/\/carrx-distribution.com\/wp-content\/uploads\/2020\/12\/Creme-nourrissante-250ML.jpg\",\"datePublished\":\"2020-12-27T21:19:40+00:00\",\"dateModified\":\"2024-12-31T23:10:06+00:00\",\"description\":\"Nourrissez et prot\u00e9gez vos cuirs avec la cr\u00e8me cuir de voiture par CarrX ! Des produits de qualit\u00e9 professionnelle pour les particuliers.\",\"breadcrumb\":{\"@id\":\"https:\/\/carrx-distribution.com\/fr\/produit\/creme-cuir-voiture-250ml\/#breadcrumb\"},\"inLanguage\":\"fr-FR\",\"potentialAction\":[{\"@type\":\"ReadAction\",\"target\":[\"https:\/\/carrx-distribution.com\/fr\/produit\/creme-cuir-voiture-250ml\/\"]}]},{\"@type\":\"ImageObject\",\"inLanguage\":\"fr-FR\",\"@id\":\"https:\/\/carrx-distribution.com\/fr\/produit\/creme-cuir-voiture-250ml\/#primaryimage\",\"url\":\"https:\/\/carrx-distribution.com\/wp-content\/uploads\/2020\/12\/Creme-nourrissante-250ML.jpg\",\"contentUrl\":\"https:\/\/carrx-distribution.com\/wp-content\/uploads\/2020\/12\/Creme-nourrissante-250ML.jpg\",\"width\":1000,\"height\":1000,\"caption\":\"La cr\u00e8me pour cuir de voiture CarrX est parfaite pour l'entretien de vos surfaces en cuir !\"},{\"@type\":\"BreadcrumbList\",\"@id\":\"https:\/\/carrx-distribution.com\/fr\/produit\/creme-cuir-voiture-250ml\/#breadcrumb\",\"itemListElement\":[{\"@type\":\"ListItem\",\"position\":1,\"name\":\"Accueil\",\"item\":\"https:\/\/carrx-distribution.com\/fr\/\"},{\"@type\":\"ListItem\",\"position\":2,\"name\":\"Boutique\",\"item\":\"https:\/\/carrx-distribution.com\/fr\/?page_id=9692\"},{\"@type\":\"ListItem\",\"position\":3,\"name\":\"Cr\u00e8me Nourrissante pour le cuir\"}]},{\"@type\":\"WebSite\",\"@id\":\"https:\/\/carrx-distribution.com\/fr\/#website\",\"url\":\"https:\/\/carrx-distribution.com\/fr\/\",\"name\":\"CarrX\",\"description\":\"Sp\u00e9cialiste cuir voiture et bateau\",\"potentialAction\":[{\"@type\":\"SearchAction\",\"target\":{\"@type\":\"EntryPoint\",\"urlTemplate\":\"https:\/\/carrx-distribution.com\/fr\/?s={search_term_string}\"},\"query-input\":{\"@type\":\"PropertyValueSpecification\",\"valueRequired\":true,\"valueName\":\"search_term_string\"}}],\"inLanguage\":\"fr-FR\"}]}<\/script>\n<!-- \/ Yoast SEO plugin. -->","yoast_head_json":{"title":"Cr\u00e8me pour cuir de voiture \u2013 CarrX Distribution","description":"Nourrissez et prot\u00e9gez vos cuirs avec la cr\u00e8me cuir de voiture par CarrX ! Des produits de qualit\u00e9 professionnelle pour les particuliers.","robots":{"index":"index","follow":"follow","max-snippet":"max-snippet:-1","max-image-preview":"max-image-preview:large","max-video-preview":"max-video-preview:-1"},"canonical":"https:\/\/carrx-distribution.com\/fr\/produit\/creme-cuir-voiture-250ml\/","og_locale":"fr_FR","og_type":"article","og_title":"Cr\u00e8me pour cuir de voiture \u2013 CarrX Distribution","og_description":"Nourrissez et prot\u00e9gez vos cuirs avec la cr\u00e8me cuir de voiture par CarrX ! Des produits de qualit\u00e9 professionnelle pour les particuliers.","og_url":"https:\/\/carrx-distribution.com\/fr\/produit\/creme-cuir-voiture-250ml\/","og_site_name":"CarrX","article_modified_time":"2024-12-31T23:10:06+00:00","og_image":[{"width":1000,"height":1000,"url":"https:\/\/carrx-distribution.com\/wp-content\/uploads\/2020\/12\/Creme-nourrissante-250ML.jpg","type":"image\/jpeg"}],"twitter_card":"summary_large_image","twitter_misc":{"Dur\u00e9e de lecture estim\u00e9e":"2 minutes"},"schema":{"@context":"https:\/\/schema.org","@graph":[{"@type":"WebPage","@id":"https:\/\/carrx-distribution.com\/fr\/produit\/creme-cuir-voiture-250ml\/","url":"https:\/\/carrx-distribution.com\/fr\/produit\/creme-cuir-voiture-250ml\/","name":"Cr\u00e8me pour cuir de voiture \u2013 CarrX Distribution","isPartOf":{"@id":"https:\/\/carrx-distribution.com\/fr\/#website"},"primaryImageOfPage":{"@id":"https:\/\/carrx-distribution.com\/fr\/produit\/creme-cuir-voiture-250ml\/#primaryimage"},"image":{"@id":"https:\/\/carrx-distribution.com\/fr\/produit\/creme-cuir-voiture-250ml\/#primaryimage"},"thumbnailUrl":"https:\/\/carrx-distribution.com\/wp-content\/uploads\/2020\/12\/Creme-nourrissante-250ML.jpg","datePublished":"2020-12-27T21:19:40+00:00","dateModified":"2024-12-31T23:10:06+00:00","description":"Nourrissez et prot\u00e9gez vos cuirs avec la cr\u00e8me cuir de voiture par CarrX ! Des produits de qualit\u00e9 professionnelle pour les particuliers.","breadcrumb":{"@id":"https:\/\/carrx-distribution.com\/fr\/produit\/creme-cuir-voiture-250ml\/#breadcrumb"},"inLanguage":"fr-FR","potentialAction":[{"@type":"ReadAction","target":["https:\/\/carrx-distribution.com\/fr\/produit\/creme-cuir-voiture-250ml\/"]}]},{"@type":"ImageObject","inLanguage":"fr-FR","@id":"https:\/\/carrx-distribution.com\/fr\/produit\/creme-cuir-voiture-250ml\/#primaryimage","url":"https:\/\/carrx-distribution.com\/wp-content\/uploads\/2020\/12\/Creme-nourrissante-250ML.jpg","contentUrl":"https:\/\/carrx-distribution.com\/wp-content\/uploads\/2020\/12\/Creme-nourrissante-250ML.jpg","width":1000,"height":1000,"caption":"La cr\u00e8me pour cuir de voiture CarrX est parfaite pour l'entretien de vos surfaces en cuir !"},{"@type":"BreadcrumbList","@id":"https:\/\/carrx-distribution.com\/fr\/produit\/creme-cuir-voiture-250ml\/#breadcrumb","itemListElement":[{"@type":"ListItem","position":1,"name":"Accueil","item":"https:\/\/carrx-distribution.com\/fr\/"},{"@type":"ListItem","position":2,"name":"Boutique","item":"https:\/\/carrx-distribution.com\/fr\/?page_id=9692"},{"@type":"ListItem","position":3,"name":"Cr\u00e8me Nourrissante pour le cuir"}]},{"@type":"WebSite","@id":"https:\/\/carrx-distribution.com\/fr\/#website","url":"https:\/\/carrx-distribution.com\/fr\/","name":"CarrX","description":"Sp\u00e9cialiste cuir voiture et bateau","potentialAction":[{"@type":"SearchAction","target":{"@type":"EntryPoint","urlTemplate":"https:\/\/carrx-distribution.com\/fr\/?s={search_term_string}"},"query-input":{"@type":"PropertyValueSpecification","valueRequired":true,"valueName":"search_term_string"}}],"inLanguage":"fr-FR"}]}},"_links":{"self":[{"href":"https:\/\/carrx-distribution.com\/fr\/wp-json\/wp\/v2\/product\/1126","targetHints":{"allow":["GET"]}}],"collection":[{"href":"https:\/\/carrx-distribution.com\/fr\/wp-json\/wp\/v2\/product"}],"about":[{"href":"https:\/\/carrx-distribution.com\/fr\/wp-json\/wp\/v2\/types\/product"}],"replies":[{"embeddable":true,"href":"https:\/\/carrx-distribution.com\/fr\/wp-json\/wp\/v2\/comments?post=1126"}],"wp:featuredmedia":[{"embeddable":true,"href":"https:\/\/carrx-distribution.com\/fr\/wp-json\/wp\/v2\/media\/40588"}],"wp:attachment":[{"href":"https:\/\/carrx-distribution.com\/fr\/wp-json\/wp\/v2\/media?parent=1126"}],"wp:term":[{"taxonomy":"product_cat","embeddable":true,"href":"https:\/\/carrx-distribution.com\/fr\/wp-json\/wp\/v2\/product_cat?post=1126"},{"taxonomy":"product_tag","embeddable":true,"href":"https:\/\/carrx-distribution.com\/fr\/wp-json\/wp\/v2\/product_tag?post=1126"}],"curies":[{"name":"wp","href":"https:\/\/api.w.org\/{rel}","templated":true}]}}