{"id":1071,"date":"2020-12-16T20:56:51","date_gmt":"2020-12-16T19:56:51","guid":{"rendered":"https:\/\/carrx-distribution.com\/?post_type=product&#038;p=1071"},"modified":"2024-01-11T14:41:24","modified_gmt":"2024-01-11T13:41:24","slug":"solvant-250-ml","status":"publish","type":"product","link":"https:\/\/carrx-distribution.com\/fr\/produit\/solvant-250-ml\/","title":{"rendered":"Solvant D\u00e9graissant Professionnel &#8211; 250 Ml"},"content":{"rendered":"<p>Le <a href=\"https:\/\/carrx-distribution.com\/categorie-produit\/nettoyage-cuir\/\"><u>nettoyage du cuir<\/u><\/a> peut parfois n\u00e9cessiter une \u00e9tape pr\u00e9ventive lorsque le support est particuli\u00e8rement encrass\u00e9 : le d\u00e9graissage.<\/p>\n<p>En effet, les nombreux d\u00e9p\u00f4ts de toute sorte qui s&rsquo;accumulent au fur et \u00e0 mesure sur la mati\u00e8re peuvent fatalement finir par s&rsquo;incruster profond\u00e9ment dans la mati\u00e8re, cr\u00e9ant une pellicule transparente\u00a0 le recouvrant, lui donnant un aspect terni. C&rsquo;est ce que l&rsquo;on appelle commun\u00e9ment : la patine.\u00a0 Afin d&rsquo;op\u00e9rer un nettoyage des plus efficaces, CarrX Distribution pr\u00e9conise donc dans ce type de cas l&rsquo;utilisation en amont du nettoyage, d&rsquo;un solvant, dont vous pouvez diminuer le caract\u00e8re abrasif en le diluant avec de l&rsquo;eau.<\/p>\n<p>Pour venir \u00e0 bout de ce , notre produit nettoyant pour le cuir est le moyen parfait de s\u2019en d\u00e9barrasser une bonne fois pour toutes. <strong>Avant d\u2019entamer une op\u00e9ration de r\u00e9novation<\/strong> de tout support en cuir, il est n\u00e9cessaire d\u2019aller plus loin qu\u2019un simple nettoyage au savon et \u00e0 la brosse. Un nettoyage de votre cuir dans les r\u00e8gles de l\u2019art avec notre solvant cuir vous permettra d\u2019<strong>assainir et de pr\u00e9parer votre cuir <\/strong>pour l\u2019application de divers produits d\u2019entretien.<\/p>\n<p>Ainsi pour <strong>nettoyer avec efficacit\u00e9 sans endommager ou abimer votre cuir, ni alt\u00e9rer sa couleur d\u2019origine<\/strong>, le d\u00e9capant pour cuir Carr<span style=\"color: #c40e1a\">X<\/span> vous permet de venir \u00e0 bout de toutes les taches.<\/p>\n<h3>Conseils d\u2019utilisation<\/h3>\n<p><strong>Verser du solvant pour cuir CarrX sur un chiffon doux<\/strong> et propre puis <strong>appliquer celui-ci sur la surface<\/strong> du cuir \u00e0 traiter jusqu\u2019\u00e0 disparition des \u00e9l\u00e9ments incrust\u00e9s.<\/p>\n<p><strong>Rincer \u00e0 l\u2019eau claire<\/strong> les diff\u00e9rents r\u00e9sidus puis \u00e9ponger avec un chiffon propre avant de <strong>laisser s\u00e9cher l\u2019ensemble quelques minutes<\/strong> avant de passer \u00e0 l\u2019\u00e9tape de nourrissage du cuir \u00e0 l\u2019aide de notre <a href=\"https:\/\/carrx-distribution.com\/produit\/graisse-pour-cuir\/\">graisse pour le cuir<\/a> par exemple.<\/p>\n","protected":false},"excerpt":{"rendered":"<p>Le <strong>solvant cuir<\/strong> <strong>nettoie et d\u00e9graisse vos cuirs sans pour autant agresser la surface<\/strong> de celui-ci. Il s\u2019agit d\u2019un produit pens\u00e9 et d\u00e9velopp\u00e9 pour \u00eatre efficace dans votre phase de nettoyage tout en respectant la mati\u00e8re. <strong>Le cuir est un mat\u00e9riau vivant<\/strong> qui n\u00e9cessite <strong>un entretien r\u00e9current<\/strong> afin de vieillir correctement et conserver sa valeur d\u2019origine. Notre volont\u00e9 est de vous proposer un produit \u00e0 la fois simple \u00e0 utiliser et de qualit\u00e9 professionnelle.<\/p>\n<p>Volumes disponibles : <strong>250 mL<\/strong>.<\/p>\n","protected":false},"featured_media":40593,"comment_status":"open","ping_status":"closed","template":"","meta":[],"product_cat":[469],"product_tag":[],"class_list":{"0":"post-1071","1":"product","2":"type-product","3":"status-publish","4":"has-post-thumbnail","6":"product_cat-nettoyage-cuir","7":"description-off","9":"first","10":"instock","11":"featured","12":"taxable","13":"shipping-taxable","14":"purchasable","15":"product-type-simple"},"yoast_head":"<!-- This site is optimized with the Yoast SEO plugin v24.2 - https:\/\/yoast.com\/wordpress\/plugins\/seo\/ -->\n<title>Solvant degraissant professionnel \u2013 CarrX Distribution<\/title>\n<meta name=\"description\" content=\"Pour un nettoyage en bonne et due forme de vos pi\u00e8ces en cuir, utilisez le solvant cuir CarrX ! Aucun risque d&#039;abimer avec nos produits !\" \/>\n<meta name=\"robots\" content=\"index, follow, max-snippet:-1, max-image-preview:large, max-video-preview:-1\" \/>\n<link rel=\"canonical\" href=\"https:\/\/carrx-distribution.com\/fr\/produit\/solvant-250-ml\/\" \/>\n<meta property=\"og:locale\" content=\"fr_FR\" \/>\n<meta property=\"og:type\" content=\"article\" \/>\n<meta property=\"og:title\" content=\"Solvant degraissant professionnel \u2013 CarrX Distribution\" \/>\n<meta property=\"og:description\" content=\"Pour un nettoyage en bonne et due forme de vos pi\u00e8ces en cuir, utilisez le solvant cuir CarrX ! Aucun risque d&#039;abimer avec nos produits !\" \/>\n<meta property=\"og:url\" content=\"https:\/\/carrx-distribution.com\/fr\/produit\/solvant-250-ml\/\" \/>\n<meta property=\"og:site_name\" content=\"CarrX\" \/>\n<meta property=\"article:modified_time\" content=\"2024-01-11T13:41:24+00:00\" \/>\n<meta property=\"og:image\" content=\"https:\/\/carrx-distribution.com\/wp-content\/uploads\/2020\/12\/Solvant-cuir-250ML.jpg\" \/>\n\t<meta property=\"og:image:width\" content=\"1000\" \/>\n\t<meta property=\"og:image:height\" content=\"1000\" \/>\n\t<meta property=\"og:image:type\" content=\"image\/jpeg\" \/>\n<meta name=\"twitter:card\" content=\"summary_large_image\" \/>\n<meta name=\"twitter:label1\" content=\"Dur\u00e9e de lecture estim\u00e9e\" \/>\n\t<meta name=\"twitter:data1\" content=\"2 minutes\" \/>\n<script type=\"application\/ld+json\" class=\"yoast-schema-graph\">{\"@context\":\"https:\/\/schema.org\",\"@graph\":[{\"@type\":\"WebPage\",\"@id\":\"https:\/\/carrx-distribution.com\/fr\/produit\/solvant-250-ml\/\",\"url\":\"https:\/\/carrx-distribution.com\/fr\/produit\/solvant-250-ml\/\",\"name\":\"Solvant degraissant professionnel \u2013 CarrX Distribution\",\"isPartOf\":{\"@id\":\"https:\/\/carrx-distribution.com\/fr\/#website\"},\"primaryImageOfPage\":{\"@id\":\"https:\/\/carrx-distribution.com\/fr\/produit\/solvant-250-ml\/#primaryimage\"},\"image\":{\"@id\":\"https:\/\/carrx-distribution.com\/fr\/produit\/solvant-250-ml\/#primaryimage\"},\"thumbnailUrl\":\"https:\/\/carrx-distribution.com\/wp-content\/uploads\/2020\/12\/Solvant-cuir-250ML.jpg\",\"datePublished\":\"2020-12-16T19:56:51+00:00\",\"dateModified\":\"2024-01-11T13:41:24+00:00\",\"description\":\"Pour un nettoyage en bonne et due forme de vos pi\u00e8ces en cuir, utilisez le solvant cuir CarrX ! Aucun risque d'abimer avec nos produits !\",\"breadcrumb\":{\"@id\":\"https:\/\/carrx-distribution.com\/fr\/produit\/solvant-250-ml\/#breadcrumb\"},\"inLanguage\":\"fr-FR\",\"potentialAction\":[{\"@type\":\"ReadAction\",\"target\":[\"https:\/\/carrx-distribution.com\/fr\/produit\/solvant-250-ml\/\"]}]},{\"@type\":\"ImageObject\",\"inLanguage\":\"fr-FR\",\"@id\":\"https:\/\/carrx-distribution.com\/fr\/produit\/solvant-250-ml\/#primaryimage\",\"url\":\"https:\/\/carrx-distribution.com\/wp-content\/uploads\/2020\/12\/Solvant-cuir-250ML.jpg\",\"contentUrl\":\"https:\/\/carrx-distribution.com\/wp-content\/uploads\/2020\/12\/Solvant-cuir-250ML.jpg\",\"width\":1000,\"height\":1000,\"caption\":\"Solvant pour nettoyage du cuir 250 mL\"},{\"@type\":\"BreadcrumbList\",\"@id\":\"https:\/\/carrx-distribution.com\/fr\/produit\/solvant-250-ml\/#breadcrumb\",\"itemListElement\":[{\"@type\":\"ListItem\",\"position\":1,\"name\":\"Accueil\",\"item\":\"https:\/\/carrx-distribution.com\/fr\/\"},{\"@type\":\"ListItem\",\"position\":2,\"name\":\"Boutique\",\"item\":\"https:\/\/carrx-distribution.com\/fr\/?page_id=9692\"},{\"@type\":\"ListItem\",\"position\":3,\"name\":\"Solvant D\u00e9graissant Professionnel &#8211; 250 Ml\"}]},{\"@type\":\"WebSite\",\"@id\":\"https:\/\/carrx-distribution.com\/fr\/#website\",\"url\":\"https:\/\/carrx-distribution.com\/fr\/\",\"name\":\"CarrX\",\"description\":\"Sp\u00e9cialiste cuir voiture et bateau\",\"potentialAction\":[{\"@type\":\"SearchAction\",\"target\":{\"@type\":\"EntryPoint\",\"urlTemplate\":\"https:\/\/carrx-distribution.com\/fr\/?s={search_term_string}\"},\"query-input\":{\"@type\":\"PropertyValueSpecification\",\"valueRequired\":true,\"valueName\":\"search_term_string\"}}],\"inLanguage\":\"fr-FR\"}]}<\/script>\n<!-- \/ Yoast SEO plugin. -->","yoast_head_json":{"title":"Solvant degraissant professionnel \u2013 CarrX Distribution","description":"Pour un nettoyage en bonne et due forme de vos pi\u00e8ces en cuir, utilisez le solvant cuir CarrX ! Aucun risque d'abimer avec nos produits !","robots":{"index":"index","follow":"follow","max-snippet":"max-snippet:-1","max-image-preview":"max-image-preview:large","max-video-preview":"max-video-preview:-1"},"canonical":"https:\/\/carrx-distribution.com\/fr\/produit\/solvant-250-ml\/","og_locale":"fr_FR","og_type":"article","og_title":"Solvant degraissant professionnel \u2013 CarrX Distribution","og_description":"Pour un nettoyage en bonne et due forme de vos pi\u00e8ces en cuir, utilisez le solvant cuir CarrX ! Aucun risque d'abimer avec nos produits !","og_url":"https:\/\/carrx-distribution.com\/fr\/produit\/solvant-250-ml\/","og_site_name":"CarrX","article_modified_time":"2024-01-11T13:41:24+00:00","og_image":[{"width":1000,"height":1000,"url":"https:\/\/carrx-distribution.com\/wp-content\/uploads\/2020\/12\/Solvant-cuir-250ML.jpg","type":"image\/jpeg"}],"twitter_card":"summary_large_image","twitter_misc":{"Dur\u00e9e de lecture estim\u00e9e":"2 minutes"},"schema":{"@context":"https:\/\/schema.org","@graph":[{"@type":"WebPage","@id":"https:\/\/carrx-distribution.com\/fr\/produit\/solvant-250-ml\/","url":"https:\/\/carrx-distribution.com\/fr\/produit\/solvant-250-ml\/","name":"Solvant degraissant professionnel \u2013 CarrX Distribution","isPartOf":{"@id":"https:\/\/carrx-distribution.com\/fr\/#website"},"primaryImageOfPage":{"@id":"https:\/\/carrx-distribution.com\/fr\/produit\/solvant-250-ml\/#primaryimage"},"image":{"@id":"https:\/\/carrx-distribution.com\/fr\/produit\/solvant-250-ml\/#primaryimage"},"thumbnailUrl":"https:\/\/carrx-distribution.com\/wp-content\/uploads\/2020\/12\/Solvant-cuir-250ML.jpg","datePublished":"2020-12-16T19:56:51+00:00","dateModified":"2024-01-11T13:41:24+00:00","description":"Pour un nettoyage en bonne et due forme de vos pi\u00e8ces en cuir, utilisez le solvant cuir CarrX ! Aucun risque d'abimer avec nos produits !","breadcrumb":{"@id":"https:\/\/carrx-distribution.com\/fr\/produit\/solvant-250-ml\/#breadcrumb"},"inLanguage":"fr-FR","potentialAction":[{"@type":"ReadAction","target":["https:\/\/carrx-distribution.com\/fr\/produit\/solvant-250-ml\/"]}]},{"@type":"ImageObject","inLanguage":"fr-FR","@id":"https:\/\/carrx-distribution.com\/fr\/produit\/solvant-250-ml\/#primaryimage","url":"https:\/\/carrx-distribution.com\/wp-content\/uploads\/2020\/12\/Solvant-cuir-250ML.jpg","contentUrl":"https:\/\/carrx-distribution.com\/wp-content\/uploads\/2020\/12\/Solvant-cuir-250ML.jpg","width":1000,"height":1000,"caption":"Solvant pour nettoyage du cuir 250 mL"},{"@type":"BreadcrumbList","@id":"https:\/\/carrx-distribution.com\/fr\/produit\/solvant-250-ml\/#breadcrumb","itemListElement":[{"@type":"ListItem","position":1,"name":"Accueil","item":"https:\/\/carrx-distribution.com\/fr\/"},{"@type":"ListItem","position":2,"name":"Boutique","item":"https:\/\/carrx-distribution.com\/fr\/?page_id=9692"},{"@type":"ListItem","position":3,"name":"Solvant D\u00e9graissant Professionnel &#8211; 250 Ml"}]},{"@type":"WebSite","@id":"https:\/\/carrx-distribution.com\/fr\/#website","url":"https:\/\/carrx-distribution.com\/fr\/","name":"CarrX","description":"Sp\u00e9cialiste cuir voiture et bateau","potentialAction":[{"@type":"SearchAction","target":{"@type":"EntryPoint","urlTemplate":"https:\/\/carrx-distribution.com\/fr\/?s={search_term_string}"},"query-input":{"@type":"PropertyValueSpecification","valueRequired":true,"valueName":"search_term_string"}}],"inLanguage":"fr-FR"}]}},"_links":{"self":[{"href":"https:\/\/carrx-distribution.com\/fr\/wp-json\/wp\/v2\/product\/1071","targetHints":{"allow":["GET"]}}],"collection":[{"href":"https:\/\/carrx-distribution.com\/fr\/wp-json\/wp\/v2\/product"}],"about":[{"href":"https:\/\/carrx-distribution.com\/fr\/wp-json\/wp\/v2\/types\/product"}],"replies":[{"embeddable":true,"href":"https:\/\/carrx-distribution.com\/fr\/wp-json\/wp\/v2\/comments?post=1071"}],"wp:featuredmedia":[{"embeddable":true,"href":"https:\/\/carrx-distribution.com\/fr\/wp-json\/wp\/v2\/media\/40593"}],"wp:attachment":[{"href":"https:\/\/carrx-distribution.com\/fr\/wp-json\/wp\/v2\/media?parent=1071"}],"wp:term":[{"taxonomy":"product_cat","embeddable":true,"href":"https:\/\/carrx-distribution.com\/fr\/wp-json\/wp\/v2\/product_cat?post=1071"},{"taxonomy":"product_tag","embeddable":true,"href":"https:\/\/carrx-distribution.com\/fr\/wp-json\/wp\/v2\/product_tag?post=1071"}],"curies":[{"name":"wp","href":"https:\/\/api.w.org\/{rel}","templated":true}]}}