{"id":79,"date":"2013-08-08T11:47:13","date_gmt":"2013-08-08T08:47:13","guid":{"rendered":"http:\/\/presscore.dream-demo.com\/dummy\/?page_id=79"},"modified":"2024-02-01T14:43:40","modified_gmt":"2024-02-01T13:43:40","slug":"blog","status":"publish","type":"page","link":"https:\/\/carrx-distribution.com\/fr\/blog\/","title":{"rendered":"Blog"},"content":{"rendered":"<div class=\"wpb-content-wrapper\"><h1><\/h1>\n<h1>Notre blog<\/h1>\n<p>[vc_row][vc_column]\n\t\t\t<!-- START BLOG REVOLUTION SLIDER 6.7.24 --><p class=\"rs-p-wp-fix\"><\/p>\n\t\t\t<rs-module-wrap id=\"rev_slider_8_1_wrapper\" data-source=\"gallery\" style=\"visibility:hidden;background:transparent;padding:0;margin:0px auto;margin-top:0;margin-bottom:0;\">\n\t\t\t\t<rs-module id=\"rev_slider_8_1\" style=\"\" data-version=\"6.7.24\">\n\t\t\t\t\t<rs-slides style=\"overflow: hidden; position: absolute;\">\n\t\t\t\t\t\t<rs-slide style=\"position: absolute;\" data-key=\"rs-17\" data-title=\"Slide\" data-anim=\"adpr:false;ms:600ms;\" data-in=\"o:0;\" data-out=\"a:false;\">\n\t\t\t\t\t\t\t<img decoding=\"async\" src=\"\/\/carrx-distribution.com\/wp-content\/plugins\/revslider\/sr6\/assets\/assets\/dummy.png\" alt=\"Devez l&#039;expert en cuir avec Carrx\" title=\"carrx-specialiste-cuir\" width=\"1200\" height=\"400\" class=\"rev-slidebg tp-rs-img rs-lazyload\" data-lazyload=\"\/\/carrx-distribution.com\/wp-content\/uploads\/2022\/04\/carrx-specialiste-cuir.jpg\" data-no-retina>\n<!--\n\t\t\t\t\t\t\t--><rs-layer\n\t\t\t\t\t\t\t\tid=\"slider-8-slide-17-layer-1\" \n\t\t\t\t\t\t\t\tdata-type=\"text\"\n\t\t\t\t\t\t\t\tdata-color=\"#ffffff\"\n\t\t\t\t\t\t\t\tdata-rsp_ch=\"on\"\n\t\t\t\t\t\t\t\tdata-xy=\"x:c;xo:1px;y:c;yo:-8px;\"\n\t\t\t\t\t\t\t\tdata-text=\"w:normal;s:60;l:80;fw:500;a:center;\"\n\t\t\t\t\t\t\t\tdata-frame_999=\"o:0;st:w;\"\n\t\t\t\t\t\t\t\tstyle=\"z-index:6;font-family:'Roboto';\"\n\t\t\t\t\t\t\t>PRENEZ SOIN DE VOS CUIRS <br \/>\nAVEC NOS CONSEILS ! \n\t\t\t\t\t\t\t<\/rs-layer><!--\n-->\t\t\t\t\t<\/rs-slide>\n\t\t\t\t\t<\/rs-slides>\n\t\t\t\t<\/rs-module>\n\t\t\t\t<script>\n\t\t\t\t\tsetREVStartSize({c: 'rev_slider_8_1',rl:[1240,1024,778,480],el:[300],gw:[1240],gh:[300],type:'standard',justify:'',layout:'fullwidth',mh:\"0\"});if (window.RS_MODULES!==undefined && window.RS_MODULES.modules!==undefined && window.RS_MODULES.modules[\"revslider81\"]!==undefined) {window.RS_MODULES.modules[\"revslider81\"].once = false;window.revapi8 = undefined;if (window.RS_MODULES.checkMinimal!==undefined) window.RS_MODULES.checkMinimal()}\n\t\t\t\t<\/script>\n\t\t\t<\/rs-module-wrap>\n\t\t\t<!-- END REVOLUTION SLIDER -->\n[\/vc_column][\/vc_row][vc_row type=\u00a0\u00bbvc_default\u00a0\u00bb css=\u00a0\u00bb.vc_custom_1491994948637{padding-top: 50px !important;padding-bottom: 70px !important;}\u00a0\u00bb][vc_column][vc_masonry_grid post_type=\u00a0\u00bbpost\u00a0\u00bb max_items=\u00a0\u00bb100&Prime; grid_id=\u00a0\u00bbvc_gid:1657272607022-f5b14f7c-f600-5&Prime;][\/vc_column][\/vc_row]<\/p>\n<\/div>","protected":false},"excerpt":{"rendered":"<p>Notre blog [vc_row][vc_column][\/vc_column][\/vc_row][vc_row type=\u00a0\u00bbvc_default\u00a0\u00bb css=\u00a0\u00bb.vc_custom_1491994948637{padding-top: 50px !important;padding-bottom: 70px !important;}\u00a0\u00bb][vc_column][vc_masonry_grid post_type=\u00a0\u00bbpost\u00a0\u00bb max_items=\u00a0\u00bb100&Prime; grid_id=\u00a0\u00bbvc_gid:1657272607022-f5b14f7c-f600-5&Prime;][\/vc_column][\/vc_row]<\/p>\n","protected":false},"author":81,"featured_media":0,"parent":0,"menu_order":990,"comment_status":"closed","ping_status":"closed","template":"","meta":{"footnotes":""},"class_list":["post-79","page","type-page","status-publish","hentry","description-off"],"yoast_head":"<!-- This site is optimized with the Yoast SEO plugin v24.2 - https:\/\/yoast.com\/wordpress\/plugins\/seo\/ -->\n<title>Prenez soin de vos cuirs avec nos conseils ! CarrX<\/title>\n<meta name=\"description\" content=\"Conseils pour entretenir votre cuir, recommandations... Entretenez votre cuir \u00e0 la perfection gr\u00e2ce \u00e0 nos astuces.\" \/>\n<meta name=\"robots\" content=\"index, follow, max-snippet:-1, max-image-preview:large, max-video-preview:-1\" \/>\n<link rel=\"canonical\" href=\"https:\/\/carrx-distribution.com\/fr\/blog\/\" \/>\n<meta property=\"og:locale\" content=\"fr_FR\" \/>\n<meta property=\"og:type\" content=\"article\" \/>\n<meta property=\"og:title\" content=\"Prenez soin de vos cuirs avec nos conseils ! CarrX\" \/>\n<meta property=\"og:description\" content=\"Conseils pour entretenir votre cuir, recommandations... Entretenez votre cuir \u00e0 la perfection gr\u00e2ce \u00e0 nos astuces.\" \/>\n<meta property=\"og:url\" content=\"https:\/\/carrx-distribution.com\/fr\/blog\/\" \/>\n<meta property=\"og:site_name\" content=\"CarrX\" \/>\n<meta property=\"article:modified_time\" content=\"2024-02-01T13:43:40+00:00\" \/>\n<meta name=\"twitter:card\" content=\"summary_large_image\" \/>\n<meta name=\"twitter:label1\" content=\"Dur\u00e9e de lecture estim\u00e9e\" \/>\n\t<meta name=\"twitter:data1\" content=\"1 minute\" \/>\n<script type=\"application\/ld+json\" class=\"yoast-schema-graph\">{\"@context\":\"https:\/\/schema.org\",\"@graph\":[{\"@type\":\"WebPage\",\"@id\":\"https:\/\/carrx-distribution.com\/fr\/blog\/\",\"url\":\"https:\/\/carrx-distribution.com\/fr\/blog\/\",\"name\":\"Prenez soin de vos cuirs avec nos conseils ! CarrX\",\"isPartOf\":{\"@id\":\"https:\/\/carrx-distribution.com\/fr\/#website\"},\"datePublished\":\"2013-08-08T08:47:13+00:00\",\"dateModified\":\"2024-02-01T13:43:40+00:00\",\"description\":\"Conseils pour entretenir votre cuir, recommandations... Entretenez votre cuir \u00e0 la perfection gr\u00e2ce \u00e0 nos astuces.\",\"breadcrumb\":{\"@id\":\"https:\/\/carrx-distribution.com\/fr\/blog\/#breadcrumb\"},\"inLanguage\":\"fr-FR\",\"potentialAction\":[{\"@type\":\"ReadAction\",\"target\":[\"https:\/\/carrx-distribution.com\/fr\/blog\/\"]}]},{\"@type\":\"BreadcrumbList\",\"@id\":\"https:\/\/carrx-distribution.com\/fr\/blog\/#breadcrumb\",\"itemListElement\":[{\"@type\":\"ListItem\",\"position\":1,\"name\":\"Accueil\",\"item\":\"https:\/\/carrx-distribution.com\/fr\/\"},{\"@type\":\"ListItem\",\"position\":2,\"name\":\"Blog\"}]},{\"@type\":\"WebSite\",\"@id\":\"https:\/\/carrx-distribution.com\/fr\/#website\",\"url\":\"https:\/\/carrx-distribution.com\/fr\/\",\"name\":\"CarrX\",\"description\":\"Sp\u00e9cialiste cuir voiture et bateau\",\"potentialAction\":[{\"@type\":\"SearchAction\",\"target\":{\"@type\":\"EntryPoint\",\"urlTemplate\":\"https:\/\/carrx-distribution.com\/fr\/?s={search_term_string}\"},\"query-input\":{\"@type\":\"PropertyValueSpecification\",\"valueRequired\":true,\"valueName\":\"search_term_string\"}}],\"inLanguage\":\"fr-FR\"}]}<\/script>\n<!-- \/ Yoast SEO plugin. -->","yoast_head_json":{"title":"Prenez soin de vos cuirs avec nos conseils ! CarrX","description":"Conseils pour entretenir votre cuir, recommandations... Entretenez votre cuir \u00e0 la perfection gr\u00e2ce \u00e0 nos astuces.","robots":{"index":"index","follow":"follow","max-snippet":"max-snippet:-1","max-image-preview":"max-image-preview:large","max-video-preview":"max-video-preview:-1"},"canonical":"https:\/\/carrx-distribution.com\/fr\/blog\/","og_locale":"fr_FR","og_type":"article","og_title":"Prenez soin de vos cuirs avec nos conseils ! CarrX","og_description":"Conseils pour entretenir votre cuir, recommandations... Entretenez votre cuir \u00e0 la perfection gr\u00e2ce \u00e0 nos astuces.","og_url":"https:\/\/carrx-distribution.com\/fr\/blog\/","og_site_name":"CarrX","article_modified_time":"2024-02-01T13:43:40+00:00","twitter_card":"summary_large_image","twitter_misc":{"Dur\u00e9e de lecture estim\u00e9e":"1 minute"},"schema":{"@context":"https:\/\/schema.org","@graph":[{"@type":"WebPage","@id":"https:\/\/carrx-distribution.com\/fr\/blog\/","url":"https:\/\/carrx-distribution.com\/fr\/blog\/","name":"Prenez soin de vos cuirs avec nos conseils ! CarrX","isPartOf":{"@id":"https:\/\/carrx-distribution.com\/fr\/#website"},"datePublished":"2013-08-08T08:47:13+00:00","dateModified":"2024-02-01T13:43:40+00:00","description":"Conseils pour entretenir votre cuir, recommandations... Entretenez votre cuir \u00e0 la perfection gr\u00e2ce \u00e0 nos astuces.","breadcrumb":{"@id":"https:\/\/carrx-distribution.com\/fr\/blog\/#breadcrumb"},"inLanguage":"fr-FR","potentialAction":[{"@type":"ReadAction","target":["https:\/\/carrx-distribution.com\/fr\/blog\/"]}]},{"@type":"BreadcrumbList","@id":"https:\/\/carrx-distribution.com\/fr\/blog\/#breadcrumb","itemListElement":[{"@type":"ListItem","position":1,"name":"Accueil","item":"https:\/\/carrx-distribution.com\/fr\/"},{"@type":"ListItem","position":2,"name":"Blog"}]},{"@type":"WebSite","@id":"https:\/\/carrx-distribution.com\/fr\/#website","url":"https:\/\/carrx-distribution.com\/fr\/","name":"CarrX","description":"Sp\u00e9cialiste cuir voiture et bateau","potentialAction":[{"@type":"SearchAction","target":{"@type":"EntryPoint","urlTemplate":"https:\/\/carrx-distribution.com\/fr\/?s={search_term_string}"},"query-input":{"@type":"PropertyValueSpecification","valueRequired":true,"valueName":"search_term_string"}}],"inLanguage":"fr-FR"}]}},"_links":{"self":[{"href":"https:\/\/carrx-distribution.com\/fr\/wp-json\/wp\/v2\/pages\/79","targetHints":{"allow":["GET"]}}],"collection":[{"href":"https:\/\/carrx-distribution.com\/fr\/wp-json\/wp\/v2\/pages"}],"about":[{"href":"https:\/\/carrx-distribution.com\/fr\/wp-json\/wp\/v2\/types\/page"}],"author":[{"embeddable":true,"href":"https:\/\/carrx-distribution.com\/fr\/wp-json\/wp\/v2\/users\/81"}],"replies":[{"embeddable":true,"href":"https:\/\/carrx-distribution.com\/fr\/wp-json\/wp\/v2\/comments?post=79"}],"version-history":[{"count":17,"href":"https:\/\/carrx-distribution.com\/fr\/wp-json\/wp\/v2\/pages\/79\/revisions"}],"predecessor-version":[{"id":40878,"href":"https:\/\/carrx-distribution.com\/fr\/wp-json\/wp\/v2\/pages\/79\/revisions\/40878"}],"wp:attachment":[{"href":"https:\/\/carrx-distribution.com\/fr\/wp-json\/wp\/v2\/media?parent=79"}],"curies":[{"name":"wp","href":"https:\/\/api.w.org\/{rel}","templated":true}]}}