{"id":6437,"date":"2020-02-09T18:09:48","date_gmt":"2020-02-09T17:09:48","guid":{"rendered":"https:\/\/carrx-distribution.com\/?page_id=6437"},"modified":"2024-02-01T14:37:49","modified_gmt":"2024-02-01T13:37:49","slug":"mentions-legales","status":"publish","type":"page","link":"https:\/\/carrx-distribution.com\/fr\/mentions-legales\/","title":{"rendered":"Mentions l\u00e9gales"},"content":{"rendered":"<div class=\"wpb-content-wrapper\"><p>[vc_row][vc_column][vc_column_text]<\/p>\n<h1>MENTIONS L\u00c9GALES ET RESPONSABILIT\u00c9S<\/h1>\n<p>Publication du site internet :<\/p>\n<p><strong>CarrX Distribution SAS, <\/strong>2 rue Saint Honor\u00e9, 06200 Nice, France<\/p>\n<p>Web: www.carrx-distribution.fr<br \/>\nE-Mail\u00a0: contact@carrx-distribution.com<\/p>\n<p>T\u00e9l\u00e9phone\u00a0: 33 (0)9.63.69.04.75<\/p>\n<p>G\u00e9rants, repr\u00e9sentants l\u00e9gaux de la soci\u00e9t\u00e9 : Pascal Descarrier, Joseph Mellini, Mariline Mellini<br \/>\nN\u00b0 Identifiant ou T.V.A. : FR21878140227<\/p>\n<p>Immatriculation au Registre du commerce et des soci\u00e9t\u00e9s de Nice (France)\u00a0: 87814022700017<\/p>\n<p><strong>INFORMATIONS JURIDIQUES ET RESPONSABILITES<\/strong><\/p>\n<p>Site Internet : www.carrx-distribution.com<\/p>\n<p><strong>Cr\u00e9ation du site : <\/strong><a href=\"https:\/\/www.jadeclo.com\/\" target=\"_blank\" rel=\"noopener\">Agence Jad\u00e9clo<\/a><\/p>\n<p><strong>H\u00e9bergement : OVH avec infog\u00e9rance : <a href=\"https:\/\/www.maintenance-cms-wp.fr\" target=\"_blank\" rel=\"noopener\">maintenance-cms-wp.fr<\/a><\/strong><\/p>\n<p><strong>Editeur du site :\u00a0Carrx Distribution\u00a0<\/strong><\/p>\n<p><strong>Si\u00e8ge social\u00a0: <\/strong>2 rue Saint Honor\u00e9, 06200 Nice, France<\/p>\n<p>E-Mail\u00a0: contact@carrx-distribution.com<\/p>\n<p>T\u00e9l\u00e9phone\u00a0: 33 (0)9.63.69.04.75<\/p>\n<p>G\u00e9rants, repr\u00e9sentants l\u00e9gaux de la soci\u00e9t\u00e9 : Pascal Descarrier, Joseph Mellini, Mariline Mellini<br \/>\nN\u00b0 Identifiant ou T.V.A. : FR21878140227<\/p>\n<p>Immatriculation au Registre du commerce et des soci\u00e9t\u00e9s de Nice (France)\u00a0: 87814022700017<\/p>\n<p>Les informations que vous saisissez dans les diff\u00e9rents formulaires ou liens email, sont destin\u00e9es \u00e0 CARRX DISTRIBUTION. Vous disposez d&rsquo;un droit d&rsquo;acc\u00e8s, de modification, de rectification et de suppression des donn\u00e9es qui vous concernent (art.34 de la loi \u00ab\u00a0Informatique et Libert\u00e9s\u00a0\u00bb).<br \/>\nPour l&rsquo;exercer, adressez-vous \u00e0 CARRX DISTRIBUTION.<\/p>\n<p><strong>INFORMATIONS :<\/strong><br \/>\nCARRX DISTRIBUTION d\u00e9cline toute responsabilit\u00e9 quant \u00e0 l&rsquo;utilisation des informations fournies sur ce site. Les informations fournies ne le sont qu&rsquo;\u00e0 titre indicatif et sont donn\u00e9es gracieusement sans garantie. Aucune responsabilit\u00e9 de quelque ordre que ce soit ne sera accept\u00e9e. Le site est mis \u00e0 jour r\u00e9guli\u00e8rement et il ne peut donc pas \u00eatre garanti que les informations sur le site soient les derni\u00e8res qui aient \u00e9t\u00e9 collect\u00e9es.<\/p>\n<p><strong>ACCES AU SITE :<\/strong><br \/>\nCARRX DISTRIBUTION ne peut garantir que le site sera en permanence en ligne ; La soci\u00e9t\u00e9 s&rsquo;accorde le droit , \u00e0 sa compl\u00e8te discr\u00e9tion , de suspendre l&rsquo;acc\u00e9s de tout ou partie du contenu du site.<\/p>\n<p><strong>LIENS AVEC D&rsquo;AUTRES SITES :<\/strong><br \/>\nLe site propose des liens vers d&rsquo;autres sites Web de tierces parties s\u00e9lectionn\u00e9s pour leur int\u00e9ret. Ces liens sont propos\u00e9s pour l&rsquo;agr\u00e9ment des visiteurs seulement et CARRX DISTRIBUTION ne prend aucune responsabilit\u00e9 quant \u00e0 l&rsquo;utilisation ou aux cons\u00e9quences qui pourraient d\u00e9couler de la connection. CARRX DISTRIBUTION a pris des pr\u00e9cautions raisonnables pour sa protection contre des virus informatiques mais ne peut garantir que ce site ou tout autre site en lien soit compl\u00e9tement s\u00e9curis\u00e9 de tous les virus ou de tout autre dommage qui pourrait endommag\u00e9 les syst\u00e9mes des visiteurs. Les visiteurs doivent s&rsquo;assurer auparavant qu&rsquo;ils sont eux-m\u00eames suffisamment prot\u00e9g\u00e9s par leurs propres logicels de protection.<\/p>\n<p><strong>COPYRIGHT :<\/strong><br \/>\nLe contenu du site est propos\u00e9 pour un usage priv\u00e9 du visiteur et aucune partie de son contenu ne doit \u00eatre redistribu\u00e9e, republi\u00e9e ou stock\u00e9e sous quelque format que ce soit sans l&rsquo;autorisation expresse de CARRX DISTRIBUTION . Tout le contenu du site reste la propri\u00e9t\u00e9 de CARRX DISTRIBUTION.<\/p>\n<p><strong>LOI ET JURIDICTION :<\/strong><br \/>\nCARRX DISTRIBUTION est une soci\u00e9t\u00e9 de droit Fran\u00e7ais. Tout sujet concernant ce site est r\u00e9gi par la loi Fran\u00e7aise sous juridiction d&rsquo;un tribunal fran\u00e7ais . Bien que ce site soit accessible en dehors du territoire fran\u00e7ais, tout visiteur est responsable de son utilisation en accord avec les lois et r\u00e9glementations fran\u00e7aises et celles de son pays incluant, mais non limit\u00e9s, aux chargements informatiques d&rsquo;informations.<\/p>\n<p><strong>INFORMATIONS SUR L&rsquo;USAGE DES COOKIES<\/strong><\/p>\n<p>Notre site internet utilise des cookies. Vous trouverez ci-dessous plus d\u2019informations sur les cookies, la fa\u00e7on dont nous les utilisons et la fa\u00e7on dont vous pouvez en contr\u00f4ler l\u2019usage. En navigant sur ce site, vous acceptez l\u2019utilisation des cookies pour l\u2019usage d\u00e9crit dans cette note d\u2019information. Si vous vous opposez \u00e0 l\u2019utilisation de ces cookies, nous vous demandons de bien vouloir d\u00e9sactiver ces cookies, de fa\u00e7on \u00e0 \u00a0emp\u00eacher leur installation sur votre outil informatique : la fa\u00e7on de proc\u00e9der est d\u00e9crite ci-dessous.<\/p>\n<p><strong>Qu&rsquo;est-ce qu&rsquo;un cookie ?<\/strong><\/p>\n<p>Les cookies sont des fichiers texte qui sont envoy\u00e9s \u00e0 votre outil informatique lorsque vous naviguez sur un site puis stock\u00e9s sur un fichier de votre outil informatique par votre navigateur. Lors de chaque visite, les cookies sont alors renvoy\u00e9s au site visit\u00e9, ou \u00e0 tout autre site qui reconnait ce cookie. Les cookies se comportent comme une \u00ab m\u00e9moire \u00bb pour le site internet, lui permettant de reconna\u00eetre votre outil informatique lorsque vous revenez sur ce site.<\/p>\n<p>Les cookies peuvent par exemple m\u00e9moriser vos pr\u00e9f\u00e9rences, faciliter votre navigation, s\u00e9lectionner les publicit\u00e9s adapt\u00e9es \u00e0 vos centres d\u2019int\u00e9r\u00eat.<\/p>\n<p>Vous trouverez plus d\u2019information sur les cookies en vous reportant au site\u00a0<a href=\"http:\/\/www.cnil.fr\/vos-libertes\/vos-traces\/les-cookies\/\">http:\/\/www.cnil.fr\/vos-libertes\/vos-traces\/les-cookies\/\u00a0<\/a>.<\/p>\n<p><strong>Pourquoi nous utilisons des cookies ?<\/strong><br \/>\nNous utilisons des cookies pour vous fournir une exp\u00e9rience utilisateur optimale et adapt\u00e9e \u00e0 vos pr\u00e9f\u00e9rences personnelles. En utilisant les cookies, nous faisons en sorte que vous n\u2019ayez pas \u00e0 saisir les m\u00eames informations \u00e0 chaque fois que vous visitez notre boutique en ligne. Les cookies sont \u00e9galement utilis\u00e9s pour optimiser la performance du site. \u00c0 titre d\u2019exemple, ils facilitent le processus de commande et vous aident \u00e0 trouver un article sp\u00e9cifique plus rapidement.<\/p>\n<p>Nous avons pris toutes les mesures organisationnelles et techniques pour prot\u00e9ger vos donn\u00e9es personnelles ainsi que d\u2019une \u00e9ventuelle perte d\u2019informations ou de toute forme de traitement illicite.<\/p>\n<p><strong>Comment contr\u00f4ler et supprimer les cookies ?<\/strong><\/p>\n<p>La majorit\u00e9 des navigateurs accepte les cookies mais vous pouvez souvent modifier le param\u00e9trage de votre navigateur pour refuser les nouveaux cookies, d\u00e9sinstaller les cookies existants ou simplement \u00eatre inform\u00e9s lorsque de nouveaux cookies sont envoy\u00e9s vers votre outil informatique.<br \/>\nPour param\u00e9trer votre navigateur afin qu\u2019il refuse les cookies, reportez-vous \u00e0 la notice d\u2019aide de votre navigateur (en g\u00e9n\u00e9ral accessible \u00e0 partir du menu \u201cAide\u201d\u2019, \u201cOutils\u00a0\u00bb ou \u00ab\u00a0Edition\u00a0\u00bb).<\/p>\n<p>Veuillez noter que si vous refusez des cookies ou d\u00e9sinstallez des cookies, certaines fonctionnalit\u00e9s du site peuvent \u00eatre d\u00e9sactiv\u00e9es.<\/p>\n<p>Par ailleurs, d\u00e9sactiver un cookie ne supprime par le cookie de votre navigateur. Vous devrez supprimer vous-m\u00eame le cookie de votre navigateur.<\/p>\n<h3>NOUS CONTACTER<\/h3>\n<h3>CARRX DISTRIBUTION<\/h3>\n<h3>2 rue Saint Honor\u00e9<\/h3>\n<h3>06200 Nice (France)<\/h3>\n<h3>Tel. : 33 (0)9 63 69 04 75<\/h3>\n<h3>du lundi au vendredi de 9h \u00e0 18h<\/h3>\n<h3>Mail : contact@carrx-distribution.com<\/h3>\n<p>[\/vc_column_text][\/vc_column][\/vc_row]<\/p>\n<\/div>","protected":false},"excerpt":{"rendered":"<p>[vc_row][vc_column][vc_column_text] MENTIONS L\u00c9GALES ET RESPONSABILIT\u00c9S Publication du site internet : CarrX Distribution SAS, 2 rue Saint Honor\u00e9, 06200 Nice, France Web: www.carrx-distribution.fr E-Mail\u00a0: contact@carrx-distribution.com T\u00e9l\u00e9phone\u00a0: 33 (0)9.63.69.04.75 G\u00e9rants, repr\u00e9sentants l\u00e9gaux de la soci\u00e9t\u00e9 : Pascal Descarrier, Joseph Mellini, Mariline Mellini N\u00b0 Identifiant ou T.V.A. : FR21878140227 Immatriculation au Registre du commerce et des soci\u00e9t\u00e9s de&hellip;<\/p>\n","protected":false},"author":1,"featured_media":0,"parent":0,"menu_order":0,"comment_status":"closed","ping_status":"closed","template":"","meta":{"footnotes":""},"class_list":["post-6437","page","type-page","status-publish","hentry","description-off"],"yoast_head":"<!-- This site is optimized with the Yoast SEO plugin v24.2 - https:\/\/yoast.com\/wordpress\/plugins\/seo\/ -->\n<title>Mentions l\u00e9gales &#183; CarrX<\/title>\n<meta name=\"robots\" content=\"index, follow, max-snippet:-1, max-image-preview:large, max-video-preview:-1\" \/>\n<link rel=\"canonical\" href=\"https:\/\/carrx-distribution.com\/fr\/mentions-legales\/\" \/>\n<meta property=\"og:locale\" content=\"fr_FR\" \/>\n<meta property=\"og:type\" content=\"article\" \/>\n<meta property=\"og:title\" content=\"Mentions l\u00e9gales &#183; CarrX\" \/>\n<meta property=\"og:description\" content=\"[vc_row][vc_column][vc_column_text] MENTIONS L\u00c9GALES ET RESPONSABILIT\u00c9S Publication du site internet : CarrX Distribution SAS, 2 rue Saint Honor\u00e9, 06200 Nice, France Web: www.carrx-distribution.fr E-Mail\u00a0: contact@carrx-distribution.com T\u00e9l\u00e9phone\u00a0: 33 (0)9.63.69.04.75 G\u00e9rants, repr\u00e9sentants l\u00e9gaux de la soci\u00e9t\u00e9 : Pascal Descarrier, Joseph Mellini, Mariline Mellini N\u00b0 Identifiant ou T.V.A. : FR21878140227 Immatriculation au Registre du commerce et des soci\u00e9t\u00e9s de&hellip;\" \/>\n<meta property=\"og:url\" content=\"https:\/\/carrx-distribution.com\/fr\/mentions-legales\/\" \/>\n<meta property=\"og:site_name\" content=\"CarrX\" \/>\n<meta property=\"article:modified_time\" content=\"2024-02-01T13:37:49+00:00\" \/>\n<meta name=\"twitter:card\" content=\"summary_large_image\" \/>\n<meta name=\"twitter:label1\" content=\"Dur\u00e9e de lecture estim\u00e9e\" \/>\n\t<meta name=\"twitter:data1\" content=\"5 minutes\" \/>\n<script type=\"application\/ld+json\" class=\"yoast-schema-graph\">{\"@context\":\"https:\/\/schema.org\",\"@graph\":[{\"@type\":\"WebPage\",\"@id\":\"https:\/\/carrx-distribution.com\/fr\/mentions-legales\/\",\"url\":\"https:\/\/carrx-distribution.com\/fr\/mentions-legales\/\",\"name\":\"Mentions l\u00e9gales &#183; CarrX\",\"isPartOf\":{\"@id\":\"https:\/\/carrx-distribution.com\/fr\/#website\"},\"datePublished\":\"2020-02-09T17:09:48+00:00\",\"dateModified\":\"2024-02-01T13:37:49+00:00\",\"breadcrumb\":{\"@id\":\"https:\/\/carrx-distribution.com\/fr\/mentions-legales\/#breadcrumb\"},\"inLanguage\":\"fr-FR\",\"potentialAction\":[{\"@type\":\"ReadAction\",\"target\":[\"https:\/\/carrx-distribution.com\/fr\/mentions-legales\/\"]}]},{\"@type\":\"BreadcrumbList\",\"@id\":\"https:\/\/carrx-distribution.com\/fr\/mentions-legales\/#breadcrumb\",\"itemListElement\":[{\"@type\":\"ListItem\",\"position\":1,\"name\":\"Accueil\",\"item\":\"https:\/\/carrx-distribution.com\/fr\/\"},{\"@type\":\"ListItem\",\"position\":2,\"name\":\"Mentions l\u00e9gales\"}]},{\"@type\":\"WebSite\",\"@id\":\"https:\/\/carrx-distribution.com\/fr\/#website\",\"url\":\"https:\/\/carrx-distribution.com\/fr\/\",\"name\":\"CarrX\",\"description\":\"Sp\u00e9cialiste cuir voiture et bateau\",\"potentialAction\":[{\"@type\":\"SearchAction\",\"target\":{\"@type\":\"EntryPoint\",\"urlTemplate\":\"https:\/\/carrx-distribution.com\/fr\/?s={search_term_string}\"},\"query-input\":{\"@type\":\"PropertyValueSpecification\",\"valueRequired\":true,\"valueName\":\"search_term_string\"}}],\"inLanguage\":\"fr-FR\"}]}<\/script>\n<!-- \/ Yoast SEO plugin. -->","yoast_head_json":{"title":"Mentions l\u00e9gales &#183; CarrX","robots":{"index":"index","follow":"follow","max-snippet":"max-snippet:-1","max-image-preview":"max-image-preview:large","max-video-preview":"max-video-preview:-1"},"canonical":"https:\/\/carrx-distribution.com\/fr\/mentions-legales\/","og_locale":"fr_FR","og_type":"article","og_title":"Mentions l\u00e9gales &#183; CarrX","og_description":"[vc_row][vc_column][vc_column_text] MENTIONS L\u00c9GALES ET RESPONSABILIT\u00c9S Publication du site internet : CarrX Distribution SAS, 2 rue Saint Honor\u00e9, 06200 Nice, France Web: www.carrx-distribution.fr E-Mail\u00a0: contact@carrx-distribution.com T\u00e9l\u00e9phone\u00a0: 33 (0)9.63.69.04.75 G\u00e9rants, repr\u00e9sentants l\u00e9gaux de la soci\u00e9t\u00e9 : Pascal Descarrier, Joseph Mellini, Mariline Mellini N\u00b0 Identifiant ou T.V.A. : FR21878140227 Immatriculation au Registre du commerce et des soci\u00e9t\u00e9s de&hellip;","og_url":"https:\/\/carrx-distribution.com\/fr\/mentions-legales\/","og_site_name":"CarrX","article_modified_time":"2024-02-01T13:37:49+00:00","twitter_card":"summary_large_image","twitter_misc":{"Dur\u00e9e de lecture estim\u00e9e":"5 minutes"},"schema":{"@context":"https:\/\/schema.org","@graph":[{"@type":"WebPage","@id":"https:\/\/carrx-distribution.com\/fr\/mentions-legales\/","url":"https:\/\/carrx-distribution.com\/fr\/mentions-legales\/","name":"Mentions l\u00e9gales &#183; CarrX","isPartOf":{"@id":"https:\/\/carrx-distribution.com\/fr\/#website"},"datePublished":"2020-02-09T17:09:48+00:00","dateModified":"2024-02-01T13:37:49+00:00","breadcrumb":{"@id":"https:\/\/carrx-distribution.com\/fr\/mentions-legales\/#breadcrumb"},"inLanguage":"fr-FR","potentialAction":[{"@type":"ReadAction","target":["https:\/\/carrx-distribution.com\/fr\/mentions-legales\/"]}]},{"@type":"BreadcrumbList","@id":"https:\/\/carrx-distribution.com\/fr\/mentions-legales\/#breadcrumb","itemListElement":[{"@type":"ListItem","position":1,"name":"Accueil","item":"https:\/\/carrx-distribution.com\/fr\/"},{"@type":"ListItem","position":2,"name":"Mentions l\u00e9gales"}]},{"@type":"WebSite","@id":"https:\/\/carrx-distribution.com\/fr\/#website","url":"https:\/\/carrx-distribution.com\/fr\/","name":"CarrX","description":"Sp\u00e9cialiste cuir voiture et bateau","potentialAction":[{"@type":"SearchAction","target":{"@type":"EntryPoint","urlTemplate":"https:\/\/carrx-distribution.com\/fr\/?s={search_term_string}"},"query-input":{"@type":"PropertyValueSpecification","valueRequired":true,"valueName":"search_term_string"}}],"inLanguage":"fr-FR"}]}},"_links":{"self":[{"href":"https:\/\/carrx-distribution.com\/fr\/wp-json\/wp\/v2\/pages\/6437","targetHints":{"allow":["GET"]}}],"collection":[{"href":"https:\/\/carrx-distribution.com\/fr\/wp-json\/wp\/v2\/pages"}],"about":[{"href":"https:\/\/carrx-distribution.com\/fr\/wp-json\/wp\/v2\/types\/page"}],"author":[{"embeddable":true,"href":"https:\/\/carrx-distribution.com\/fr\/wp-json\/wp\/v2\/users\/1"}],"replies":[{"embeddable":true,"href":"https:\/\/carrx-distribution.com\/fr\/wp-json\/wp\/v2\/comments?post=6437"}],"version-history":[{"count":7,"href":"https:\/\/carrx-distribution.com\/fr\/wp-json\/wp\/v2\/pages\/6437\/revisions"}],"predecessor-version":[{"id":40875,"href":"https:\/\/carrx-distribution.com\/fr\/wp-json\/wp\/v2\/pages\/6437\/revisions\/40875"}],"wp:attachment":[{"href":"https:\/\/carrx-distribution.com\/fr\/wp-json\/wp\/v2\/media?parent=6437"}],"curies":[{"name":"wp","href":"https:\/\/api.w.org\/{rel}","templated":true}]}}